{"id":5177,"date":"2018-01-24T16:28:34","date_gmt":"2018-01-24T15:28:34","guid":{"rendered":"http:\/\/www.eurodent.it\/pagina-de-inicio\/"},"modified":"2018-02-08T12:49:03","modified_gmt":"2018-02-08T11:49:03","slug":"pagina-de-inicio","status":"publish","type":"page","link":"https:\/\/www.eurodent.it\/es\/","title":{"rendered":"P\u00e1gina de inicio"},"content":{"rendered":"<section class=\"cs-section no-padding\"><div class=\"container-fluid\"><div class=\"row\"><div class=\"col-md-12\"><div class=\"cs-column-inner\">[rev_slider_vc alias=\u00bbhomees\u00bb]<\/div><\/div><\/div><\/div><\/section><section class=\"cs-section custom-padding text-center\" style=\" padding-top: 50px; padding-bottom:50px;\"><div class=\"container\"><div class=\"row\"><div class=\"col-md-6\"><div class=\"cs-column-inner\"><a href=\"https:\/\/www.eurodent.it\/riuniti-odontoiatrici\/\"><img loading=\"lazy\" decoding=\"async\" width=\"578\" height=\"419\" src=\"https:\/\/www.eurodent.it\/wp-content\/uploads\/2015\/02\/01.jpg\" class=\" cs-radius\" alt=\"\" srcset=\"https:\/\/www.eurodent.it\/wp-content\/uploads\/2015\/02\/01.jpg 578w, https:\/\/www.eurodent.it\/wp-content\/uploads\/2015\/02\/01-300x217.jpg 300w\" sizes=\"auto, (max-width: 578px) 100vw, 578px\" \/><\/a><hr class=\"cs-space\" style=\"margin-top:20px\"><div class=\"cs-column-text\"><h4>Equipos dentales<\/h4>\n<\/div><hr class=\"cs-space\" style=\"margin-top:20px\"><div class=\"cs-column-text\"><p style=\"text-align: justify;\">Los equipos dentales de Eurodent tienen el objetivo de proteger tu salud y simplificar el trabajo del equipo odontol\u00f3gico. F\u00e1ciles de manejar y extremadamente intuitivos, son unidades completamente fiables.<\/p>\n<\/div>[cs_raw_html]JTNDYSUyMGNsYXNzJTNEJTIyY3MtYnRuJTIwY3MtYnRuLWZsYXQlMjBjcy1idG4tcm91bmRlZCUyMGNzLWJ0bi14eHMlMjBjcy1idG4tZmxhdC1hY2NlbnQlMjIlMjBocmVmJTNEJTIyaHR0cCUzQSUyRiUyRnd3dy5ldXJvZGVudC5pdCUyRnJpdW5pdGktb2RvbnRvaWF0cmljaSUyRiUyMiUzRU0lQzMlQTFzJTIwaW5mb3JtYWNpJUMzJUIzbiUzQyUyRmElM0U=[\/cs_raw_html]<\/div><\/div><div class=\"col-md-6\"><div class=\"cs-column-inner\"><a href=\"https:\/\/www.eurodent.it\/seggiolini\/\"><img loading=\"lazy\" decoding=\"async\" width=\"578\" height=\"419\" src=\"https:\/\/www.eurodent.it\/wp-content\/uploads\/2015\/02\/02-02.jpg\" class=\" cs-radius\" alt=\"\" srcset=\"https:\/\/www.eurodent.it\/wp-content\/uploads\/2015\/02\/02-02.jpg 578w, https:\/\/www.eurodent.it\/wp-content\/uploads\/2015\/02\/02-02-300x217.jpg 300w\" sizes=\"auto, (max-width: 578px) 100vw, 578px\" \/><\/a><hr class=\"cs-space\" style=\"margin-top:20px\"><div class=\"cs-column-text\"><h4>Sillones<\/h4>\n<\/div><hr class=\"cs-space\" style=\"margin-top:20px\"><div class=\"cs-column-text\"><p style=\"text-align: justify;\">Horas de trabajo sentados en un taburete. Hemos pensado en la comodidad del equipo odontol\u00f3gico porque una postura correcta y una posici\u00f3n de trabajo \u00f3ptima son esenciales para cuidar tu salud y la calidad en el trabajo.<\/p>\n<\/div>[cs_raw_html]JTNDYSUyMGNsYXNzJTNEJTIyY3MtYnRuJTIwY3MtYnRuLWZsYXQlMjBjcy1idG4tcm91bmRlZCUyMGNzLWJ0bi14eHMlMjBjcy1idG4tZmxhdC1hY2NlbnQlMjIlMjBocmVmJTNEJTIyaHR0cCUzQSUyRiUyRnd3dy5ldXJvZGVudC5pdCUyRnNlZ2dpb2xpbmklMkYlMjIlM0VNJUMzJUExcyUyMGluZm9ybWFjaSVDMyVCM24lM0MlMkZhJTNF[\/cs_raw_html]<\/div><\/div><\/div><\/div><\/section><section class=\"cs-section custom-padding\" style=\" background-color: #f5f5f5; padding-top: 40px; padding-bottom:0px;\"><div class=\"container\"><div class=\"row\"><div class=\"col-md-12\"><div class=\"cs-column-inner\"><div class=\"cs-column-text text-center\"><h2 class=\"cs-extra-bold\">LAS NOVEDADES DEL MUNDO EURODENT<\/h2>\n<\/div><hr class=\"cs-space\" style=\"margin-top:40px\"><div class=\"blog-masonry\"><div class=\"isotope-container\"><div class=\"isotope-loading cs-loader\"><\/div><div class=\"isotope-wrapper\"><div class=\"row isotope-blog isotope-loop\" data-layout=\"fitRows\"><article id=\"post-17698\" class=\"isotope-item col-md-4 post-17698 post type-post status-publish format-standard has-post-thumbnail hentry category-news-sp\">\n  <div class=\"blog-masonry-border\">\n\n    <div class=\"entry-image\"><a href=\"https:\/\/www.eurodent.it\/es\/eurodent-en-ids-colonia\/\" class=\"post-thumbnail\"><img loading=\"lazy\" decoding=\"async\" width=\"988\" height=\"696\" src=\"https:\/\/www.eurodent.it\/wp-content\/uploads\/2025\/03\/news-ids-spa.gif\" class=\"attachment-full size-full wp-post-image\" alt=\"\" \/><span class=\"entry-image-overlay\"><\/span><\/a><\/div><!-- entry-image -->\n    <header class=\"entry-header\">\n\n      <h2 class=\"entry-title\"><a href=\"https:\/\/www.eurodent.it\/es\/eurodent-en-ids-colonia\/\" rel=\"bookmark\">Eurodent en IDS Colonia<\/a><\/h2>\n      <div class=\"entry-meta\">\n        <span class=\"entry-date\"><a href=\"https:\/\/www.eurodent.it\/es\/eurodent-en-ids-colonia\/\" rel=\"bookmark\"><time class=\"entry-date\" datetime=\"2025-03-25T17:16:10+01:00\">25 marzo 2025<\/time><\/a><\/span> <span class=\"entry-author-link\"><span class=\"author vcard\"><a class=\"url fn n\" href=\"https:\/\/www.eurodent.it\/es\/author\/mollusco-meb\/\" rel=\"author\">mollusco.MEB<\/a><\/span><\/span><span class=\"entry-love\"><a href=\"#\" class=\"entry-love-it\" data-post-id=\"17698\"><span class=\"love-count\">0<\/span><\/a><\/span>      <\/div>\n\n    <\/header><!-- \/entry-header -->\n\n        <div class=\"entry-summary\"><p>Eurodent no pod\u00eda faltar a la IDS de Colonia, la mayor feria internacional del sector dental. <span class=\"entry-read-more\"><a href=\"https:\/\/www.eurodent.it\/es\/eurodent-en-ids-colonia\/\" class=\"cs-btn cs-btn-flat cs-btn-rounded cs-btn-xxs cs-btn-flat-accent\">Leer m\u00e1s<\/a><\/span><\/p>\n<\/div><!-- \/entry-summary -->\n    \n  <\/div>\n<\/article><!-- \/post-standard --><article id=\"post-17031\" class=\"isotope-item col-md-4 post-17031 post type-post status-publish format-standard has-post-thumbnail hentry category-news-sp\">\n  <div class=\"blog-masonry-border\">\n\n    <div class=\"entry-image\"><a href=\"https:\/\/www.eurodent.it\/es\/eurodent-en-la-adf-de-paris\/\" class=\"post-thumbnail\"><img loading=\"lazy\" decoding=\"async\" width=\"1400\" height=\"986\" src=\"https:\/\/www.eurodent.it\/wp-content\/uploads\/2024\/11\/eurodent-en-la-adf-de-paris.gif\" class=\"attachment-full size-full wp-post-image\" alt=\"\" \/><span class=\"entry-image-overlay\"><\/span><\/a><\/div><!-- entry-image -->\n    <header class=\"entry-header\">\n\n      <h2 class=\"entry-title\"><a href=\"https:\/\/www.eurodent.it\/es\/eurodent-en-la-adf-de-paris\/\" rel=\"bookmark\">Eurodent en la ADF de Par\u00eds<\/a><\/h2>\n      <div class=\"entry-meta\">\n        <span class=\"entry-date\"><a href=\"https:\/\/www.eurodent.it\/es\/eurodent-en-la-adf-de-paris\/\" rel=\"bookmark\"><time class=\"entry-date\" datetime=\"2024-11-06T17:00:05+01:00\">6 noviembre 2024<\/time><\/a><\/span> <span class=\"entry-author-link\"><span class=\"author vcard\"><a class=\"url fn n\" href=\"https:\/\/www.eurodent.it\/es\/author\/mollusco-meb\/\" rel=\"author\">mollusco.MEB<\/a><\/span><\/span><span class=\"entry-love\"><a href=\"#\" class=\"entry-love-it\" data-post-id=\"17031\"><span class=\"love-count\">0<\/span><\/a><\/span>      <\/div>\n\n    <\/header><!-- \/entry-header -->\n\n        <div class=\"entry-summary\"><p>Todo \u00abMade in Italy by Eurodent\u00bb expuesto en el Congreso Internacional ADF en Par\u00eds.<span class=\"entry-read-more\"><a href=\"https:\/\/www.eurodent.it\/es\/eurodent-en-la-adf-de-paris\/\" class=\"cs-btn cs-btn-flat cs-btn-rounded cs-btn-xxs cs-btn-flat-accent\">Leer m\u00e1s<\/a><\/span><\/p>\n<\/div><!-- \/entry-summary -->\n    \n  <\/div>\n<\/article><!-- \/post-standard --><article id=\"post-16208\" class=\"isotope-item col-md-4 post-16208 post type-post status-publish format-standard has-post-thumbnail hentry category-news-sp\">\n  <div class=\"blog-masonry-border\">\n\n    <div class=\"entry-image\"><a href=\"https:\/\/www.eurodent.it\/es\/eurodent-en-el-expodental-de-rimini\/\" class=\"post-thumbnail\"><img loading=\"lazy\" decoding=\"async\" width=\"988\" height=\"696\" src=\"https:\/\/www.eurodent.it\/wp-content\/uploads\/2024\/03\/news-expo-2024-es.jpg\" class=\"attachment-full size-full wp-post-image\" alt=\"\" srcset=\"https:\/\/www.eurodent.it\/wp-content\/uploads\/2024\/03\/news-expo-2024-es.jpg 988w, https:\/\/www.eurodent.it\/wp-content\/uploads\/2024\/03\/news-expo-2024-es-300x211.jpg 300w, https:\/\/www.eurodent.it\/wp-content\/uploads\/2024\/03\/news-expo-2024-es-768x541.jpg 768w\" sizes=\"auto, (max-width: 988px) 100vw, 988px\" \/><span class=\"entry-image-overlay\"><\/span><\/a><\/div><!-- entry-image -->\n    <header class=\"entry-header\">\n\n      <h2 class=\"entry-title\"><a href=\"https:\/\/www.eurodent.it\/es\/eurodent-en-el-expodental-de-rimini\/\" rel=\"bookmark\">Eurodent en el Expodental de R\u00edmini<\/a><\/h2>\n      <div class=\"entry-meta\">\n        <span class=\"entry-date\"><a href=\"https:\/\/www.eurodent.it\/es\/eurodent-en-el-expodental-de-rimini\/\" rel=\"bookmark\"><time class=\"entry-date\" datetime=\"2024-03-20T14:18:14+01:00\">20 marzo 2024<\/time><\/a><\/span> <span class=\"entry-author-link\"><span class=\"author vcard\"><a class=\"url fn n\" href=\"https:\/\/www.eurodent.it\/es\/author\/mollusco-meb\/\" rel=\"author\">mollusco.MEB<\/a><\/span><\/span><span class=\"entry-love\"><a href=\"#\" class=\"entry-love-it\" data-post-id=\"16208\"><span class=\"love-count\">0<\/span><\/a><\/span>      <\/div>\n\n    <\/header><!-- \/entry-header -->\n\n        <div class=\"entry-summary\"><p>Expodental Meeting es la cita ineludible del sector odontol\u00f3gico. Del 16 al 18 de mayo de 2024 estaremos en Rimini con todas las novedades y muchas propuestas comerciales.<span class=\"entry-read-more\"><a href=\"https:\/\/www.eurodent.it\/es\/eurodent-en-el-expodental-de-rimini\/\" class=\"cs-btn cs-btn-flat cs-btn-rounded cs-btn-xxs cs-btn-flat-accent\">Leer m\u00e1s<\/a><\/span><\/p>\n<\/div><!-- \/entry-summary -->\n    \n  <\/div>\n<\/article><!-- \/post-standard --><\/div><!-- isotope-blog --><\/div><!-- isotope-wrapper --><\/div><!-- isotope-container --><\/div><hr class=\"cs-space\" style=\"margin-top:40px\"><\/div><\/div><\/div><\/div><\/section>\n","protected":false},"excerpt":{"rendered":"<p><span class=\"entry-read-more\"><a href=\"https:\/\/www.eurodent.it\/es\/eurodent-en-el-expodental-de-rimini\/\" class=\"cs-btn cs-btn-flat cs-btn-rounded cs-btn-xxs cs-btn-flat-accent\">Leer m\u00e1s<\/a><\/span><\/p>\n","protected":false},"author":1,"featured_media":0,"parent":0,"menu_order":0,"comment_status":"closed","ping_status":"closed","template":"","meta":{"footnotes":""},"class_list":["post-5177","page","type-page","status-publish","hentry"],"yoast_head":"<!-- This site is optimized with the Yoast SEO plugin v23.9 - https:\/\/yoast.com\/wordpress\/plugins\/seo\/ -->\n<title>P\u00e1gina de inicio - Eurodent - Treat Yourself! - Dental Equipment<\/title>\n<meta name=\"description\" content=\"Los equipos dentales de Eurodent tienen el objetivo de proteger tu salud y simplificar el trabajo del equipo odontol\u00f3gico.\" \/>\n<meta name=\"robots\" content=\"index, follow, max-snippet:-1, max-image-preview:large, max-video-preview:-1\" \/>\n<link rel=\"canonical\" href=\"https:\/\/www.eurodent.it\/es\/\" \/>\n<meta property=\"og:locale\" content=\"es_ES\" \/>\n<meta property=\"og:type\" content=\"article\" \/>\n<meta property=\"og:title\" content=\"P\u00e1gina de inicio - Eurodent - Treat Yourself! - Dental Equipment\" \/>\n<meta property=\"og:description\" content=\"Los equipos dentales de Eurodent tienen el objetivo de proteger tu salud y simplificar el trabajo del equipo odontol\u00f3gico.\" \/>\n<meta property=\"og:url\" content=\"https:\/\/www.eurodent.it\/es\/\" \/>\n<meta property=\"og:site_name\" content=\"Eurodent - Treat Yourself! - Dental Equipment\" \/>\n<meta property=\"article:modified_time\" content=\"2018-02-08T11:49:03+00:00\" \/>\n<meta name=\"twitter:card\" content=\"summary_large_image\" \/>\n<meta name=\"twitter:label1\" content=\"Tiempo de lectura\" \/>\n\t<meta name=\"twitter:data1\" content=\"1 minuto\" \/>\n<script type=\"application\/ld+json\" class=\"yoast-schema-graph\">{\"@context\":\"https:\/\/schema.org\",\"@graph\":[{\"@type\":\"WebPage\",\"@id\":\"https:\/\/www.eurodent.it\/es\/\",\"url\":\"https:\/\/www.eurodent.it\/es\/\",\"name\":\"P\u00e1gina de inicio - Eurodent - Treat Yourself! - Dental Equipment\",\"isPartOf\":{\"@id\":\"https:\/\/www.eurodent.it\/es\/#website\"},\"datePublished\":\"2018-01-24T15:28:34+00:00\",\"dateModified\":\"2018-02-08T11:49:03+00:00\",\"description\":\"Los equipos dentales de Eurodent tienen el objetivo de proteger tu salud y simplificar el trabajo del equipo odontol\u00f3gico.\",\"breadcrumb\":{\"@id\":\"https:\/\/www.eurodent.it\/es\/#breadcrumb\"},\"inLanguage\":\"es\",\"potentialAction\":[{\"@type\":\"ReadAction\",\"target\":[\"https:\/\/www.eurodent.it\/es\/\"]}]},{\"@type\":\"BreadcrumbList\",\"@id\":\"https:\/\/www.eurodent.it\/es\/#breadcrumb\",\"itemListElement\":[{\"@type\":\"ListItem\",\"position\":1,\"name\":\"Home\",\"item\":\"https:\/\/www.eurodent.it\/es\/\"},{\"@type\":\"ListItem\",\"position\":2,\"name\":\"P\u00e1gina de inicio\"}]},{\"@type\":\"WebSite\",\"@id\":\"https:\/\/www.eurodent.it\/es\/#website\",\"url\":\"https:\/\/www.eurodent.it\/es\/\",\"name\":\"Eurodent - Treat Yourself! - Dental Equipment\",\"description\":\"\",\"publisher\":{\"@id\":\"https:\/\/www.eurodent.it\/es\/#organization\"},\"potentialAction\":[{\"@type\":\"SearchAction\",\"target\":{\"@type\":\"EntryPoint\",\"urlTemplate\":\"https:\/\/www.eurodent.it\/es\/?s={search_term_string}\"},\"query-input\":{\"@type\":\"PropertyValueSpecification\",\"valueRequired\":true,\"valueName\":\"search_term_string\"}}],\"inLanguage\":\"es\"},{\"@type\":\"Organization\",\"@id\":\"https:\/\/www.eurodent.it\/es\/#organization\",\"name\":\"Eurodent\",\"url\":\"https:\/\/www.eurodent.it\/es\/\",\"logo\":{\"@type\":\"ImageObject\",\"inLanguage\":\"es\",\"@id\":\"https:\/\/www.eurodent.it\/es\/#\/schema\/logo\/image\/\",\"url\":\"https:\/\/www.eurodent.it\/wp-content\/uploads\/2015\/02\/logo.png\",\"contentUrl\":\"https:\/\/www.eurodent.it\/wp-content\/uploads\/2015\/02\/logo.png\",\"width\":270,\"height\":60,\"caption\":\"Eurodent\"},\"image\":{\"@id\":\"https:\/\/www.eurodent.it\/es\/#\/schema\/logo\/image\/\"}}]}<\/script>\n<!-- \/ Yoast SEO plugin. -->","yoast_head_json":{"title":"P\u00e1gina de inicio - Eurodent - Treat Yourself! - Dental Equipment","description":"Los equipos dentales de Eurodent tienen el objetivo de proteger tu salud y simplificar el trabajo del equipo odontol\u00f3gico.","robots":{"index":"index","follow":"follow","max-snippet":"max-snippet:-1","max-image-preview":"max-image-preview:large","max-video-preview":"max-video-preview:-1"},"canonical":"https:\/\/www.eurodent.it\/es\/","og_locale":"es_ES","og_type":"article","og_title":"P\u00e1gina de inicio - Eurodent - Treat Yourself! - Dental Equipment","og_description":"Los equipos dentales de Eurodent tienen el objetivo de proteger tu salud y simplificar el trabajo del equipo odontol\u00f3gico.","og_url":"https:\/\/www.eurodent.it\/es\/","og_site_name":"Eurodent - Treat Yourself! - Dental Equipment","article_modified_time":"2018-02-08T11:49:03+00:00","twitter_card":"summary_large_image","twitter_misc":{"Tiempo de lectura":"1 minuto"},"schema":{"@context":"https:\/\/schema.org","@graph":[{"@type":"WebPage","@id":"https:\/\/www.eurodent.it\/es\/","url":"https:\/\/www.eurodent.it\/es\/","name":"P\u00e1gina de inicio - Eurodent - Treat Yourself! - Dental Equipment","isPartOf":{"@id":"https:\/\/www.eurodent.it\/es\/#website"},"datePublished":"2018-01-24T15:28:34+00:00","dateModified":"2018-02-08T11:49:03+00:00","description":"Los equipos dentales de Eurodent tienen el objetivo de proteger tu salud y simplificar el trabajo del equipo odontol\u00f3gico.","breadcrumb":{"@id":"https:\/\/www.eurodent.it\/es\/#breadcrumb"},"inLanguage":"es","potentialAction":[{"@type":"ReadAction","target":["https:\/\/www.eurodent.it\/es\/"]}]},{"@type":"BreadcrumbList","@id":"https:\/\/www.eurodent.it\/es\/#breadcrumb","itemListElement":[{"@type":"ListItem","position":1,"name":"Home","item":"https:\/\/www.eurodent.it\/es\/"},{"@type":"ListItem","position":2,"name":"P\u00e1gina de inicio"}]},{"@type":"WebSite","@id":"https:\/\/www.eurodent.it\/es\/#website","url":"https:\/\/www.eurodent.it\/es\/","name":"Eurodent - Treat Yourself! - Dental Equipment","description":"","publisher":{"@id":"https:\/\/www.eurodent.it\/es\/#organization"},"potentialAction":[{"@type":"SearchAction","target":{"@type":"EntryPoint","urlTemplate":"https:\/\/www.eurodent.it\/es\/?s={search_term_string}"},"query-input":{"@type":"PropertyValueSpecification","valueRequired":true,"valueName":"search_term_string"}}],"inLanguage":"es"},{"@type":"Organization","@id":"https:\/\/www.eurodent.it\/es\/#organization","name":"Eurodent","url":"https:\/\/www.eurodent.it\/es\/","logo":{"@type":"ImageObject","inLanguage":"es","@id":"https:\/\/www.eurodent.it\/es\/#\/schema\/logo\/image\/","url":"https:\/\/www.eurodent.it\/wp-content\/uploads\/2015\/02\/logo.png","contentUrl":"https:\/\/www.eurodent.it\/wp-content\/uploads\/2015\/02\/logo.png","width":270,"height":60,"caption":"Eurodent"},"image":{"@id":"https:\/\/www.eurodent.it\/es\/#\/schema\/logo\/image\/"}}]}},"_links":{"self":[{"href":"https:\/\/www.eurodent.it\/es\/wp-json\/wp\/v2\/pages\/5177","targetHints":{"allow":["GET"]}}],"collection":[{"href":"https:\/\/www.eurodent.it\/es\/wp-json\/wp\/v2\/pages"}],"about":[{"href":"https:\/\/www.eurodent.it\/es\/wp-json\/wp\/v2\/types\/page"}],"author":[{"embeddable":true,"href":"https:\/\/www.eurodent.it\/es\/wp-json\/wp\/v2\/users\/1"}],"replies":[{"embeddable":true,"href":"https:\/\/www.eurodent.it\/es\/wp-json\/wp\/v2\/comments?post=5177"}],"version-history":[{"count":0,"href":"https:\/\/www.eurodent.it\/es\/wp-json\/wp\/v2\/pages\/5177\/revisions"}],"wp:attachment":[{"href":"https:\/\/www.eurodent.it\/es\/wp-json\/wp\/v2\/media?parent=5177"}],"curies":[{"name":"wp","href":"https:\/\/api.w.org\/{rel}","templated":true}]}}