{"id":5244,"date":"2018-01-24T18:07:04","date_gmt":"2018-01-24T17:07:04","guid":{"rendered":"http:\/\/www.eurodent.it\/equipos-dentales\/las-vantajas\/igiene\/"},"modified":"2018-01-30T15:15:18","modified_gmt":"2018-01-30T14:15:18","slug":"igiene","status":"publish","type":"page","link":"https:\/\/www.eurodent.it\/es\/equipos-dentales\/las-vantajas\/igiene\/","title":{"rendered":"Higiene"},"content":{"rendered":"<section class=\"cs-section custom-padding\" style=\" padding-top: 30px; padding-bottom:30px;\"><div class=\"container\"><div class=\"row\"><div class=\"col-md-3\"><div class=\"cs-column-inner\"><aside id=\"sidebar\"><div class=\"route_widget widget_nav_menu\"><div class=\"menu-riuniti-odontoiatrici-i-plus-es-container\"><ul id=\"menu-riuniti-odontoiatrici-i-plus-es\" class=\"menu\"><li id=\"menu-item-5544\" class=\"menu-item menu-item-type-post_type menu-item-object-page menu-item-has-children menu-item-5544\"><a href=\"https:\/\/www.eurodent.it\/es\/equipos-dentales\/\">Equipos Dentales<\/a>\n<ul class=\"sub-menu\">\n\t<li id=\"menu-item-5545\" class=\"menu-item menu-item-type-post_type menu-item-object-page menu-item-5545\"><a href=\"https:\/\/www.eurodent.it\/es\/equipos-dentales\/las-vantajas\/\">Las Ventajas<\/a><\/li>\n\t<li id=\"menu-item-5551\" class=\"menu-item menu-item-type-post_type menu-item-object-page menu-item-5551\"><a href=\"https:\/\/www.eurodent.it\/es\/equipos-dentales\/riunito-isoplus\/\">Equipo Isoplus<\/a><\/li>\n\t<li id=\"menu-item-5553\" class=\"menu-item menu-item-type-post_type menu-item-object-page menu-item-5553\"><a href=\"https:\/\/www.eurodent.it\/es\/equipos-dentales\/lampade\/\">L\u00e1mparas<\/a><\/li>\n\t<li id=\"menu-item-5554\" class=\"menu-item menu-item-type-post_type menu-item-object-page menu-item-5554\"><a href=\"https:\/\/www.eurodent.it\/es\/equipos-dentales\/comando-a-pedale\/\">Mando de pedal<\/a><\/li>\n\t<li id=\"menu-item-5552\" class=\"menu-item menu-item-type-post_type menu-item-object-page menu-item-5552\"><a href=\"https:\/\/www.eurodent.it\/es\/equipos-dentales\/strumentazione\/\">Instrumentos<\/a><\/li>\n\t<li id=\"menu-item-5550\" class=\"menu-item menu-item-type-post_type menu-item-object-page menu-item-5550\"><a href=\"https:\/\/www.eurodent.it\/es\/equipos-dentales\/accessori-per-riunito\/\">Accesorios para los equipos<\/a><\/li>\n<\/ul>\n<\/li>\n<li id=\"menu-item-5555\" class=\"menu-item menu-item-type-post_type menu-item-object-page menu-item-5555\"><a href=\"https:\/\/www.eurodent.it\/es\/seggiolini\/\">Asientos<\/a><\/li>\n<\/ul><\/div><div class=\"clear\"><\/div><\/div><\/aside><aside id=\"sidebar\"><div class=\"route_widget widget_text\">\t\t\t<div class=\"textwidget\"><div class=\"cs-btn-align text-left cs-btn-block\" style=\"margin-bottom:30px;\">\n\t<a class=\"cs-btn cs-btn-flat cs-btn-square cs-btn-flat-accent cs-btn-sm cs-btn-no-bold cs-btn-block btnDownload \" href=\"#\"><i class=\"cs-in fa fa-download\"><\/i>Descargar<\/a>\n<\/div>\n<ul style=\"margin-left: 40px;\" class=\"cs-icon-list\">\n<li><i class=\"cs-in fa fa-file-pdf-o\"><\/i><a target=\"_blank\" href=\"\/wp-content\/uploads\/2024\/03\/promozione-2024-es.pdf\">Promotion 2024<\/a><\/li>\n<li><i class=\"cs-in fa fa-file-pdf-o\"><\/i><a target=\"_blank\" href=\"\/wp-content\/uploads\/2018\/02\/absolute.pdf\">Cat\u00e1logo Absolute<\/a><\/li>\n<li><i class=\"cs-in fa fa-file-pdf-o\"><\/i><a target=\"_blank\" href=\"\/wp-content\/uploads\/2019\/03\/catalogo-isotron.pdf\">Cat\u00e1logo Isotron<\/a><\/li>\n<li><i class=\"cs-in fa fa-file-pdf-o\"><\/i><a target=\"_blank\" href=\"\/wp-content\/uploads\/2015\/02\/catalogo-isoplus.pdf\">Cat\u00e1logo Isoplus<\/a><\/li>\n<li><i class=\"cs-in fa fa-file-pdf-o\"><\/i><a target=\"_blank\" href=\"\/https:\/\/www.eurodent.it\/wp-content\/uploads\/2021\/08\/isoflex.pdf\">Cat\u00e1logo Isoflex<\/a><\/li>\n<li><i class=\"cs-in fa fa-file-pdf-o\"><\/i><a target=\"_blank\" href=\"\/wp-content\/uploads\/2024\/11\/supreme-spa.pdf\">Cat\u00e1logo Supreme<\/a><\/li>\n<li><i class=\"cs-in fa fa-file-pdf-o\"><\/i><a target=\"_blank\" href=\"https:\/\/www.eurodent.it\/\/wp-content\/uploads\/2024\/09\/catalogo-eos.pdf\">Cat\u00e1logo EOS<\/a><\/li>\n<li><i class=\"cs-in fa fa-file-pdf-o\"><\/i><a target=\"_blank\" href=\"\/wp-content\/uploads\/2025\/03\/journal-es.pdf\">Cat\u00e1logo Journal<\/a><\/li>\n<li><i class=\"cs-in fa fa-file-pdf-o\"><\/i><a target=\"_blank\" href=\"https:\/\/www.eurodent.it\/wp-content\/uploads\/2023\/03\/vision.pdf\">Cat\u00e1logo Vision<\/a><\/li>\n<\/ul><\/div>\n\t\t<div class=\"clear\"><\/div><\/div><\/aside><hr class=\"cs-space\" style=\"margin-top:40px\"><div class=\"cs-toggle\"><h6 class=\"cs-toggle-title\"><i class=\"cs-in fa cs-anim-icon\"><\/i>SOLICITAR INFORMACI\u00d3N<\/h6><div class=\"cs-toggle-content\">\n<div class=\"wpcf7 no-js\" id=\"wpcf7-f5336-o1\" lang=\"it-IT\" dir=\"ltr\" data-wpcf7-id=\"5336\">\n<div class=\"screen-reader-response\"><p role=\"status\" aria-live=\"polite\" aria-atomic=\"true\"><\/p> <ul><\/ul><\/div>\n<form action=\"\/es\/wp-json\/wp\/v2\/pages\/5244#wpcf7-f5336-o1\" method=\"post\" class=\"wpcf7-form init\" aria-label=\"Modulo di contatto\" novalidate=\"novalidate\" data-status=\"init\">\n<div style=\"display: none;\">\n<input type=\"hidden\" name=\"_wpcf7\" value=\"5336\" \/>\n<input type=\"hidden\" name=\"_wpcf7_version\" value=\"6.0.1\" \/>\n<input type=\"hidden\" name=\"_wpcf7_locale\" value=\"it_IT\" \/>\n<input type=\"hidden\" name=\"_wpcf7_unit_tag\" value=\"wpcf7-f5336-o1\" \/>\n<input type=\"hidden\" name=\"_wpcf7_container_post\" value=\"0\" \/>\n<input type=\"hidden\" name=\"_wpcf7_posted_data_hash\" value=\"\" \/>\n<input type=\"hidden\" name=\"_wpcf7_recaptcha_response\" value=\"\" \/>\n<\/div>\n<p><span class=\"wpcf7-form-control-wrap\" data-name=\"nome\"><input size=\"40\" maxlength=\"400\" class=\"wpcf7-form-control wpcf7-text wpcf7-validates-as-required\" aria-required=\"true\" aria-invalid=\"false\" placeholder=\"Nombre*\" value=\"\" type=\"text\" name=\"nome\" \/><\/span>\n<\/p>\n<p><span class=\"wpcf7-form-control-wrap\" data-name=\"cognome\"><input size=\"40\" maxlength=\"400\" class=\"wpcf7-form-control wpcf7-text wpcf7-validates-as-required\" aria-required=\"true\" aria-invalid=\"false\" placeholder=\"Apellido*\" value=\"\" type=\"text\" name=\"cognome\" \/><\/span>\n<\/p>\n<p><span class=\"wpcf7-form-control-wrap\" data-name=\"professione\"><input size=\"40\" maxlength=\"400\" class=\"wpcf7-form-control wpcf7-text wpcf7-validates-as-required\" aria-required=\"true\" aria-invalid=\"false\" placeholder=\"Profesi\u00f3n*\" value=\"\" type=\"text\" name=\"professione\" \/><\/span>\n<\/p>\n<p><span class=\"wpcf7-form-control-wrap\" data-name=\"telefono\"><input size=\"40\" maxlength=\"400\" class=\"wpcf7-form-control wpcf7-tel wpcf7-validates-as-required wpcf7-text wpcf7-validates-as-tel\" aria-required=\"true\" aria-invalid=\"false\" placeholder=\"Tel\u00e9fono*\" value=\"\" type=\"tel\" name=\"telefono\" \/><\/span>\n<\/p>\n<p><span class=\"wpcf7-form-control-wrap\" data-name=\"email\"><input size=\"40\" maxlength=\"400\" class=\"wpcf7-form-control wpcf7-email wpcf7-validates-as-required wpcf7-text wpcf7-validates-as-email\" aria-required=\"true\" aria-invalid=\"false\" placeholder=\"E-mail*\" value=\"\" type=\"email\" name=\"email\" \/><\/span>\n<\/p>\n<p><span class=\"wpcf7-form-control-wrap\" data-name=\"citta\"><input size=\"40\" maxlength=\"400\" class=\"wpcf7-form-control wpcf7-text wpcf7-validates-as-required\" aria-required=\"true\" aria-invalid=\"false\" placeholder=\"Localidad*\" value=\"\" type=\"text\" name=\"citta\" \/><\/span>\n<\/p>\n<p><span class=\"wpcf7-form-control-wrap\" data-name=\"stato\"><input size=\"40\" maxlength=\"400\" class=\"wpcf7-form-control wpcf7-text wpcf7-validates-as-required\" aria-required=\"true\" aria-invalid=\"false\" placeholder=\"Estado*\" value=\"\" type=\"text\" name=\"stato\" \/><\/span>\n<\/p>\n<p><span class=\"wpcf7-form-control-wrap\" data-name=\"messaggio\"><textarea cols=\"40\" rows=\"10\" maxlength=\"2000\" class=\"wpcf7-form-control wpcf7-textarea\" aria-invalid=\"false\" placeholder=\"Tu mensaje\" name=\"messaggio\"><\/textarea><\/span>\n<\/p>\n<p><a href=\"https:\/\/www.eurodent.it\/es\/politica-de-privacidad\/\"    target=\"_blank\">Informativa sobre el tratamiento de los datos personales<\/a>\n<\/p>\n<p><label><span class=\"wpcf7-form-control-wrap\" data-name=\"job-privacy\"><span class=\"wpcf7-form-control wpcf7-acceptance\"><span class=\"wpcf7-list-item\"><input type=\"checkbox\" name=\"job-privacy\" value=\"1\" aria-invalid=\"false\" \/><\/span><\/span><\/span> Acepto<\/label>\n<\/p>\n<p><input class=\"cs-btn cs-btn-flat cs-btn-rounded cs-btn-sm cs-btn-flat-accent wpcf7-form-control wpcf7-submit\" type=\"submit\" value=\"Enviar\" \/>\n<\/p><input type='hidden' class='wpcf7-pum' value='{\"closepopup\":false,\"closedelay\":0,\"openpopup\":false,\"openpopup_id\":0}' \/><div class=\"wpcf7-response-output\" aria-hidden=\"true\"><\/div>\n<\/form>\n<\/div>\n\n<\/div><\/div><\/div><\/div><div class=\"col-md-9\" style=\"padding-top:20px;\"><div class=\"cs-column-inner\"><section class=\"cs-section\"><div class=\"container\"><div class=\"row\"><div class=\"col-md-12\"><div class=\"cs-column-inner\"><div class=\"cs-column-text\"><h2>Higiene m\u00e1xima con Eurodent<\/h2>\n<\/div><img loading=\"lazy\" decoding=\"async\" width=\"1000\" height=\"400\" src=\"https:\/\/www.eurodent.it\/wp-content\/uploads\/2015\/02\/igiene1.jpg\" class=\"attachment-full size-full\" alt=\"\" srcset=\"https:\/\/www.eurodent.it\/wp-content\/uploads\/2015\/02\/igiene1.jpg 1000w, https:\/\/www.eurodent.it\/wp-content\/uploads\/2015\/02\/igiene1-300x120.jpg 300w\" sizes=\"auto, (max-width: 1000px) 100vw, 1000px\" \/><hr class=\"cs-space\" style=\"margin-top:20px\"><div class=\"cs-column-text\"><h4>Sistema de filtraci\u00f3n micromolecular<\/h4>\n<p>Es un dispositivo que esteriliza el agua de tu equipo y lo protege de las impurezas de las tuber\u00edas. Elimina totalmente las cargas bacterianas en el agua de la red, bloquea todas las micropart\u00edculas superiores a 0,05 micras y elimina los residuos org\u00e1nicos y el cloro del agua. Un dispositivo fundamental para proteger al paciente, al equipo dental y todos los instrumentos del equipo.<\/p>\n<\/div><div class=\"cs-toggle\" style=\"border-color:#ffffff;\"><h6 class=\"cs-toggle-title\"><i class=\"cs-in fa cs-anim-icon\"><\/i>M\u00e1s informaci\u00f3n<\/h6><div class=\"cs-toggle-content\"><h4 style=\"color: #c188bb;\">Filtro LGB<\/h4>\n<h5 style=\"margin-bottom: 20px;\">Sistema de filtraci\u00f3n micromolecular para esterilizar el agua del equipo dental.<\/h5>\n<div class=\"row\">\n<div class=\"col-md-4\"><img loading=\"lazy\" decoding=\"async\" class=\"attachment-full\" src=\"\/wp-content\/uploads\/2015\/02\/filtro-lgb.jpg\" alt=\"\" width=\"400\" height=\"300\" \/><\/div>\n<div class=\"col-md-8\">\n<div class=\"cs-column-text\">\n<h4 style=\"color: #c188bb;\">\u00bfQu\u00e9 es el filtro LGB Swipure?<\/h4>\n<p>Es un dispositivo que esteriliza el agua de tu equipo y lo protege de las impurezas de las tuber\u00edas. A menudo, los dentistas y los pacientes est\u00e1n expuestos a riesgos de infecciones cruzadas. En efecto, en el agua de la red que alimenta el circuito h\u00eddrico del equipo hay microorganismos que, con el tiempo, se adhieren a las paredes de los conductos creando una biopel\u00edcula; de esta forma, el agua de salida se contamina con altas densidades de microorganismos, principalmente bacterias gramnegativas, como Pseudomonas aeruginosa (en especial la legionela) y otros pat\u00f3genos como Staphylococcus aureus.<\/p>\n<\/div>\n<\/div>\n<\/div>\n<div style=\"clear: both; height: 30px;\"><\/div>\n<h4 style=\"color: #c188bb;\">\u00bfQu\u00e9 hace el filtro Swipure?<\/h4>\n<ul>\n<li>Elimina totalmente las cargas bacterianas en el agua de la red que alimenta el circuito h\u00eddrico del equipo. El filtro LGB Swipure est\u00e1 certificado por la Universit\u00e0 degli studi di Parma que ha efectuado pruebas con suspensiones bacterianas y virales (por ejemplo: Staphylococcus aureus, Escherichia coli y Enterovirus).<\/li>\n<li>Bloqueo total de todas las micropart\u00edculas superiores a 0,05 micras presentes en el agua de red que alimenta el circuito h\u00eddrico del equipo al mismo tiempo que protege el micromotor, la turbina y las electrov\u00e1lvulas de posibles obstrucciones. La filtraci\u00f3n LGB Swipure est\u00e1 certificada NSF.<\/li>\n<li>Gracias al carb\u00f3n activo vegetal presente en el filtro LGB Swipure, se eliminan totalmente los residuos org\u00e1nicos y el cloro del agua, evitando de esta forma malos sabores y olores desagradables.<\/li>\n<li>Un dispositivo fundamental para proteger al paciente, al equipo dental y todos los instrumentos del equipo.<\/li>\n<\/ul>\n<h4 style=\"color: #c188bb;\">Caracter\u00edsticas:<\/h4>\n<ul>\n<li>Completamente hecho en Italia.<\/li>\n<li>Certificado Universit\u00e0 degli studi di Parma: retenci\u00f3n de todos los microorganismos.<\/li>\n<li>Certificado NSF: retenci\u00f3n de todas las micropart\u00edculas superiores a 0,05 micras.<\/li>\n<li>Protecci\u00f3n instant\u00e1nea; es eficaz en cuanto se instala, no contiene agentes qu\u00edmicos y no libera nada en el agua.<\/li>\n<\/ul>\n<\/div><\/div><\/div><\/div><\/div><\/div><\/section><div class=\"cs-divider-icon text-center custom-margin\" style=\"margin-top:0pxpx;margin-bottom:10pxpx;\"><div class=\"cs-divider-icon-inner\" style=\"color:#c188bb;border-top-color:#c188bb;\"><i class=\"cs-in fa fa-chevron-down\"><\/i><br \/>\n<\/div><\/div><div class=\"cs-column-text\"><h4>Safe Air System<\/h4>\n<p>Adem\u00e1s del dispositivo antirretracci\u00f3n de los l\u00edquidos, el SAS emite un flujo de aire cuando se terminan de usar los instrumentos rotativos para alejar los residuos l\u00edquidos y s\u00f3lidos de los mismos. Adem\u00e1s, el aire de retorno de los instrumentos rotativos vuelve al ambiente a trav\u00e9s de un filtro HEPA (High Efficiency Particulate Air) que garantiza una reducci\u00f3n del nivel de contaminaci\u00f3n.<\/p>\n<\/div><div class=\"cs-divider-icon text-center custom-margin\" style=\"margin-top:10pxpx;margin-bottom:10pxpx;\"><div class=\"cs-divider-icon-inner\" style=\"color:#c188bb;border-top-color:#c188bb;\"><i class=\"cs-in fa fa-chevron-down\"><\/i><br \/>\n<\/div><\/div><div class=\"cs-column-text\"><h4>Safespray<\/h4>\n<p>Est\u00e1 compuesto por un contenedor presurizado que permite usar agua destilada (con la opci\u00f3n de poder a\u00f1adirle sustancias higienizantes) para los sprays de todos los instrumentos de la bandeja m\u00e9dica y de la jeringa del asistente. Safespray es un sistema que contrarresta eficazmente los riesgos de contaminaci\u00f3n ofreciendo un lugar de trabajo seguro y con un alto nivel de fiabilidad higi\u00e9nica.<\/p>\n<\/div><div class=\"cs-divider-icon text-center custom-margin\" style=\"margin-top:10pxpx;margin-bottom:10pxpx;\"><div class=\"cs-divider-icon-inner\" style=\"color:#c188bb;border-top-color:#c188bb;\"><i class=\"cs-in fa fa-chevron-down\"><\/i><br \/>\n<\/div><\/div><div class=\"cs-column-text\"><h4>Separador de Amalgama<\/h4>\n<p>Separa y recupera la amalgama. Con este sistema, caracterizado por dos fases, se obtiene una potencia de separaci\u00f3n muy elevada, con un porcentaje de amalgama retenida de un 98 %.<\/p>\n<\/div><div class=\"cs-divider-icon text-center custom-margin\" style=\"margin-top:10pxpx;margin-bottom:10pxpx;\"><div class=\"cs-divider-icon-inner\" style=\"color:#c188bb;border-top-color:#c188bb;\"><i class=\"cs-in fa fa-chevron-down\"><\/i><br \/>\n<\/div><\/div><div class=\"cs-column-text\"><h4>F\u00e1ciles de limpiar<\/h4>\n<p>Los equipos Eurodent son f\u00e1ciles de limpiar y garantizan la m\u00e1xima higiene. Algunos componentes (mangos, soportes de silicona, portainstrumentos) se pueden retirar para facilitar las operaciones de higienizaci\u00f3n. Todas las superficies est\u00e1n dise\u00f1adas para poder realizar una limpieza f\u00e1cil y r\u00e1pida.<\/p>\n<\/div><div class=\"cs-divider-icon text-center custom-margin\" style=\"margin-top:10pxpx;margin-bottom:10pxpx;\"><div class=\"cs-divider-icon-inner\" style=\"color:#c188bb;border-top-color:#c188bb;\"><i class=\"cs-in fa fa-chevron-down\"><\/i><br \/>\n<\/div><\/div><div class=\"cs-column-text\"><\/div><\/div><\/div><\/div><\/div><\/section>\n","protected":false},"excerpt":{"rendered":"<p><span class=\"entry-read-more\"><a href=\"https:\/\/www.eurodent.it\/es\/equipos-dentales\/las-vantajas\/igiene\/\" class=\"cs-btn cs-btn-flat cs-btn-rounded cs-btn-xxs cs-btn-flat-accent\">Leer m\u00e1s<\/a><\/span><\/p>\n","protected":false},"author":1,"featured_media":0,"parent":5207,"menu_order":0,"comment_status":"closed","ping_status":"closed","template":"","meta":{"footnotes":""},"class_list":["post-5244","page","type-page","status-publish","hentry"],"yoast_head":"<!-- This site is optimized with the Yoast SEO plugin v23.9 - https:\/\/yoast.com\/wordpress\/plugins\/seo\/ -->\n<title>Higiene - Eurodent - Treat Yourself! - Dental Equipment<\/title>\n<meta name=\"robots\" content=\"index, follow, max-snippet:-1, max-image-preview:large, max-video-preview:-1\" \/>\n<link rel=\"canonical\" href=\"https:\/\/www.eurodent.it\/es\/equipos-dentales\/las-vantajas\/igiene\/\" \/>\n<meta property=\"og:locale\" content=\"es_ES\" \/>\n<meta property=\"og:type\" content=\"article\" \/>\n<meta property=\"og:title\" content=\"Higiene - Eurodent - Treat Yourself! - Dental Equipment\" \/>\n<meta property=\"og:url\" content=\"https:\/\/www.eurodent.it\/es\/equipos-dentales\/las-vantajas\/igiene\/\" \/>\n<meta property=\"og:site_name\" content=\"Eurodent - Treat Yourself! - Dental Equipment\" \/>\n<meta property=\"article:modified_time\" content=\"2018-01-30T14:15:18+00:00\" \/>\n<meta property=\"og:image\" content=\"https:\/\/www.eurodent.it\/wp-content\/uploads\/2015\/02\/filtro-lgb.jpg\" \/>\n<meta name=\"twitter:card\" content=\"summary_large_image\" \/>\n<meta name=\"twitter:label1\" content=\"Tiempo de lectura\" \/>\n\t<meta name=\"twitter:data1\" content=\"4 minutos\" \/>\n<script type=\"application\/ld+json\" class=\"yoast-schema-graph\">{\"@context\":\"https:\/\/schema.org\",\"@graph\":[{\"@type\":\"WebPage\",\"@id\":\"https:\/\/www.eurodent.it\/es\/equipos-dentales\/las-vantajas\/igiene\/\",\"url\":\"https:\/\/www.eurodent.it\/es\/equipos-dentales\/las-vantajas\/igiene\/\",\"name\":\"Higiene - Eurodent - Treat Yourself! - Dental Equipment\",\"isPartOf\":{\"@id\":\"https:\/\/www.eurodent.it\/es\/#website\"},\"datePublished\":\"2018-01-24T17:07:04+00:00\",\"dateModified\":\"2018-01-30T14:15:18+00:00\",\"breadcrumb\":{\"@id\":\"https:\/\/www.eurodent.it\/es\/equipos-dentales\/las-vantajas\/igiene\/#breadcrumb\"},\"inLanguage\":\"es\",\"potentialAction\":[{\"@type\":\"ReadAction\",\"target\":[\"https:\/\/www.eurodent.it\/es\/equipos-dentales\/las-vantajas\/igiene\/\"]}]},{\"@type\":\"BreadcrumbList\",\"@id\":\"https:\/\/www.eurodent.it\/es\/equipos-dentales\/las-vantajas\/igiene\/#breadcrumb\",\"itemListElement\":[{\"@type\":\"ListItem\",\"position\":1,\"name\":\"Home\",\"item\":\"https:\/\/www.eurodent.it\/es\/\"},{\"@type\":\"ListItem\",\"position\":2,\"name\":\"Equipos Dentales\",\"item\":\"https:\/\/www.eurodent.it\/es\/equipos-dentales\/\"},{\"@type\":\"ListItem\",\"position\":3,\"name\":\"Las Vantajas\",\"item\":\"https:\/\/www.eurodent.it\/es\/equipos-dentales\/las-vantajas\/\"},{\"@type\":\"ListItem\",\"position\":4,\"name\":\"Higiene\"}]},{\"@type\":\"WebSite\",\"@id\":\"https:\/\/www.eurodent.it\/es\/#website\",\"url\":\"https:\/\/www.eurodent.it\/es\/\",\"name\":\"Eurodent - Treat Yourself! - Dental Equipment\",\"description\":\"\",\"publisher\":{\"@id\":\"https:\/\/www.eurodent.it\/es\/#organization\"},\"potentialAction\":[{\"@type\":\"SearchAction\",\"target\":{\"@type\":\"EntryPoint\",\"urlTemplate\":\"https:\/\/www.eurodent.it\/es\/?s={search_term_string}\"},\"query-input\":{\"@type\":\"PropertyValueSpecification\",\"valueRequired\":true,\"valueName\":\"search_term_string\"}}],\"inLanguage\":\"es\"},{\"@type\":\"Organization\",\"@id\":\"https:\/\/www.eurodent.it\/es\/#organization\",\"name\":\"Eurodent\",\"url\":\"https:\/\/www.eurodent.it\/es\/\",\"logo\":{\"@type\":\"ImageObject\",\"inLanguage\":\"es\",\"@id\":\"https:\/\/www.eurodent.it\/es\/#\/schema\/logo\/image\/\",\"url\":\"https:\/\/www.eurodent.it\/wp-content\/uploads\/2015\/02\/logo.png\",\"contentUrl\":\"https:\/\/www.eurodent.it\/wp-content\/uploads\/2015\/02\/logo.png\",\"width\":270,\"height\":60,\"caption\":\"Eurodent\"},\"image\":{\"@id\":\"https:\/\/www.eurodent.it\/es\/#\/schema\/logo\/image\/\"}}]}<\/script>\n<!-- \/ Yoast SEO plugin. -->","yoast_head_json":{"title":"Higiene - Eurodent - Treat Yourself! - Dental Equipment","robots":{"index":"index","follow":"follow","max-snippet":"max-snippet:-1","max-image-preview":"max-image-preview:large","max-video-preview":"max-video-preview:-1"},"canonical":"https:\/\/www.eurodent.it\/es\/equipos-dentales\/las-vantajas\/igiene\/","og_locale":"es_ES","og_type":"article","og_title":"Higiene - Eurodent - Treat Yourself! - Dental Equipment","og_url":"https:\/\/www.eurodent.it\/es\/equipos-dentales\/las-vantajas\/igiene\/","og_site_name":"Eurodent - Treat Yourself! - Dental Equipment","article_modified_time":"2018-01-30T14:15:18+00:00","og_image":[{"url":"https:\/\/www.eurodent.it\/wp-content\/uploads\/2015\/02\/filtro-lgb.jpg"}],"twitter_card":"summary_large_image","twitter_misc":{"Tiempo de lectura":"4 minutos"},"schema":{"@context":"https:\/\/schema.org","@graph":[{"@type":"WebPage","@id":"https:\/\/www.eurodent.it\/es\/equipos-dentales\/las-vantajas\/igiene\/","url":"https:\/\/www.eurodent.it\/es\/equipos-dentales\/las-vantajas\/igiene\/","name":"Higiene - Eurodent - Treat Yourself! - Dental Equipment","isPartOf":{"@id":"https:\/\/www.eurodent.it\/es\/#website"},"datePublished":"2018-01-24T17:07:04+00:00","dateModified":"2018-01-30T14:15:18+00:00","breadcrumb":{"@id":"https:\/\/www.eurodent.it\/es\/equipos-dentales\/las-vantajas\/igiene\/#breadcrumb"},"inLanguage":"es","potentialAction":[{"@type":"ReadAction","target":["https:\/\/www.eurodent.it\/es\/equipos-dentales\/las-vantajas\/igiene\/"]}]},{"@type":"BreadcrumbList","@id":"https:\/\/www.eurodent.it\/es\/equipos-dentales\/las-vantajas\/igiene\/#breadcrumb","itemListElement":[{"@type":"ListItem","position":1,"name":"Home","item":"https:\/\/www.eurodent.it\/es\/"},{"@type":"ListItem","position":2,"name":"Equipos Dentales","item":"https:\/\/www.eurodent.it\/es\/equipos-dentales\/"},{"@type":"ListItem","position":3,"name":"Las Vantajas","item":"https:\/\/www.eurodent.it\/es\/equipos-dentales\/las-vantajas\/"},{"@type":"ListItem","position":4,"name":"Higiene"}]},{"@type":"WebSite","@id":"https:\/\/www.eurodent.it\/es\/#website","url":"https:\/\/www.eurodent.it\/es\/","name":"Eurodent - Treat Yourself! - Dental Equipment","description":"","publisher":{"@id":"https:\/\/www.eurodent.it\/es\/#organization"},"potentialAction":[{"@type":"SearchAction","target":{"@type":"EntryPoint","urlTemplate":"https:\/\/www.eurodent.it\/es\/?s={search_term_string}"},"query-input":{"@type":"PropertyValueSpecification","valueRequired":true,"valueName":"search_term_string"}}],"inLanguage":"es"},{"@type":"Organization","@id":"https:\/\/www.eurodent.it\/es\/#organization","name":"Eurodent","url":"https:\/\/www.eurodent.it\/es\/","logo":{"@type":"ImageObject","inLanguage":"es","@id":"https:\/\/www.eurodent.it\/es\/#\/schema\/logo\/image\/","url":"https:\/\/www.eurodent.it\/wp-content\/uploads\/2015\/02\/logo.png","contentUrl":"https:\/\/www.eurodent.it\/wp-content\/uploads\/2015\/02\/logo.png","width":270,"height":60,"caption":"Eurodent"},"image":{"@id":"https:\/\/www.eurodent.it\/es\/#\/schema\/logo\/image\/"}}]}},"_links":{"self":[{"href":"https:\/\/www.eurodent.it\/es\/wp-json\/wp\/v2\/pages\/5244","targetHints":{"allow":["GET"]}}],"collection":[{"href":"https:\/\/www.eurodent.it\/es\/wp-json\/wp\/v2\/pages"}],"about":[{"href":"https:\/\/www.eurodent.it\/es\/wp-json\/wp\/v2\/types\/page"}],"author":[{"embeddable":true,"href":"https:\/\/www.eurodent.it\/es\/wp-json\/wp\/v2\/users\/1"}],"replies":[{"embeddable":true,"href":"https:\/\/www.eurodent.it\/es\/wp-json\/wp\/v2\/comments?post=5244"}],"version-history":[{"count":0,"href":"https:\/\/www.eurodent.it\/es\/wp-json\/wp\/v2\/pages\/5244\/revisions"}],"up":[{"embeddable":true,"href":"https:\/\/www.eurodent.it\/es\/wp-json\/wp\/v2\/pages\/5207"}],"wp:attachment":[{"href":"https:\/\/www.eurodent.it\/es\/wp-json\/wp\/v2\/media?parent=5244"}],"curies":[{"name":"wp","href":"https:\/\/api.w.org\/{rel}","templated":true}]}}