{"id":4054,"date":"2016-03-11T10:13:24","date_gmt":"2016-03-11T09:13:24","guid":{"rendered":"http:\/\/www.eurodent.it\/fr\/?page_id=4054"},"modified":"2016-03-11T14:56:01","modified_gmt":"2016-03-11T13:56:01","slug":"accueil","status":"publish","type":"page","link":"https:\/\/www.eurodent.it\/fr\/","title":{"rendered":"Accueil"},"content":{"rendered":"<section class=\"cs-section no-padding\"><div class=\"container-fluid\"><div class=\"row\"><div class=\"col-md-12\"><div class=\"cs-column-inner\">[rev_slider_vc alias=\u00a0\u00bbhomefr\u00a0\u00bb]<\/div><\/div><\/div><\/div><\/section><section class=\"cs-section custom-padding text-center\" style=\" padding-top: 50px; padding-bottom:50px;\"><div class=\"container\"><div class=\"row\"><div class=\"col-md-6\"><div class=\"cs-column-inner\"><a href=\"https:\/\/www.eurodent.it\/fr\/units-dentaires\/\"><img loading=\"lazy\" decoding=\"async\" width=\"578\" height=\"419\" src=\"https:\/\/www.eurodent.it\/wp-content\/uploads\/2015\/02\/01.jpg\" class=\" cs-radius\" alt=\"\" srcset=\"https:\/\/www.eurodent.it\/wp-content\/uploads\/2015\/02\/01.jpg 578w, https:\/\/www.eurodent.it\/wp-content\/uploads\/2015\/02\/01-300x217.jpg 300w\" sizes=\"auto, (max-width: 578px) 100vw, 578px\" \/><\/a><hr class=\"cs-space\" style=\"margin-top:20px\"><div class=\"cs-column-text\"><h4>Units dentaires<\/h4>\n<\/div><hr class=\"cs-space\" style=\"margin-top:20px\"><div class=\"cs-column-text\"><p style=\"text-align: justify;\">Les units dentaires Eurodent sont con\u00e7us pour prot\u00e9ger votre sant\u00e9 et simplifier le travail de l\u2019\u00e9quipe de soins. Faciles \u00e0 commander et extr\u00eamement intuitifs, ce sont des postes de traitement absolument fiables.<\/p>\n<\/div>[cs_raw_html]<\/p>\n<p>JTNDYSUyMGNsYXNzJTNEJTIyY3MtYnRuJTIwY3MtYnRuLWZsYXQlMjBjcy1idG4tcm91bmRlZCUyMGNzLWJ0bi14eHMlMjBjcy1idG4tZmxhdC1hY2NlbnQlMjIlMjBocmVmJTNEJTIyaHR0cCUzQSUyRiUyRnd3dy5ldXJvZGVudC5pdCUyRmZyJTJGdW5pdHMtZGVudGFpcmVzJTJGJTIyJTNFRW4lMjBzYXZvaXIlMjBwbHVzJTNDJTJGYSUzRQ==<\/p>\n<p>[\/cs_raw_html]<\/div><\/div><div class=\"col-md-6\"><div class=\"cs-column-inner\"><a href=\"https:\/\/www.eurodent.it\/fr\/tabourets\/\"><img loading=\"lazy\" decoding=\"async\" width=\"578\" height=\"419\" src=\"https:\/\/www.eurodent.it\/wp-content\/uploads\/2015\/02\/02-02.jpg\" class=\" cs-radius\" alt=\"\" srcset=\"https:\/\/www.eurodent.it\/wp-content\/uploads\/2015\/02\/02-02.jpg 578w, https:\/\/www.eurodent.it\/wp-content\/uploads\/2015\/02\/02-02-300x217.jpg 300w\" sizes=\"auto, (max-width: 578px) 100vw, 578px\" \/><\/a><hr class=\"cs-space\" style=\"margin-top:20px\"><div class=\"cs-column-text\"><h4>Tabourets<\/h4>\n<\/div><hr class=\"cs-space\" style=\"margin-top:20px\"><div class=\"cs-column-text\"><p style=\"text-align: justify;\">Des heures de travail assis sur le tabouret. Nous avons pens\u00e9 au confort de l\u2019\u00e9quipe dentaire car une posture correcte et une position de travail optimale sont fondamentales pour pr\u00e9server la sant\u00e9 et la qualit\u00e9 du travail.<\/p>\n<\/div>[cs_raw_html]<\/p>\n<p>JTNDYSUyMGNsYXNzJTNEJTIyY3MtYnRuJTIwY3MtYnRuLWZsYXQlMjBjcy1idG4tcm91bmRlZCUyMGNzLWJ0bi14eHMlMjBjcy1idG4tZmxhdC1hY2NlbnQlMjIlMjBocmVmJTNEJTIyaHR0cCUzQSUyRiUyRnd3dy5ldXJvZGVudC5pdCUyRmZyJTJGdGFib3VyZXRzJTJGJTIyJTNFRW4lMjBzYXZvaXIlMjBwbHVzJTNDJTJGYSUzRQ==<\/p>\n<p>[\/cs_raw_html]<\/div><\/div><\/div><\/div><\/section><section class=\"cs-section custom-padding\" style=\" background-color: #f5f5f5; padding-top: 40px; padding-bottom:0px;\"><div class=\"container\"><div class=\"row\"><div class=\"col-md-12\"><div class=\"cs-column-inner\"><div class=\"cs-column-text text-center\"><h2 class=\"cs-extra-bold\">LES DERNI\u00c8RES NOUVEAUT\u00c9S DU MONDE EURODENT<\/h2>\n<\/div><hr class=\"cs-space\" style=\"margin-top:40px\"><div class=\"blog-masonry\"><div class=\"isotope-container\"><div class=\"isotope-loading cs-loader\"><\/div><div class=\"isotope-wrapper\"><div class=\"row isotope-blog isotope-loop\" data-layout=\"fitRows\"><article id=\"post-17692\" class=\"isotope-item col-md-4 post-17692 post type-post status-publish format-standard has-post-thumbnail hentry category-actualites\">\n  <div class=\"blog-masonry-border\">\n\n    <div class=\"entry-image\"><a href=\"https:\/\/www.eurodent.it\/fr\/eurodent-chez-ids-cologne\/\" class=\"post-thumbnail\"><img loading=\"lazy\" decoding=\"async\" width=\"988\" height=\"696\" src=\"https:\/\/www.eurodent.it\/wp-content\/uploads\/2025\/03\/news-ids-fra.gif\" class=\"attachment-full size-full wp-post-image\" alt=\"\" \/><span class=\"entry-image-overlay\"><\/span><\/a><\/div><!-- entry-image -->\n    <header class=\"entry-header\">\n\n      <h2 class=\"entry-title\"><a href=\"https:\/\/www.eurodent.it\/fr\/eurodent-chez-ids-cologne\/\" rel=\"bookmark\">Eurodent chez IDS Cologne<\/a><\/h2>\n      <div class=\"entry-meta\">\n        <span class=\"entry-date\"><a href=\"https:\/\/www.eurodent.it\/fr\/eurodent-chez-ids-cologne\/\" rel=\"bookmark\"><time class=\"entry-date\" datetime=\"2025-03-25T17:16:10+01:00\">25 mars 2025<\/time><\/a><\/span> <span class=\"entry-author-link\"><span class=\"author vcard\"><a class=\"url fn n\" href=\"https:\/\/www.eurodent.it\/fr\/author\/mollusco-meb\/\" rel=\"author\">mollusco.MEB<\/a><\/span><\/span><span class=\"entry-love\"><a href=\"#\" class=\"entry-love-it\" data-post-id=\"17692\"><span class=\"love-count\">0<\/span><\/a><\/span>      <\/div>\n\n    <\/header><!-- \/entry-header -->\n\n        <div class=\"entry-summary\"><p>Eurodent ne pouvait pas manquer l&rsquo;IDS \u00e0 Cologne, le plus grand salon international du secteur dentaire. <span class=\"entry-read-more\"><a href=\"https:\/\/www.eurodent.it\/fr\/eurodent-chez-ids-cologne\/\" class=\"cs-btn cs-btn-flat cs-btn-rounded cs-btn-xxs cs-btn-flat-accent\">Lire la suite<\/a><\/span><\/p>\n<\/div><!-- \/entry-summary -->\n    \n  <\/div>\n<\/article><!-- \/post-standard --><article id=\"post-17028\" class=\"isotope-item col-md-4 post-17028 post type-post status-publish format-standard has-post-thumbnail hentry category-actualites\">\n  <div class=\"blog-masonry-border\">\n\n    <div class=\"entry-image\"><a href=\"https:\/\/www.eurodent.it\/fr\/eurodent-a-l-adf-a-paris\/\" class=\"post-thumbnail\"><img loading=\"lazy\" decoding=\"async\" width=\"1400\" height=\"986\" src=\"https:\/\/www.eurodent.it\/wp-content\/uploads\/2024\/11\/eurodent-a-l-adf-a-paris.gif\" class=\"attachment-full size-full wp-post-image\" alt=\"\" \/><span class=\"entry-image-overlay\"><\/span><\/a><\/div><!-- entry-image -->\n    <header class=\"entry-header\">\n\n      <h2 class=\"entry-title\"><a href=\"https:\/\/www.eurodent.it\/fr\/eurodent-a-l-adf-a-paris\/\" rel=\"bookmark\">Eurodent \u00e0 l&rsquo;ADF \u00e0 Paris<\/a><\/h2>\n      <div class=\"entry-meta\">\n        <span class=\"entry-date\"><a href=\"https:\/\/www.eurodent.it\/fr\/eurodent-a-l-adf-a-paris\/\" rel=\"bookmark\"><time class=\"entry-date\" datetime=\"2024-11-06T17:00:05+01:00\">6 novembre 2024<\/time><\/a><\/span> <span class=\"entry-author-link\"><span class=\"author vcard\"><a class=\"url fn n\" href=\"https:\/\/www.eurodent.it\/fr\/author\/mollusco-meb\/\" rel=\"author\">mollusco.MEB<\/a><\/span><\/span><span class=\"entry-love\"><a href=\"#\" class=\"entry-love-it\" data-post-id=\"17028\"><span class=\"love-count\">0<\/span><\/a><\/span>      <\/div>\n\n    <\/header><!-- \/entry-header -->\n\n        <div class=\"entry-summary\"><p>Le tout \u00ab Made in Italy by Eurodent \u00bb expos\u00e9 au Congr\u00e8s International de l&rsquo;ADF \u00e0 Paris.<span class=\"entry-read-more\"><a href=\"https:\/\/www.eurodent.it\/fr\/eurodent-a-l-adf-a-paris\/\" class=\"cs-btn cs-btn-flat cs-btn-rounded cs-btn-xxs cs-btn-flat-accent\">Lire la suite<\/a><\/span><\/p>\n<\/div><!-- \/entry-summary -->\n    \n  <\/div>\n<\/article><!-- \/post-standard --><article id=\"post-16202\" class=\"isotope-item col-md-4 post-16202 post type-post status-publish format-standard has-post-thumbnail hentry category-actualites\">\n  <div class=\"blog-masonry-border\">\n\n    <div class=\"entry-image\"><a href=\"https:\/\/www.eurodent.it\/fr\/eurodent-a-lexpodental-de-rimini\/\" class=\"post-thumbnail\"><img loading=\"lazy\" decoding=\"async\" width=\"988\" height=\"696\" src=\"https:\/\/www.eurodent.it\/wp-content\/uploads\/2024\/03\/news-expo-2024-fr.jpg\" class=\"attachment-full size-full wp-post-image\" alt=\"\" srcset=\"https:\/\/www.eurodent.it\/wp-content\/uploads\/2024\/03\/news-expo-2024-fr.jpg 988w, https:\/\/www.eurodent.it\/wp-content\/uploads\/2024\/03\/news-expo-2024-fr-300x211.jpg 300w, https:\/\/www.eurodent.it\/wp-content\/uploads\/2024\/03\/news-expo-2024-fr-768x541.jpg 768w\" sizes=\"auto, (max-width: 988px) 100vw, 988px\" \/><span class=\"entry-image-overlay\"><\/span><\/a><\/div><!-- entry-image -->\n    <header class=\"entry-header\">\n\n      <h2 class=\"entry-title\"><a href=\"https:\/\/www.eurodent.it\/fr\/eurodent-a-lexpodental-de-rimini\/\" rel=\"bookmark\">Eurodent \u00e0 l&rsquo;Expodental de Rimini<\/a><\/h2>\n      <div class=\"entry-meta\">\n        <span class=\"entry-date\"><a href=\"https:\/\/www.eurodent.it\/fr\/eurodent-a-lexpodental-de-rimini\/\" rel=\"bookmark\"><time class=\"entry-date\" datetime=\"2024-03-20T14:18:14+01:00\">20 mars 2024<\/time><\/a><\/span> <span class=\"entry-author-link\"><span class=\"author vcard\"><a class=\"url fn n\" href=\"https:\/\/www.eurodent.it\/fr\/author\/mollusco-meb\/\" rel=\"author\">mollusco.MEB<\/a><\/span><\/span><span class=\"entry-love\"><a href=\"#\" class=\"entry-love-it\" data-post-id=\"16202\"><span class=\"love-count\">0<\/span><\/a><\/span>      <\/div>\n\n    <\/header><!-- \/entry-header -->\n\n        <div class=\"entry-summary\"><p>Expodental Meeting est l\u2019\u00e9v\u00e9nement incontournable du secteur dentaire. Du 16 au 18 mai 2024, nous serons \u00e0 Rimini avec toutes les actualit\u00e9s et de nombreuses propositions commerciales.<span class=\"entry-read-more\"><a href=\"https:\/\/www.eurodent.it\/fr\/eurodent-a-lexpodental-de-rimini\/\" class=\"cs-btn cs-btn-flat cs-btn-rounded cs-btn-xxs cs-btn-flat-accent\">Lire la suite<\/a><\/span><\/p>\n<\/div><!-- \/entry-summary -->\n    \n  <\/div>\n<\/article><!-- \/post-standard --><\/div><!-- isotope-blog --><\/div><!-- isotope-wrapper --><\/div><!-- isotope-container --><\/div><hr class=\"cs-space\" style=\"margin-top:40px\"><\/div><\/div><\/div><\/div><\/section>\n","protected":false},"excerpt":{"rendered":"<p><span class=\"entry-read-more\"><a href=\"https:\/\/www.eurodent.it\/fr\/eurodent-a-lexpodental-de-rimini\/\" class=\"cs-btn cs-btn-flat cs-btn-rounded cs-btn-xxs cs-btn-flat-accent\">Lire la suite<\/a><\/span><\/p>\n","protected":false},"author":1,"featured_media":0,"parent":0,"menu_order":0,"comment_status":"closed","ping_status":"closed","template":"","meta":{"footnotes":""},"class_list":["post-4054","page","type-page","status-publish","hentry"],"yoast_head":"<!-- This site is optimized with the Yoast SEO plugin v23.9 - https:\/\/yoast.com\/wordpress\/plugins\/seo\/ -->\n<title>Accueil - Eurodent - Treat Yourself! - Dental Equipment<\/title>\n<meta name=\"robots\" content=\"index, follow, max-snippet:-1, max-image-preview:large, max-video-preview:-1\" \/>\n<link rel=\"canonical\" href=\"https:\/\/www.eurodent.it\/fr\/\" \/>\n<meta property=\"og:locale\" content=\"fr_FR\" \/>\n<meta property=\"og:type\" content=\"article\" \/>\n<meta property=\"og:title\" content=\"Accueil - Eurodent - Treat Yourself! - Dental Equipment\" \/>\n<meta property=\"og:url\" content=\"https:\/\/www.eurodent.it\/fr\/\" \/>\n<meta property=\"og:site_name\" content=\"Eurodent - Treat Yourself! - Dental Equipment\" \/>\n<meta property=\"article:modified_time\" content=\"2016-03-11T13:56:01+00:00\" \/>\n<meta name=\"twitter:card\" content=\"summary_large_image\" \/>\n<meta name=\"twitter:label1\" content=\"Dur\u00e9e de lecture estim\u00e9e\" \/>\n\t<meta name=\"twitter:data1\" content=\"1 minute\" \/>\n<script type=\"application\/ld+json\" class=\"yoast-schema-graph\">{\"@context\":\"https:\/\/schema.org\",\"@graph\":[{\"@type\":\"WebPage\",\"@id\":\"https:\/\/www.eurodent.it\/fr\/\",\"url\":\"https:\/\/www.eurodent.it\/fr\/\",\"name\":\"Accueil - Eurodent - Treat Yourself! - Dental Equipment\",\"isPartOf\":{\"@id\":\"https:\/\/www.eurodent.it\/es\/#website\"},\"datePublished\":\"2016-03-11T09:13:24+00:00\",\"dateModified\":\"2016-03-11T13:56:01+00:00\",\"breadcrumb\":{\"@id\":\"https:\/\/www.eurodent.it\/fr\/#breadcrumb\"},\"inLanguage\":\"fr-FR\",\"potentialAction\":[{\"@type\":\"ReadAction\",\"target\":[\"https:\/\/www.eurodent.it\/fr\/\"]}]},{\"@type\":\"BreadcrumbList\",\"@id\":\"https:\/\/www.eurodent.it\/fr\/#breadcrumb\",\"itemListElement\":[{\"@type\":\"ListItem\",\"position\":1,\"name\":\"Home\",\"item\":\"https:\/\/www.eurodent.it\/fr\/\"},{\"@type\":\"ListItem\",\"position\":2,\"name\":\"Accueil\"}]},{\"@type\":\"WebSite\",\"@id\":\"https:\/\/www.eurodent.it\/es\/#website\",\"url\":\"https:\/\/www.eurodent.it\/es\/\",\"name\":\"Eurodent - Treat Yourself! - Dental Equipment\",\"description\":\"\",\"publisher\":{\"@id\":\"https:\/\/www.eurodent.it\/es\/#organization\"},\"potentialAction\":[{\"@type\":\"SearchAction\",\"target\":{\"@type\":\"EntryPoint\",\"urlTemplate\":\"https:\/\/www.eurodent.it\/es\/?s={search_term_string}\"},\"query-input\":{\"@type\":\"PropertyValueSpecification\",\"valueRequired\":true,\"valueName\":\"search_term_string\"}}],\"inLanguage\":\"fr-FR\"},{\"@type\":\"Organization\",\"@id\":\"https:\/\/www.eurodent.it\/es\/#organization\",\"name\":\"Eurodent\",\"url\":\"https:\/\/www.eurodent.it\/es\/\",\"logo\":{\"@type\":\"ImageObject\",\"inLanguage\":\"fr-FR\",\"@id\":\"https:\/\/www.eurodent.it\/es\/#\/schema\/logo\/image\/\",\"url\":\"https:\/\/www.eurodent.it\/wp-content\/uploads\/2015\/02\/logo.png\",\"contentUrl\":\"https:\/\/www.eurodent.it\/wp-content\/uploads\/2015\/02\/logo.png\",\"width\":270,\"height\":60,\"caption\":\"Eurodent\"},\"image\":{\"@id\":\"https:\/\/www.eurodent.it\/es\/#\/schema\/logo\/image\/\"}}]}<\/script>\n<!-- \/ Yoast SEO plugin. -->","yoast_head_json":{"title":"Accueil - Eurodent - Treat Yourself! - Dental Equipment","robots":{"index":"index","follow":"follow","max-snippet":"max-snippet:-1","max-image-preview":"max-image-preview:large","max-video-preview":"max-video-preview:-1"},"canonical":"https:\/\/www.eurodent.it\/fr\/","og_locale":"fr_FR","og_type":"article","og_title":"Accueil - Eurodent - Treat Yourself! - Dental Equipment","og_url":"https:\/\/www.eurodent.it\/fr\/","og_site_name":"Eurodent - Treat Yourself! - Dental Equipment","article_modified_time":"2016-03-11T13:56:01+00:00","twitter_card":"summary_large_image","twitter_misc":{"Dur\u00e9e de lecture estim\u00e9e":"1 minute"},"schema":{"@context":"https:\/\/schema.org","@graph":[{"@type":"WebPage","@id":"https:\/\/www.eurodent.it\/fr\/","url":"https:\/\/www.eurodent.it\/fr\/","name":"Accueil - Eurodent - Treat Yourself! - Dental Equipment","isPartOf":{"@id":"https:\/\/www.eurodent.it\/es\/#website"},"datePublished":"2016-03-11T09:13:24+00:00","dateModified":"2016-03-11T13:56:01+00:00","breadcrumb":{"@id":"https:\/\/www.eurodent.it\/fr\/#breadcrumb"},"inLanguage":"fr-FR","potentialAction":[{"@type":"ReadAction","target":["https:\/\/www.eurodent.it\/fr\/"]}]},{"@type":"BreadcrumbList","@id":"https:\/\/www.eurodent.it\/fr\/#breadcrumb","itemListElement":[{"@type":"ListItem","position":1,"name":"Home","item":"https:\/\/www.eurodent.it\/fr\/"},{"@type":"ListItem","position":2,"name":"Accueil"}]},{"@type":"WebSite","@id":"https:\/\/www.eurodent.it\/es\/#website","url":"https:\/\/www.eurodent.it\/es\/","name":"Eurodent - Treat Yourself! - Dental Equipment","description":"","publisher":{"@id":"https:\/\/www.eurodent.it\/es\/#organization"},"potentialAction":[{"@type":"SearchAction","target":{"@type":"EntryPoint","urlTemplate":"https:\/\/www.eurodent.it\/es\/?s={search_term_string}"},"query-input":{"@type":"PropertyValueSpecification","valueRequired":true,"valueName":"search_term_string"}}],"inLanguage":"fr-FR"},{"@type":"Organization","@id":"https:\/\/www.eurodent.it\/es\/#organization","name":"Eurodent","url":"https:\/\/www.eurodent.it\/es\/","logo":{"@type":"ImageObject","inLanguage":"fr-FR","@id":"https:\/\/www.eurodent.it\/es\/#\/schema\/logo\/image\/","url":"https:\/\/www.eurodent.it\/wp-content\/uploads\/2015\/02\/logo.png","contentUrl":"https:\/\/www.eurodent.it\/wp-content\/uploads\/2015\/02\/logo.png","width":270,"height":60,"caption":"Eurodent"},"image":{"@id":"https:\/\/www.eurodent.it\/es\/#\/schema\/logo\/image\/"}}]}},"_links":{"self":[{"href":"https:\/\/www.eurodent.it\/fr\/wp-json\/wp\/v2\/pages\/4054","targetHints":{"allow":["GET"]}}],"collection":[{"href":"https:\/\/www.eurodent.it\/fr\/wp-json\/wp\/v2\/pages"}],"about":[{"href":"https:\/\/www.eurodent.it\/fr\/wp-json\/wp\/v2\/types\/page"}],"author":[{"embeddable":true,"href":"https:\/\/www.eurodent.it\/fr\/wp-json\/wp\/v2\/users\/1"}],"replies":[{"embeddable":true,"href":"https:\/\/www.eurodent.it\/fr\/wp-json\/wp\/v2\/comments?post=4054"}],"version-history":[{"count":0,"href":"https:\/\/www.eurodent.it\/fr\/wp-json\/wp\/v2\/pages\/4054\/revisions"}],"wp:attachment":[{"href":"https:\/\/www.eurodent.it\/fr\/wp-json\/wp\/v2\/media?parent=4054"}],"curies":[{"name":"wp","href":"https:\/\/api.w.org\/{rel}","templated":true}]}}