{"id":4072,"date":"2016-03-11T10:14:35","date_gmt":"2016-03-11T09:14:35","guid":{"rendered":"http:\/\/www.eurodent.it\/fr\/?page_id=4072"},"modified":"2016-03-11T15:06:29","modified_gmt":"2016-03-11T14:06:29","slug":"units-dentaires","status":"publish","type":"page","link":"https:\/\/www.eurodent.it\/fr\/units-dentaires\/","title":{"rendered":"Units dentaires"},"content":{"rendered":"<section class=\"cs-section custom-padding\" style=\" padding-top: 30px; padding-bottom:30px;\"><div class=\"container\"><div class=\"row\"><div class=\"col-md-3\"><div class=\"cs-column-inner\"><aside id=\"sidebar\"><div class=\"route_widget widget_nav_menu\"><div class=\"menu-riuniti-odontoiatrici-fr-container\"><ul id=\"menu-riuniti-odontoiatrici-fr\" class=\"menu\"><li id=\"menu-item-7882\" class=\"menu-item menu-item-type-post_type menu-item-object-page menu-item-has-children menu-item-7882\"><a href=\"https:\/\/www.eurodent.it\/fr\/units-dentaires\/\">Units dentaires<\/a>\n<ul class=\"sub-menu\">\n\t<li id=\"menu-item-7894\" class=\"menu-item menu-item-type-post_type menu-item-object-page menu-item-7894\"><a href=\"https:\/\/www.eurodent.it\/fr\/units-dentaires\/les-avantages\/\">Les avantages<\/a><\/li>\n\t<li id=\"menu-item-7896\" class=\"menu-item menu-item-type-post_type menu-item-object-page menu-item-7896\"><a href=\"https:\/\/www.eurodent.it\/fr\/units-dentaires\/unit-dentaire-isoplus\/\">Unit dentaire Isoplus<\/a><\/li>\n\t<li id=\"menu-item-7895\" class=\"menu-item menu-item-type-post_type menu-item-object-page menu-item-7895\"><a href=\"https:\/\/www.eurodent.it\/fr\/units-dentaires\/scialytiques\/\">Scialytiques<\/a><\/li>\n\t<li id=\"menu-item-7892\" class=\"menu-item menu-item-type-post_type menu-item-object-page menu-item-7892\"><a href=\"https:\/\/www.eurodent.it\/fr\/units-dentaires\/commande-a-pedale\/\">Commande \u00e0 p\u00e9dale<\/a><\/li>\n\t<li id=\"menu-item-7893\" class=\"menu-item menu-item-type-post_type menu-item-object-page menu-item-7893\"><a href=\"https:\/\/www.eurodent.it\/fr\/units-dentaires\/instrumentation\/\">Instrumentation<\/a><\/li>\n\t<li id=\"menu-item-7891\" class=\"menu-item menu-item-type-post_type menu-item-object-page menu-item-7891\"><a href=\"https:\/\/www.eurodent.it\/fr\/units-dentaires\/accessoires-pour-unit-dentaire\/\">Accessoires pour unit dentaire<\/a><\/li>\n<\/ul>\n<\/li>\n<li id=\"menu-item-7897\" class=\"menu-item menu-item-type-post_type menu-item-object-page menu-item-7897\"><a href=\"https:\/\/www.eurodent.it\/fr\/tabourets\/\">Tabourets<\/a><\/li>\n<\/ul><\/div><div class=\"clear\"><\/div><\/div><\/aside><aside id=\"sidebar\"><div class=\"route_widget widget_text\">\t\t\t<div class=\"textwidget\"><div class=\"cs-btn-align text-left cs-btn-block\" style=\"margin-bottom:30px;\">\n\t<a class=\"cs-btn cs-btn-flat cs-btn-square cs-btn-flat-accent cs-btn-sm cs-btn-no-bold cs-btn-block btnDownload \" href=\"#\"><i class=\"cs-in fa fa-download\"><\/i>T\u00e9l\u00e9chargements<\/a>\n<\/div>\n<ul style=\"margin-left: 40px;\" class=\"cs-icon-list\">  \n<li><i class=\"cs-in fa fa-file-pdf-o\"><\/i><a target=\"_blank\" href=\"\/wp-content\/uploads\/2018\/02\/absolute.pdf\">Catalogue Absolute<\/a><\/li>\n<li><i class=\"cs-in fa fa-file-pdf-o\"><\/i><a target=\"_blank\" href=\"\/wp-content\/uploads\/2019\/03\/catalogo-isotron.pdf\">Catalogue Isotron<\/a><\/li>\n<li><i class=\"cs-in fa fa-file-pdf-o\"><\/i><a target=\"_blank\" href=\"\/wp-content\/uploads\/2015\/02\/catalogo-isoplus.pdf\">Catalogue Isoplus<\/a><\/li>\n<li><i class=\"cs-in fa fa-file-pdf-o\"><\/i><a target=\"_blank\" href=\"https:\/\/www.eurodent.it\/wp-content\/uploads\/2021\/08\/isoflex.pdf\">Catalogue Isoflex<\/a><\/li>\n<li><i class=\"cs-in fa fa-file-pdf-o\"><\/i><a target=\"_blank\" href=\"\/wp-content\/uploads\/2021\/03\/catalogo-ISO-OS.pdf\">Catalogue ISO\/OS<\/a><\/li>\n<li><i class=\"cs-in fa fa-file-pdf-o\"><\/i><a target=\"_blank\" href=\"\/wp-content\/uploads\/2024\/11\/supreme-fra.pdf\">Catalogue Supreme<\/a><\/li>\n<li><i class=\"cs-in fa fa-file-pdf-o\"><\/i><a target=\"_blank\" href=\"https:\/\/www.eurodent.it\/\/wp-content\/uploads\/2024\/09\/catalogo-eos.pdf\">Catalogue EOS<\/a><\/li>\n<li><i class=\"cs-in fa fa-file-pdf-o\"><\/i><a target=\"_blank\" href=\"https:\/\/www.eurodent.it\/wp-content\/uploads\/2023\/03\/vision.pdf\">Catalogue Vision<\/a><\/li>\t\n<\/ul><\/div>\n\t\t<div class=\"clear\"><\/div><\/div><\/aside><hr class=\"cs-space\" style=\"margin-top:40px\"><div class=\"cs-toggle\"><h6 class=\"cs-toggle-title\"><i class=\"cs-in fa cs-anim-icon\"><\/i>DEMANDE D\u2019INFORMATIONS<\/h6><div class=\"cs-toggle-content\">\n<div class=\"wpcf7 no-js\" id=\"wpcf7-f4053-o1\" lang=\"it-IT\" dir=\"ltr\" data-wpcf7-id=\"4053\">\n<div class=\"screen-reader-response\"><p role=\"status\" aria-live=\"polite\" aria-atomic=\"true\"><\/p> <ul><\/ul><\/div>\n<form action=\"\/fr\/wp-json\/wp\/v2\/pages\/4072#wpcf7-f4053-o1\" method=\"post\" class=\"wpcf7-form init\" aria-label=\"Modulo di contatto\" novalidate=\"novalidate\" data-status=\"init\">\n<div style=\"display: none;\">\n<input type=\"hidden\" name=\"_wpcf7\" value=\"4053\" \/>\n<input type=\"hidden\" name=\"_wpcf7_version\" value=\"6.0.1\" \/>\n<input type=\"hidden\" name=\"_wpcf7_locale\" value=\"it_IT\" \/>\n<input type=\"hidden\" name=\"_wpcf7_unit_tag\" value=\"wpcf7-f4053-o1\" \/>\n<input type=\"hidden\" name=\"_wpcf7_container_post\" value=\"0\" \/>\n<input type=\"hidden\" name=\"_wpcf7_posted_data_hash\" value=\"\" \/>\n<input type=\"hidden\" name=\"_wpcf7_recaptcha_response\" value=\"\" \/>\n<\/div>\n<p><span class=\"wpcf7-form-control-wrap\" data-name=\"nome\"><input size=\"40\" maxlength=\"400\" class=\"wpcf7-form-control wpcf7-text wpcf7-validates-as-required\" aria-required=\"true\" aria-invalid=\"false\" placeholder=\"Pr\u00e9nom*\" value=\"\" type=\"text\" name=\"nome\" \/><\/span>\n<\/p>\n<p><span class=\"wpcf7-form-control-wrap\" data-name=\"cognome\"><input size=\"40\" maxlength=\"400\" class=\"wpcf7-form-control wpcf7-text wpcf7-validates-as-required\" aria-required=\"true\" aria-invalid=\"false\" placeholder=\"Nom*\" value=\"\" type=\"text\" name=\"cognome\" \/><\/span>\n<\/p>\n<p><span class=\"wpcf7-form-control-wrap\" data-name=\"professione\"><input size=\"40\" maxlength=\"400\" class=\"wpcf7-form-control wpcf7-text wpcf7-validates-as-required\" aria-required=\"true\" aria-invalid=\"false\" placeholder=\"Profession*\" value=\"\" type=\"text\" name=\"professione\" \/><\/span>\n<\/p>\n<p><span class=\"wpcf7-form-control-wrap\" data-name=\"telefono\"><input size=\"40\" maxlength=\"400\" class=\"wpcf7-form-control wpcf7-tel wpcf7-validates-as-required wpcf7-text wpcf7-validates-as-tel\" aria-required=\"true\" aria-invalid=\"false\" placeholder=\"T\u00e9l\u00e9phone*\" value=\"\" type=\"tel\" name=\"telefono\" \/><\/span>\n<\/p>\n<p><span class=\"wpcf7-form-control-wrap\" data-name=\"email\"><input size=\"40\" maxlength=\"400\" class=\"wpcf7-form-control wpcf7-email wpcf7-validates-as-required wpcf7-text wpcf7-validates-as-email\" aria-required=\"true\" aria-invalid=\"false\" placeholder=\"E-mail*\" value=\"\" type=\"email\" name=\"email\" \/><\/span>\n<\/p>\n<p><span class=\"wpcf7-form-control-wrap\" data-name=\"citta\"><input size=\"40\" maxlength=\"400\" class=\"wpcf7-form-control wpcf7-text wpcf7-validates-as-required\" aria-required=\"true\" aria-invalid=\"false\" placeholder=\"Ville*\" value=\"\" type=\"text\" name=\"citta\" \/><\/span>\n<\/p>\n<p><span class=\"wpcf7-form-control-wrap\" data-name=\"stato\"><input size=\"40\" maxlength=\"400\" class=\"wpcf7-form-control wpcf7-text wpcf7-validates-as-required\" aria-required=\"true\" aria-invalid=\"false\" placeholder=\"Pays*\" value=\"\" type=\"text\" name=\"stato\" \/><\/span>\n<\/p>\n<p><span class=\"wpcf7-form-control-wrap\" data-name=\"messaggio\"><textarea cols=\"40\" rows=\"10\" maxlength=\"2000\" class=\"wpcf7-form-control wpcf7-textarea\" aria-invalid=\"false\" placeholder=\"Votre message\" name=\"messaggio\"><\/textarea><\/span>\n<\/p>\n<p><a href=\"https:\/\/www.eurodent.it\/fr\/politique-de-confidentialite\/\"    target=\"_blank\">Politique de confidentialit\u00e9<\/a>\n<\/p>\n<p><label><span class=\"wpcf7-form-control-wrap\" data-name=\"job-privacy\"><span class=\"wpcf7-form-control wpcf7-acceptance\"><span class=\"wpcf7-list-item\"><input type=\"checkbox\" name=\"job-privacy\" value=\"1\" aria-invalid=\"false\" \/><\/span><\/span><\/span> J\u2019accepte<\/label>\n<\/p>\n<p><input class=\"cs-btn cs-btn-flat cs-btn-rounded cs-btn-sm cs-btn-flat-accent wpcf7-form-control wpcf7-submit\" type=\"submit\" value=\"Envoyer\" \/>\n<\/p><input type='hidden' class='wpcf7-pum' value='{\"closepopup\":false,\"closedelay\":0,\"openpopup\":false,\"openpopup_id\":0}' \/><div class=\"wpcf7-response-output\" aria-hidden=\"true\"><\/div>\n<\/form>\n<\/div>\n\n<\/div><\/div><\/div><\/div><div class=\"col-md-9\" style=\"padding-top:20px;\"><div class=\"cs-column-inner\"><section class=\"cs-section\"><div class=\"container\"><div class=\"row\"><div class=\"col-md-4\"><div class=\"cs-column-inner\"><a href=\"\/?page_id=4095\"><img loading=\"lazy\" decoding=\"async\" width=\"450\" height=\"326\" src=\"https:\/\/www.eurodent.it\/wp-content\/uploads\/2015\/02\/i-plus.jpg\" class=\"attachment-full size-full\" alt=\"\" srcset=\"https:\/\/www.eurodent.it\/wp-content\/uploads\/2015\/02\/i-plus.jpg 450w, https:\/\/www.eurodent.it\/wp-content\/uploads\/2015\/02\/i-plus-300x217.jpg 300w\" sizes=\"auto, (max-width: 450px) 100vw, 450px\" \/><\/a><\/div><\/div><div class=\"col-md-8\"><div class=\"cs-column-inner\"><div class=\"cs-column-text\"><h3><a href=\"https:\/\/www.eurodent.it\/fr\/units-dentaires\/les-avantages\/\">Les avantages<\/a><\/h3>\n<p>Tous les avantages des units Eurodent, les \u00e9quipements dentaires et leurs options personnalisables, sp\u00e9cialement con\u00e7us pour des soins \u00e0 l\u2019enseigne de l\u2019ergonomie, d\u2019une excellente hygi\u00e8ne et de la qualit\u00e9 \u00ab Made in Eurodent \u00bb.<\/p>\n<p><strong><a href=\"https:\/\/www.eurodent.it\/fr\/units-dentaires\/les-avantages\/\">En savoir plus<\/a><\/strong><\/p>\n<\/div><\/div><\/div><\/div><\/div><\/section><div class=\"cs-divider-icon text-center custom-margin\" style=\"margin-top:10pxpx;margin-bottom:10pxpx;\"><div class=\"cs-divider-icon-inner\" style=\"color:#c188bb;border-top-color:#c188bb;\"><i class=\"cs-in fa fa-chevron-down\"><\/i><br \/>\n<\/div><\/div><section class=\"cs-section\"><div class=\"container\"><div class=\"row\"><div class=\"col-md-4\"><div class=\"cs-column-inner\"><a href=\"\/?page_id=4101\"><img loading=\"lazy\" decoding=\"async\" width=\"450\" height=\"326\" src=\"https:\/\/www.eurodent.it\/wp-content\/uploads\/2015\/02\/riunito-isoplus.jpg\" class=\"attachment-full size-full\" alt=\"\" srcset=\"https:\/\/www.eurodent.it\/wp-content\/uploads\/2015\/02\/riunito-isoplus.jpg 450w, https:\/\/www.eurodent.it\/wp-content\/uploads\/2015\/02\/riunito-isoplus-300x217.jpg 300w\" sizes=\"auto, (max-width: 450px) 100vw, 450px\" \/><\/a><\/div><\/div><div class=\"col-md-8\"><div class=\"cs-column-inner\"><div class=\"cs-column-text\"><h3><a href=\"https:\/\/www.eurodent.it\/fr\/units-dentaires\/unit-dentaire-isoplus\/\">Unit dentaire Isoplus<\/a><\/h3>\n<p>Caract\u00e9ris\u00e9 par un design efficace, une technologie simple et intuitive et un grand sens pratique. Tout est \u00e0 port\u00e9e de la main, fonctionnel et ergonomique, avec un syst\u00e8me d\u2019hygi\u00e8ne sophistiqu\u00e9. Par excellence un unit dentaire extr\u00eamement fiable.<\/p>\n<p><strong><a href=\"https:\/\/www.eurodent.it\/fr\/units-dentaires\/unit-dentaire-isoplus\/\">En savoir plus<\/a><\/strong><\/p>\n<\/div><\/div><\/div><\/div><\/div><\/section><div class=\"cs-divider-icon text-center custom-margin\" style=\"margin-top:10pxpx;margin-bottom:10pxpx;\"><div class=\"cs-divider-icon-inner\" style=\"color:#c188bb;border-top-color:#c188bb;\"><i class=\"cs-in fa fa-chevron-down\"><\/i><br \/>\n<\/div><\/div><section class=\"cs-section\"><div class=\"container\"><div class=\"row\"><div class=\"col-md-4\"><div class=\"cs-column-inner\"><a href=\"\/?page_id=4105\"><img loading=\"lazy\" decoding=\"async\" width=\"450\" height=\"326\" src=\"https:\/\/www.eurodent.it\/wp-content\/uploads\/2015\/02\/lampade.jpg\" class=\"attachment-full size-full\" alt=\"\" srcset=\"https:\/\/www.eurodent.it\/wp-content\/uploads\/2015\/02\/lampade.jpg 450w, https:\/\/www.eurodent.it\/wp-content\/uploads\/2015\/02\/lampade-300x217.jpg 300w\" sizes=\"auto, (max-width: 450px) 100vw, 450px\" \/><\/a><\/div><\/div><div class=\"col-md-8\"><div class=\"cs-column-inner\"><div class=\"cs-column-text\"><h3><a href=\"https:\/\/www.eurodent.it\/fr\/units-dentaires\/scialytiques\/\">Scialytiques<\/a><\/h3>\n<p>Les meilleures conditions de travail s\u2019obtiennent quand on b\u00e9n\u00e9ficie d\u2019une vision optimale.\u2028Les scialytiques Eurodent fournissent une lumi\u00e8re blanche naturelle de tr\u00e8s grande qualit\u00e9, un parfait m\u00e9lange chromatique pour garantir la lumi\u00e8re blanche dans tous les points du champ d\u2019\u00e9clairage.<\/p>\n<p><strong><a href=\"https:\/\/www.eurodent.it\/fr\/units-dentaires\/scialytiques\/\">En savoir plus<\/a><\/strong><\/p>\n<\/div><\/div><\/div><\/div><\/div><\/section><div class=\"cs-divider-icon text-center custom-margin\" style=\"margin-top:10pxpx;margin-bottom:10pxpx;\"><div class=\"cs-divider-icon-inner\" style=\"color:#c188bb;border-top-color:#c188bb;\"><i class=\"cs-in fa fa-chevron-down\"><\/i><br \/>\n<\/div><\/div><section class=\"cs-section\"><div class=\"container\"><div class=\"row\"><div class=\"col-md-4\"><div class=\"cs-column-inner\"><a href=\"\/?page_id=4108\"><img loading=\"lazy\" decoding=\"async\" width=\"450\" height=\"326\" src=\"https:\/\/www.eurodent.it\/wp-content\/uploads\/2015\/02\/comando-a-pedale.jpg\" class=\"attachment-full size-full\" alt=\"\" srcset=\"https:\/\/www.eurodent.it\/wp-content\/uploads\/2015\/02\/comando-a-pedale.jpg 450w, https:\/\/www.eurodent.it\/wp-content\/uploads\/2015\/02\/comando-a-pedale-300x217.jpg 300w\" sizes=\"auto, (max-width: 450px) 100vw, 450px\" \/><\/a><\/div><\/div><div class=\"col-md-8\"><div class=\"cs-column-inner\"><div class=\"cs-column-text\"><h3><a href=\"https:\/\/www.eurodent.it\/fr\/units-dentaires\/commande-a-pedale\/\">Commande \u00e0 p\u00e9dale<\/a><\/h3>\n<p>Il suffit d\u2019appuyer l\u00e9g\u00e8rement sur les boutons de la commande \u00e0 p\u00e9dale Eurodent pour activer toutes les fonctions des instruments et du fauteuil.\u2028Le confort de travail est garanti et la posture est correcte.<\/p>\n<p><strong><a href=\"https:\/\/www.eurodent.it\/fr\/units-dentaires\/commande-a-pedale\/\">En savoir plus<\/a><\/strong><\/p>\n<\/div><\/div><\/div><\/div><\/div><\/section><div class=\"cs-divider-icon text-center custom-margin\" style=\"margin-top:10pxpx;margin-bottom:10pxpx;\"><div class=\"cs-divider-icon-inner\" style=\"color:#c188bb;border-top-color:#c188bb;\"><i class=\"cs-in fa fa-chevron-down\"><\/i><br \/>\n<\/div><\/div><section class=\"cs-section\"><div class=\"container\"><div class=\"row\"><div class=\"col-md-4\"><div class=\"cs-column-inner\"><a href=\"\/?page_id=4112\"><img loading=\"lazy\" decoding=\"async\" width=\"450\" height=\"326\" src=\"https:\/\/www.eurodent.it\/wp-content\/uploads\/2015\/02\/strumentazione.jpg\" class=\"attachment-full size-full\" alt=\"\" srcset=\"https:\/\/www.eurodent.it\/wp-content\/uploads\/2015\/02\/strumentazione.jpg 450w, https:\/\/www.eurodent.it\/wp-content\/uploads\/2015\/02\/strumentazione-300x217.jpg 300w\" sizes=\"auto, (max-width: 450px) 100vw, 450px\" \/><\/a><\/div><\/div><div class=\"col-md-8\"><div class=\"cs-column-inner\"><div class=\"cs-column-text\"><h3><a href=\"https:\/\/www.eurodent.it\/fr\/units-dentaires\/instrumentation\/\">Instrumentation<\/a><\/h3>\n<p>Instruments de haute pr\u00e9cision pour dentistes, indiqu\u00e9s pour tous les soins dentaires et les champs d\u2019application respectifs<\/p>\n<ul>\n<li>Extr\u00eamement robustes<\/li>\n<li>Silencieux et sans vibrations<\/li>\n<li>Construits suivant des proc\u00e9d\u00e9s de haute pr\u00e9cision<\/li>\n<\/ul>\n<p><strong><a href=\"https:\/\/www.eurodent.it\/fr\/units-dentaires\/instrumentation\/\">En savoir plus<\/a><\/strong><\/p>\n<\/div><\/div><\/div><\/div><\/div><\/section><div class=\"cs-divider-icon text-center custom-margin\" style=\"margin-top:10pxpx;margin-bottom:10pxpx;\"><div class=\"cs-divider-icon-inner\" style=\"color:#c188bb;border-top-color:#c188bb;\"><i class=\"cs-in fa fa-chevron-down\"><\/i><br \/>\n<\/div><\/div><section class=\"cs-section\"><div class=\"container\"><div class=\"row\"><div class=\"col-md-4\"><div class=\"cs-column-inner\"><a href=\"\/?page_id=4115\"><img loading=\"lazy\" decoding=\"async\" width=\"450\" height=\"326\" src=\"https:\/\/www.eurodent.it\/wp-content\/uploads\/2015\/02\/accessori-per-riunito-02.jpg\" class=\"attachment-full size-full\" alt=\"\" srcset=\"https:\/\/www.eurodent.it\/wp-content\/uploads\/2015\/02\/accessori-per-riunito-02.jpg 450w, https:\/\/www.eurodent.it\/wp-content\/uploads\/2015\/02\/accessori-per-riunito-02-300x217.jpg 300w\" sizes=\"auto, (max-width: 450px) 100vw, 450px\" \/><\/a><\/div><\/div><div class=\"col-md-8\"><div class=\"cs-column-inner\"><div class=\"cs-column-text\"><h3><a href=\"https:\/\/www.eurodent.it\/fr\/units-dentaires\/accessoires-pour-unit-dentaire\/\">Accessoires pour unit dentaire<\/a><\/h3>\n<p>Un panorama des \u00e9quipements dentaires qui peuvent \u00eatre int\u00e9gr\u00e9s aux units Eurodent.<\/p>\n<p><strong><a href=\"https:\/\/www.eurodent.it\/fr\/units-dentaires\/accessoires-pour-unit-dentaire\/\">En savoir plus<\/a><\/strong><\/p>\n<\/div><\/div><\/div><\/div><\/div><\/section><\/div><\/div><\/div><\/div><\/section>\n","protected":false},"excerpt":{"rendered":"<p><span class=\"entry-read-more\"><a href=\"https:\/\/www.eurodent.it\/fr\/units-dentaires\/\" class=\"cs-btn cs-btn-flat cs-btn-rounded cs-btn-xxs cs-btn-flat-accent\">Lire la suite<\/a><\/span><\/p>\n","protected":false},"author":1,"featured_media":0,"parent":0,"menu_order":0,"comment_status":"closed","ping_status":"closed","template":"","meta":{"footnotes":""},"class_list":["post-4072","page","type-page","status-publish","hentry"],"yoast_head":"<!-- This site is optimized with the Yoast SEO plugin v23.9 - https:\/\/yoast.com\/wordpress\/plugins\/seo\/ -->\n<title>Units dentaires - Eurodent - Treat Yourself! - Dental Equipment<\/title>\n<meta name=\"robots\" content=\"index, follow, max-snippet:-1, max-image-preview:large, max-video-preview:-1\" \/>\n<link rel=\"canonical\" href=\"https:\/\/www.eurodent.it\/fr\/units-dentaires\/\" \/>\n<meta property=\"og:locale\" content=\"fr_FR\" \/>\n<meta property=\"og:type\" content=\"article\" \/>\n<meta property=\"og:title\" content=\"Units dentaires - Eurodent - Treat Yourself! - Dental Equipment\" \/>\n<meta property=\"og:url\" content=\"https:\/\/www.eurodent.it\/fr\/units-dentaires\/\" \/>\n<meta property=\"og:site_name\" content=\"Eurodent - Treat Yourself! - Dental Equipment\" \/>\n<meta property=\"article:modified_time\" content=\"2016-03-11T14:06:29+00:00\" \/>\n<meta name=\"twitter:card\" content=\"summary_large_image\" \/>\n<meta name=\"twitter:label1\" content=\"Dur\u00e9e de lecture estim\u00e9e\" \/>\n\t<meta name=\"twitter:data1\" content=\"3 minutes\" \/>\n<script type=\"application\/ld+json\" class=\"yoast-schema-graph\">{\"@context\":\"https:\/\/schema.org\",\"@graph\":[{\"@type\":\"WebPage\",\"@id\":\"https:\/\/www.eurodent.it\/fr\/units-dentaires\/\",\"url\":\"https:\/\/www.eurodent.it\/fr\/units-dentaires\/\",\"name\":\"Units dentaires - Eurodent - Treat Yourself! - Dental Equipment\",\"isPartOf\":{\"@id\":\"https:\/\/www.eurodent.it\/es\/#website\"},\"datePublished\":\"2016-03-11T09:14:35+00:00\",\"dateModified\":\"2016-03-11T14:06:29+00:00\",\"breadcrumb\":{\"@id\":\"https:\/\/www.eurodent.it\/fr\/units-dentaires\/#breadcrumb\"},\"inLanguage\":\"fr-FR\",\"potentialAction\":[{\"@type\":\"ReadAction\",\"target\":[\"https:\/\/www.eurodent.it\/fr\/units-dentaires\/\"]}]},{\"@type\":\"BreadcrumbList\",\"@id\":\"https:\/\/www.eurodent.it\/fr\/units-dentaires\/#breadcrumb\",\"itemListElement\":[{\"@type\":\"ListItem\",\"position\":1,\"name\":\"Home\",\"item\":\"https:\/\/www.eurodent.it\/fr\/\"},{\"@type\":\"ListItem\",\"position\":2,\"name\":\"Units dentaires\"}]},{\"@type\":\"WebSite\",\"@id\":\"https:\/\/www.eurodent.it\/es\/#website\",\"url\":\"https:\/\/www.eurodent.it\/es\/\",\"name\":\"Eurodent - Treat Yourself! - Dental Equipment\",\"description\":\"\",\"publisher\":{\"@id\":\"https:\/\/www.eurodent.it\/es\/#organization\"},\"potentialAction\":[{\"@type\":\"SearchAction\",\"target\":{\"@type\":\"EntryPoint\",\"urlTemplate\":\"https:\/\/www.eurodent.it\/es\/?s={search_term_string}\"},\"query-input\":{\"@type\":\"PropertyValueSpecification\",\"valueRequired\":true,\"valueName\":\"search_term_string\"}}],\"inLanguage\":\"fr-FR\"},{\"@type\":\"Organization\",\"@id\":\"https:\/\/www.eurodent.it\/es\/#organization\",\"name\":\"Eurodent\",\"url\":\"https:\/\/www.eurodent.it\/es\/\",\"logo\":{\"@type\":\"ImageObject\",\"inLanguage\":\"fr-FR\",\"@id\":\"https:\/\/www.eurodent.it\/es\/#\/schema\/logo\/image\/\",\"url\":\"https:\/\/www.eurodent.it\/wp-content\/uploads\/2015\/02\/logo.png\",\"contentUrl\":\"https:\/\/www.eurodent.it\/wp-content\/uploads\/2015\/02\/logo.png\",\"width\":270,\"height\":60,\"caption\":\"Eurodent\"},\"image\":{\"@id\":\"https:\/\/www.eurodent.it\/es\/#\/schema\/logo\/image\/\"}}]}<\/script>\n<!-- \/ Yoast SEO plugin. -->","yoast_head_json":{"title":"Units dentaires - Eurodent - Treat Yourself! - Dental Equipment","robots":{"index":"index","follow":"follow","max-snippet":"max-snippet:-1","max-image-preview":"max-image-preview:large","max-video-preview":"max-video-preview:-1"},"canonical":"https:\/\/www.eurodent.it\/fr\/units-dentaires\/","og_locale":"fr_FR","og_type":"article","og_title":"Units dentaires - Eurodent - Treat Yourself! - Dental Equipment","og_url":"https:\/\/www.eurodent.it\/fr\/units-dentaires\/","og_site_name":"Eurodent - Treat Yourself! - Dental Equipment","article_modified_time":"2016-03-11T14:06:29+00:00","twitter_card":"summary_large_image","twitter_misc":{"Dur\u00e9e de lecture estim\u00e9e":"3 minutes"},"schema":{"@context":"https:\/\/schema.org","@graph":[{"@type":"WebPage","@id":"https:\/\/www.eurodent.it\/fr\/units-dentaires\/","url":"https:\/\/www.eurodent.it\/fr\/units-dentaires\/","name":"Units dentaires - Eurodent - Treat Yourself! - Dental Equipment","isPartOf":{"@id":"https:\/\/www.eurodent.it\/es\/#website"},"datePublished":"2016-03-11T09:14:35+00:00","dateModified":"2016-03-11T14:06:29+00:00","breadcrumb":{"@id":"https:\/\/www.eurodent.it\/fr\/units-dentaires\/#breadcrumb"},"inLanguage":"fr-FR","potentialAction":[{"@type":"ReadAction","target":["https:\/\/www.eurodent.it\/fr\/units-dentaires\/"]}]},{"@type":"BreadcrumbList","@id":"https:\/\/www.eurodent.it\/fr\/units-dentaires\/#breadcrumb","itemListElement":[{"@type":"ListItem","position":1,"name":"Home","item":"https:\/\/www.eurodent.it\/fr\/"},{"@type":"ListItem","position":2,"name":"Units dentaires"}]},{"@type":"WebSite","@id":"https:\/\/www.eurodent.it\/es\/#website","url":"https:\/\/www.eurodent.it\/es\/","name":"Eurodent - Treat Yourself! - Dental Equipment","description":"","publisher":{"@id":"https:\/\/www.eurodent.it\/es\/#organization"},"potentialAction":[{"@type":"SearchAction","target":{"@type":"EntryPoint","urlTemplate":"https:\/\/www.eurodent.it\/es\/?s={search_term_string}"},"query-input":{"@type":"PropertyValueSpecification","valueRequired":true,"valueName":"search_term_string"}}],"inLanguage":"fr-FR"},{"@type":"Organization","@id":"https:\/\/www.eurodent.it\/es\/#organization","name":"Eurodent","url":"https:\/\/www.eurodent.it\/es\/","logo":{"@type":"ImageObject","inLanguage":"fr-FR","@id":"https:\/\/www.eurodent.it\/es\/#\/schema\/logo\/image\/","url":"https:\/\/www.eurodent.it\/wp-content\/uploads\/2015\/02\/logo.png","contentUrl":"https:\/\/www.eurodent.it\/wp-content\/uploads\/2015\/02\/logo.png","width":270,"height":60,"caption":"Eurodent"},"image":{"@id":"https:\/\/www.eurodent.it\/es\/#\/schema\/logo\/image\/"}}]}},"_links":{"self":[{"href":"https:\/\/www.eurodent.it\/fr\/wp-json\/wp\/v2\/pages\/4072","targetHints":{"allow":["GET"]}}],"collection":[{"href":"https:\/\/www.eurodent.it\/fr\/wp-json\/wp\/v2\/pages"}],"about":[{"href":"https:\/\/www.eurodent.it\/fr\/wp-json\/wp\/v2\/types\/page"}],"author":[{"embeddable":true,"href":"https:\/\/www.eurodent.it\/fr\/wp-json\/wp\/v2\/users\/1"}],"replies":[{"embeddable":true,"href":"https:\/\/www.eurodent.it\/fr\/wp-json\/wp\/v2\/comments?post=4072"}],"version-history":[{"count":0,"href":"https:\/\/www.eurodent.it\/fr\/wp-json\/wp\/v2\/pages\/4072\/revisions"}],"wp:attachment":[{"href":"https:\/\/www.eurodent.it\/fr\/wp-json\/wp\/v2\/media?parent=4072"}],"curies":[{"name":"wp","href":"https:\/\/api.w.org\/{rel}","templated":true}]}}