{"id":4083,"date":"2016-03-11T10:15:28","date_gmt":"2016-03-11T09:15:28","guid":{"rendered":"http:\/\/www.eurodent.it\/fr\/?page_id=4083"},"modified":"2016-03-11T17:08:18","modified_gmt":"2016-03-11T16:08:18","slug":"tabourets","status":"publish","type":"page","link":"https:\/\/www.eurodent.it\/fr\/tabourets\/","title":{"rendered":"Tabourets"},"content":{"rendered":"<section class=\"cs-section custom-padding\" style=\" padding-top: 30px; padding-bottom:30px;\"><div class=\"container\"><div class=\"row\"><div class=\"col-md-3\"><div class=\"cs-column-inner\"><aside id=\"sidebar\"><div class=\"route_widget widget_nav_menu\"><div class=\"menu-seggiolini-fr-container\"><ul id=\"menu-seggiolini-fr\" class=\"menu\"><li id=\"menu-item-4450\" class=\"menu-item menu-item-type-post_type menu-item-object-page menu-item-4450\"><a href=\"https:\/\/www.eurodent.it\/fr\/units-dentaires\/\">Units dentaires<\/a><\/li>\n<li id=\"menu-item-4445\" class=\"menu-item menu-item-type-post_type menu-item-object-page menu-item-has-children menu-item-4445\"><a href=\"https:\/\/www.eurodent.it\/fr\/tabourets\/\">Tabourets<\/a>\n<ul class=\"sub-menu\">\n\t<li id=\"menu-item-4446\" class=\"menu-item menu-item-type-post_type menu-item-object-page menu-item-4446\"><a href=\"https:\/\/www.eurodent.it\/fr\/tabourets\/4u-et-4u-s\/\">4U et 4U-S<\/a><\/li>\n\t<li id=\"menu-item-4449\" class=\"menu-item menu-item-type-post_type menu-item-object-page menu-item-4449\"><a href=\"https:\/\/www.eurodent.it\/fr\/tabourets\/syncro-t3-et-syncro-t5\/\">Syncro T3 et Syncro T5<\/a><\/li>\n\t<li id=\"menu-item-4447\" class=\"menu-item menu-item-type-post_type menu-item-object-page menu-item-4447\"><a href=\"https:\/\/www.eurodent.it\/fr\/tabourets\/assist-et-assist-plus\/\">Assist et Assist Plus<\/a><\/li>\n\t<li id=\"menu-item-4448\" class=\"menu-item menu-item-type-post_type menu-item-object-page menu-item-4448\"><a href=\"https:\/\/www.eurodent.it\/fr\/tabourets\/harley\/\">Harley<\/a><\/li>\n<\/ul>\n<\/li>\n<\/ul><\/div><div class=\"clear\"><\/div><\/div><\/aside><aside id=\"sidebar\"><div class=\"route_widget widget_text\">\t\t\t<div class=\"textwidget\"><div class=\"cs-btn-align text-left cs-btn-block\" style=\"margin-bottom:30px;\">\n\t<a class=\"cs-btn cs-btn-flat cs-btn-square cs-btn-flat-accent cs-btn-sm cs-btn-no-bold cs-btn-block btnDownload \" href=\"#\"><i class=\"cs-in fa fa-download\"><\/i>T\u00e9l\u00e9chargements<\/a>\n<\/div>\n<ul style=\"margin-left: 40px;\" class=\"cs-icon-list\">  \n<li><i class=\"cs-in fa fa-file-pdf-o\"><\/i><a target=\"_blank\" href=\"\/wp-content\/uploads\/2018\/02\/absolute.pdf\">Catalogue Absolute<\/a><\/li>\n<li><i class=\"cs-in fa fa-file-pdf-o\"><\/i><a target=\"_blank\" href=\"\/wp-content\/uploads\/2019\/03\/catalogo-isotron.pdf\">Catalogue Isotron<\/a><\/li>\n<li><i class=\"cs-in fa fa-file-pdf-o\"><\/i><a target=\"_blank\" href=\"\/wp-content\/uploads\/2015\/02\/catalogo-isoplus.pdf\">Catalogue Isoplus<\/a><\/li>\n<li><i class=\"cs-in fa fa-file-pdf-o\"><\/i><a target=\"_blank\" href=\"https:\/\/www.eurodent.it\/wp-content\/uploads\/2021\/08\/isoflex.pdf\">Catalogue Isoflex<\/a><\/li>\n<li><i class=\"cs-in fa fa-file-pdf-o\"><\/i><a target=\"_blank\" href=\"\/wp-content\/uploads\/2021\/03\/catalogo-ISO-OS.pdf\">Catalogue ISO\/OS<\/a><\/li>\n<li><i class=\"cs-in fa fa-file-pdf-o\"><\/i><a target=\"_blank\" href=\"\/wp-content\/uploads\/2024\/11\/supreme-fra.pdf\">Catalogue Supreme<\/a><\/li>\n<li><i class=\"cs-in fa fa-file-pdf-o\"><\/i><a target=\"_blank\" href=\"https:\/\/www.eurodent.it\/\/wp-content\/uploads\/2024\/09\/catalogo-eos.pdf\">Catalogue EOS<\/a><\/li>\n<li><i class=\"cs-in fa fa-file-pdf-o\"><\/i><a target=\"_blank\" href=\"https:\/\/www.eurodent.it\/wp-content\/uploads\/2023\/03\/vision.pdf\">Catalogue Vision<\/a><\/li>\t\n<\/ul><\/div>\n\t\t<div class=\"clear\"><\/div><\/div><\/aside><hr class=\"cs-space\" style=\"margin-top:40px\"><div class=\"cs-toggle\"><h6 class=\"cs-toggle-title\"><i class=\"cs-in fa cs-anim-icon\"><\/i>DEMANDE D\u2019INFORMATIONS<\/h6><div class=\"cs-toggle-content\">\n<div class=\"wpcf7 no-js\" id=\"wpcf7-f4053-o1\" lang=\"it-IT\" dir=\"ltr\" data-wpcf7-id=\"4053\">\n<div class=\"screen-reader-response\"><p role=\"status\" aria-live=\"polite\" aria-atomic=\"true\"><\/p> <ul><\/ul><\/div>\n<form action=\"\/fr\/wp-json\/wp\/v2\/pages\/4083#wpcf7-f4053-o1\" method=\"post\" class=\"wpcf7-form init\" aria-label=\"Modulo di contatto\" novalidate=\"novalidate\" data-status=\"init\">\n<div style=\"display: none;\">\n<input type=\"hidden\" name=\"_wpcf7\" value=\"4053\" \/>\n<input type=\"hidden\" name=\"_wpcf7_version\" value=\"6.0.1\" \/>\n<input type=\"hidden\" name=\"_wpcf7_locale\" value=\"it_IT\" \/>\n<input type=\"hidden\" name=\"_wpcf7_unit_tag\" value=\"wpcf7-f4053-o1\" \/>\n<input type=\"hidden\" name=\"_wpcf7_container_post\" value=\"0\" \/>\n<input type=\"hidden\" name=\"_wpcf7_posted_data_hash\" value=\"\" \/>\n<input type=\"hidden\" name=\"_wpcf7_recaptcha_response\" value=\"\" \/>\n<\/div>\n<p><span class=\"wpcf7-form-control-wrap\" data-name=\"nome\"><input size=\"40\" maxlength=\"400\" class=\"wpcf7-form-control wpcf7-text wpcf7-validates-as-required\" aria-required=\"true\" aria-invalid=\"false\" placeholder=\"Pr\u00e9nom*\" value=\"\" type=\"text\" name=\"nome\" \/><\/span>\n<\/p>\n<p><span class=\"wpcf7-form-control-wrap\" data-name=\"cognome\"><input size=\"40\" maxlength=\"400\" class=\"wpcf7-form-control wpcf7-text wpcf7-validates-as-required\" aria-required=\"true\" aria-invalid=\"false\" placeholder=\"Nom*\" value=\"\" type=\"text\" name=\"cognome\" \/><\/span>\n<\/p>\n<p><span class=\"wpcf7-form-control-wrap\" data-name=\"professione\"><input size=\"40\" maxlength=\"400\" class=\"wpcf7-form-control wpcf7-text wpcf7-validates-as-required\" aria-required=\"true\" aria-invalid=\"false\" placeholder=\"Profession*\" value=\"\" type=\"text\" name=\"professione\" \/><\/span>\n<\/p>\n<p><span class=\"wpcf7-form-control-wrap\" data-name=\"telefono\"><input size=\"40\" maxlength=\"400\" class=\"wpcf7-form-control wpcf7-tel wpcf7-validates-as-required wpcf7-text wpcf7-validates-as-tel\" aria-required=\"true\" aria-invalid=\"false\" placeholder=\"T\u00e9l\u00e9phone*\" value=\"\" type=\"tel\" name=\"telefono\" \/><\/span>\n<\/p>\n<p><span class=\"wpcf7-form-control-wrap\" data-name=\"email\"><input size=\"40\" maxlength=\"400\" class=\"wpcf7-form-control wpcf7-email wpcf7-validates-as-required wpcf7-text wpcf7-validates-as-email\" aria-required=\"true\" aria-invalid=\"false\" placeholder=\"E-mail*\" value=\"\" type=\"email\" name=\"email\" \/><\/span>\n<\/p>\n<p><span class=\"wpcf7-form-control-wrap\" data-name=\"citta\"><input size=\"40\" maxlength=\"400\" class=\"wpcf7-form-control wpcf7-text wpcf7-validates-as-required\" aria-required=\"true\" aria-invalid=\"false\" placeholder=\"Ville*\" value=\"\" type=\"text\" name=\"citta\" \/><\/span>\n<\/p>\n<p><span class=\"wpcf7-form-control-wrap\" data-name=\"stato\"><input size=\"40\" maxlength=\"400\" class=\"wpcf7-form-control wpcf7-text wpcf7-validates-as-required\" aria-required=\"true\" aria-invalid=\"false\" placeholder=\"Pays*\" value=\"\" type=\"text\" name=\"stato\" \/><\/span>\n<\/p>\n<p><span class=\"wpcf7-form-control-wrap\" data-name=\"messaggio\"><textarea cols=\"40\" rows=\"10\" maxlength=\"2000\" class=\"wpcf7-form-control wpcf7-textarea\" aria-invalid=\"false\" placeholder=\"Votre message\" name=\"messaggio\"><\/textarea><\/span>\n<\/p>\n<p><a href=\"https:\/\/www.eurodent.it\/fr\/politique-de-confidentialite\/\"    target=\"_blank\">Politique de confidentialit\u00e9<\/a>\n<\/p>\n<p><label><span class=\"wpcf7-form-control-wrap\" data-name=\"job-privacy\"><span class=\"wpcf7-form-control wpcf7-acceptance\"><span class=\"wpcf7-list-item\"><input type=\"checkbox\" name=\"job-privacy\" value=\"1\" aria-invalid=\"false\" \/><\/span><\/span><\/span> J\u2019accepte<\/label>\n<\/p>\n<p><input class=\"cs-btn cs-btn-flat cs-btn-rounded cs-btn-sm cs-btn-flat-accent wpcf7-form-control wpcf7-submit\" type=\"submit\" value=\"Envoyer\" \/>\n<\/p><input type='hidden' class='wpcf7-pum' value='{\"closepopup\":false,\"closedelay\":0,\"openpopup\":false,\"openpopup_id\":0}' \/><div class=\"wpcf7-response-output\" aria-hidden=\"true\"><\/div>\n<\/form>\n<\/div>\n\n<\/div><\/div><\/div><\/div><div class=\"col-md-9\" style=\"padding-top:20px;\"><div class=\"cs-column-inner\"><section class=\"cs-section\"><div class=\"container\"><div class=\"row\"><div class=\"col-md-12\"><div class=\"cs-column-inner\"><img loading=\"lazy\" decoding=\"async\" width=\"1000\" height=\"400\" src=\"https:\/\/www.eurodent.it\/wp-content\/uploads\/2015\/02\/seggiolini-news.jpg\" class=\"attachment-full size-full\" alt=\"\" srcset=\"https:\/\/www.eurodent.it\/wp-content\/uploads\/2015\/02\/seggiolini-news.jpg 1000w, https:\/\/www.eurodent.it\/wp-content\/uploads\/2015\/02\/seggiolini-news-300x120.jpg 300w, https:\/\/www.eurodent.it\/wp-content\/uploads\/2015\/02\/seggiolini-news-768x307.jpg 768w\" sizes=\"auto, (max-width: 1000px) 100vw, 1000px\" \/><\/div><\/div><\/div><\/div><\/section><div class=\"cs-divider-icon text-center custom-margin\" style=\"margin-top:10pxpx;margin-bottom:10pxpx;\"><div class=\"cs-divider-icon-inner\" style=\"color:#c188bb;border-top-color:#c188bb;\"><i class=\"cs-in fa fa-chevron-down\"><\/i><br \/>\n<\/div><\/div><section class=\"cs-section\"><div class=\"container\"><div class=\"row\"><div class=\"col-md-12\"><div class=\"cs-column-inner\"><div class=\"cs-column-text\"><p>Des heures et des heures de travail au cabinet.<br \/>\nIl faut trouver la position optimale pour \u00e9viter les douleurs futures. Un tabouret de qualit\u00e9 est le meilleur alli\u00e9 de la sant\u00e9 du dentiste.\u2028Tous les tabourets Eurodent permettent de maintenir une g\u00e9om\u00e9trie musculo-squelettique correcte.\u2028Le confort est assur\u00e9, m\u00eame en cas d\u2019interventions prolong\u00e9es.<\/p>\n<ul>\n<li><a href=\"https:\/\/www.eurodent.it\/fr\/tabourets\/4u-et-4u-s\/\">Tabouret 4U et 4U-S<\/a><\/li>\n<li><a href=\"https:\/\/www.eurodent.it\/fr\/tabourets\/syncro-t3-et-syncro-t5\/\">Tabouret Syncro T3 et Syncro T5<\/a><\/li>\n<li><a href=\"https:\/\/www.eurodent.it\/fr\/tabourets\/assist-et-assist-plus\/\">Tabouret Assist et Assist Plus<\/a><\/li>\n<li><a href=\"https:\/\/www.eurodent.it\/fr\/tabourets\/harley\/\">Tabouret Harley<\/a><\/li>\n<\/ul>\n<\/div><\/div><\/div><\/div><\/div><\/section><\/div><\/div><\/div><\/div><\/section>\n","protected":false},"excerpt":{"rendered":"<p><span class=\"entry-read-more\"><a href=\"https:\/\/www.eurodent.it\/fr\/tabourets\/\" class=\"cs-btn cs-btn-flat cs-btn-rounded cs-btn-xxs cs-btn-flat-accent\">Lire la suite<\/a><\/span><\/p>\n","protected":false},"author":1,"featured_media":0,"parent":0,"menu_order":0,"comment_status":"closed","ping_status":"closed","template":"","meta":{"footnotes":""},"class_list":["post-4083","page","type-page","status-publish","hentry"],"yoast_head":"<!-- This site is optimized with the Yoast SEO plugin v23.9 - https:\/\/yoast.com\/wordpress\/plugins\/seo\/ -->\n<title>Tabourets - Eurodent - Treat Yourself! - Dental Equipment<\/title>\n<meta name=\"robots\" content=\"index, follow, max-snippet:-1, max-image-preview:large, max-video-preview:-1\" \/>\n<link rel=\"canonical\" href=\"https:\/\/www.eurodent.it\/fr\/tabourets\/\" \/>\n<meta property=\"og:locale\" content=\"fr_FR\" \/>\n<meta property=\"og:type\" content=\"article\" \/>\n<meta property=\"og:title\" content=\"Tabourets - Eurodent - Treat Yourself! - Dental Equipment\" \/>\n<meta property=\"og:url\" content=\"https:\/\/www.eurodent.it\/fr\/tabourets\/\" \/>\n<meta property=\"og:site_name\" content=\"Eurodent - Treat Yourself! - Dental Equipment\" \/>\n<meta property=\"article:modified_time\" content=\"2016-03-11T16:08:18+00:00\" \/>\n<meta name=\"twitter:card\" content=\"summary_large_image\" \/>\n<meta name=\"twitter:label1\" content=\"Dur\u00e9e de lecture estim\u00e9e\" \/>\n\t<meta name=\"twitter:data1\" content=\"1 minute\" \/>\n<script type=\"application\/ld+json\" class=\"yoast-schema-graph\">{\"@context\":\"https:\/\/schema.org\",\"@graph\":[{\"@type\":\"WebPage\",\"@id\":\"https:\/\/www.eurodent.it\/fr\/tabourets\/\",\"url\":\"https:\/\/www.eurodent.it\/fr\/tabourets\/\",\"name\":\"Tabourets - Eurodent - Treat Yourself! - Dental Equipment\",\"isPartOf\":{\"@id\":\"https:\/\/www.eurodent.it\/es\/#website\"},\"datePublished\":\"2016-03-11T09:15:28+00:00\",\"dateModified\":\"2016-03-11T16:08:18+00:00\",\"breadcrumb\":{\"@id\":\"https:\/\/www.eurodent.it\/fr\/tabourets\/#breadcrumb\"},\"inLanguage\":\"fr-FR\",\"potentialAction\":[{\"@type\":\"ReadAction\",\"target\":[\"https:\/\/www.eurodent.it\/fr\/tabourets\/\"]}]},{\"@type\":\"BreadcrumbList\",\"@id\":\"https:\/\/www.eurodent.it\/fr\/tabourets\/#breadcrumb\",\"itemListElement\":[{\"@type\":\"ListItem\",\"position\":1,\"name\":\"Home\",\"item\":\"https:\/\/www.eurodent.it\/fr\/\"},{\"@type\":\"ListItem\",\"position\":2,\"name\":\"Tabourets\"}]},{\"@type\":\"WebSite\",\"@id\":\"https:\/\/www.eurodent.it\/es\/#website\",\"url\":\"https:\/\/www.eurodent.it\/es\/\",\"name\":\"Eurodent - Treat Yourself! - Dental Equipment\",\"description\":\"\",\"publisher\":{\"@id\":\"https:\/\/www.eurodent.it\/es\/#organization\"},\"potentialAction\":[{\"@type\":\"SearchAction\",\"target\":{\"@type\":\"EntryPoint\",\"urlTemplate\":\"https:\/\/www.eurodent.it\/es\/?s={search_term_string}\"},\"query-input\":{\"@type\":\"PropertyValueSpecification\",\"valueRequired\":true,\"valueName\":\"search_term_string\"}}],\"inLanguage\":\"fr-FR\"},{\"@type\":\"Organization\",\"@id\":\"https:\/\/www.eurodent.it\/es\/#organization\",\"name\":\"Eurodent\",\"url\":\"https:\/\/www.eurodent.it\/es\/\",\"logo\":{\"@type\":\"ImageObject\",\"inLanguage\":\"fr-FR\",\"@id\":\"https:\/\/www.eurodent.it\/es\/#\/schema\/logo\/image\/\",\"url\":\"https:\/\/www.eurodent.it\/wp-content\/uploads\/2015\/02\/logo.png\",\"contentUrl\":\"https:\/\/www.eurodent.it\/wp-content\/uploads\/2015\/02\/logo.png\",\"width\":270,\"height\":60,\"caption\":\"Eurodent\"},\"image\":{\"@id\":\"https:\/\/www.eurodent.it\/es\/#\/schema\/logo\/image\/\"}}]}<\/script>\n<!-- \/ Yoast SEO plugin. -->","yoast_head_json":{"title":"Tabourets - Eurodent - Treat Yourself! - Dental Equipment","robots":{"index":"index","follow":"follow","max-snippet":"max-snippet:-1","max-image-preview":"max-image-preview:large","max-video-preview":"max-video-preview:-1"},"canonical":"https:\/\/www.eurodent.it\/fr\/tabourets\/","og_locale":"fr_FR","og_type":"article","og_title":"Tabourets - Eurodent - Treat Yourself! - Dental Equipment","og_url":"https:\/\/www.eurodent.it\/fr\/tabourets\/","og_site_name":"Eurodent - Treat Yourself! - Dental Equipment","article_modified_time":"2016-03-11T16:08:18+00:00","twitter_card":"summary_large_image","twitter_misc":{"Dur\u00e9e de lecture estim\u00e9e":"1 minute"},"schema":{"@context":"https:\/\/schema.org","@graph":[{"@type":"WebPage","@id":"https:\/\/www.eurodent.it\/fr\/tabourets\/","url":"https:\/\/www.eurodent.it\/fr\/tabourets\/","name":"Tabourets - Eurodent - Treat Yourself! - Dental Equipment","isPartOf":{"@id":"https:\/\/www.eurodent.it\/es\/#website"},"datePublished":"2016-03-11T09:15:28+00:00","dateModified":"2016-03-11T16:08:18+00:00","breadcrumb":{"@id":"https:\/\/www.eurodent.it\/fr\/tabourets\/#breadcrumb"},"inLanguage":"fr-FR","potentialAction":[{"@type":"ReadAction","target":["https:\/\/www.eurodent.it\/fr\/tabourets\/"]}]},{"@type":"BreadcrumbList","@id":"https:\/\/www.eurodent.it\/fr\/tabourets\/#breadcrumb","itemListElement":[{"@type":"ListItem","position":1,"name":"Home","item":"https:\/\/www.eurodent.it\/fr\/"},{"@type":"ListItem","position":2,"name":"Tabourets"}]},{"@type":"WebSite","@id":"https:\/\/www.eurodent.it\/es\/#website","url":"https:\/\/www.eurodent.it\/es\/","name":"Eurodent - Treat Yourself! - Dental Equipment","description":"","publisher":{"@id":"https:\/\/www.eurodent.it\/es\/#organization"},"potentialAction":[{"@type":"SearchAction","target":{"@type":"EntryPoint","urlTemplate":"https:\/\/www.eurodent.it\/es\/?s={search_term_string}"},"query-input":{"@type":"PropertyValueSpecification","valueRequired":true,"valueName":"search_term_string"}}],"inLanguage":"fr-FR"},{"@type":"Organization","@id":"https:\/\/www.eurodent.it\/es\/#organization","name":"Eurodent","url":"https:\/\/www.eurodent.it\/es\/","logo":{"@type":"ImageObject","inLanguage":"fr-FR","@id":"https:\/\/www.eurodent.it\/es\/#\/schema\/logo\/image\/","url":"https:\/\/www.eurodent.it\/wp-content\/uploads\/2015\/02\/logo.png","contentUrl":"https:\/\/www.eurodent.it\/wp-content\/uploads\/2015\/02\/logo.png","width":270,"height":60,"caption":"Eurodent"},"image":{"@id":"https:\/\/www.eurodent.it\/es\/#\/schema\/logo\/image\/"}}]}},"_links":{"self":[{"href":"https:\/\/www.eurodent.it\/fr\/wp-json\/wp\/v2\/pages\/4083","targetHints":{"allow":["GET"]}}],"collection":[{"href":"https:\/\/www.eurodent.it\/fr\/wp-json\/wp\/v2\/pages"}],"about":[{"href":"https:\/\/www.eurodent.it\/fr\/wp-json\/wp\/v2\/types\/page"}],"author":[{"embeddable":true,"href":"https:\/\/www.eurodent.it\/fr\/wp-json\/wp\/v2\/users\/1"}],"replies":[{"embeddable":true,"href":"https:\/\/www.eurodent.it\/fr\/wp-json\/wp\/v2\/comments?post=4083"}],"version-history":[{"count":0,"href":"https:\/\/www.eurodent.it\/fr\/wp-json\/wp\/v2\/pages\/4083\/revisions"}],"wp:attachment":[{"href":"https:\/\/www.eurodent.it\/fr\/wp-json\/wp\/v2\/media?parent=4083"}],"curies":[{"name":"wp","href":"https:\/\/api.w.org\/{rel}","templated":true}]}}