{"id":4127,"date":"2016-03-11T13:07:32","date_gmt":"2016-03-11T12:07:32","guid":{"rendered":"http:\/\/www.eurodent.it\/fr\/?page_id=4127"},"modified":"2016-03-11T15:31:44","modified_gmt":"2016-03-11T14:31:44","slug":"hygiene","status":"publish","type":"page","link":"https:\/\/www.eurodent.it\/fr\/units-dentaires\/les-avantages\/hygiene\/","title":{"rendered":"Hygi\u00e8ne"},"content":{"rendered":"<section class=\"cs-section custom-padding\" style=\" padding-top: 30px; padding-bottom:30px;\"><div class=\"container\"><div class=\"row\"><div class=\"col-md-3\"><div class=\"cs-column-inner\"><aside id=\"sidebar\"><div class=\"route_widget widget_nav_menu\"><div class=\"menu-riuniti-odontoiatrici-i-plus-fr-container\"><ul id=\"menu-riuniti-odontoiatrici-i-plus-fr\" class=\"menu\"><li id=\"menu-item-15409\" class=\"menu-item menu-item-type-custom menu-item-object-custom menu-item-15409\"><a href=\"https:\/\/www.eurodent.it\/fr\/units-dentaires\/les-avantages\/#certificazioni\">Certifications<\/a><\/li>\n<li id=\"menu-item-4342\" class=\"menu-item menu-item-type-post_type menu-item-object-page menu-item-4342\"><a href=\"https:\/\/www.eurodent.it\/fr\/units-dentaires\/les-avantages\/ergonomie\/\">Ergonomie<\/a><\/li>\n<li id=\"menu-item-4343\" class=\"menu-item menu-item-type-post_type menu-item-object-page menu-item-4343\"><a href=\"https:\/\/www.eurodent.it\/fr\/units-dentaires\/les-avantages\/hygiene\/\">Hygi\u00e8ne<\/a><\/li>\n<li id=\"menu-item-4344\" class=\"menu-item menu-item-type-post_type menu-item-object-page menu-item-4344\"><a href=\"https:\/\/www.eurodent.it\/fr\/units-dentaires\/les-avantages\/qualite\/\">Qualit\u00e9<\/a><\/li>\n<li id=\"menu-item-4345\" class=\"menu-item menu-item-type-post_type menu-item-object-page menu-item-4345\"><a href=\"https:\/\/www.eurodent.it\/fr\/units-dentaires\/les-avantages\/style-personnel\/\">Style personnel<\/a><\/li>\n<\/ul><\/div><div class=\"clear\"><\/div><\/div><\/aside><aside id=\"sidebar\"><div class=\"route_widget widget_text\">\t\t\t<div class=\"textwidget\"><div class=\"cs-btn-align text-left cs-btn-block\" style=\"margin-bottom:30px;\">\n\t<a class=\"cs-btn cs-btn-flat cs-btn-square cs-btn-flat-accent cs-btn-sm cs-btn-no-bold cs-btn-block btnDownload \" href=\"#\"><i class=\"cs-in fa fa-download\"><\/i>T\u00e9l\u00e9chargements<\/a>\n<\/div>\n<ul style=\"margin-left: 40px;\" class=\"cs-icon-list\">  \n<li><i class=\"cs-in fa fa-file-pdf-o\"><\/i><a target=\"_blank\" href=\"\/wp-content\/uploads\/2018\/02\/absolute.pdf\">Catalogue Absolute<\/a><\/li>\n<li><i class=\"cs-in fa fa-file-pdf-o\"><\/i><a target=\"_blank\" href=\"\/wp-content\/uploads\/2019\/03\/catalogo-isotron.pdf\">Catalogue Isotron<\/a><\/li>\n<li><i class=\"cs-in fa fa-file-pdf-o\"><\/i><a target=\"_blank\" href=\"\/wp-content\/uploads\/2015\/02\/catalogo-isoplus.pdf\">Catalogue Isoplus<\/a><\/li>\n<li><i class=\"cs-in fa fa-file-pdf-o\"><\/i><a target=\"_blank\" href=\"https:\/\/www.eurodent.it\/wp-content\/uploads\/2021\/08\/isoflex.pdf\">Catalogue Isoflex<\/a><\/li>\n<li><i class=\"cs-in fa fa-file-pdf-o\"><\/i><a target=\"_blank\" href=\"\/wp-content\/uploads\/2021\/03\/catalogo-ISO-OS.pdf\">Catalogue ISO\/OS<\/a><\/li>\n<li><i class=\"cs-in fa fa-file-pdf-o\"><\/i><a target=\"_blank\" href=\"\/wp-content\/uploads\/2024\/11\/supreme-fra.pdf\">Catalogue Supreme<\/a><\/li>\n<li><i class=\"cs-in fa fa-file-pdf-o\"><\/i><a target=\"_blank\" href=\"https:\/\/www.eurodent.it\/\/wp-content\/uploads\/2024\/09\/catalogo-eos.pdf\">Catalogue EOS<\/a><\/li>\n<li><i class=\"cs-in fa fa-file-pdf-o\"><\/i><a target=\"_blank\" href=\"https:\/\/www.eurodent.it\/wp-content\/uploads\/2023\/03\/vision.pdf\">Catalogue Vision<\/a><\/li>\t\n<\/ul><\/div>\n\t\t<div class=\"clear\"><\/div><\/div><\/aside><hr class=\"cs-space\" style=\"margin-top:40px\"><div class=\"cs-toggle\"><h6 class=\"cs-toggle-title\"><i class=\"cs-in fa cs-anim-icon\"><\/i>DEMANDE D\u2019INFORMATIONS<\/h6><div class=\"cs-toggle-content\">\n<div class=\"wpcf7 no-js\" id=\"wpcf7-f4053-o1\" lang=\"it-IT\" dir=\"ltr\" data-wpcf7-id=\"4053\">\n<div class=\"screen-reader-response\"><p role=\"status\" aria-live=\"polite\" aria-atomic=\"true\"><\/p> <ul><\/ul><\/div>\n<form action=\"\/fr\/wp-json\/wp\/v2\/pages\/4127#wpcf7-f4053-o1\" method=\"post\" class=\"wpcf7-form init\" aria-label=\"Modulo di contatto\" novalidate=\"novalidate\" data-status=\"init\">\n<div style=\"display: none;\">\n<input type=\"hidden\" name=\"_wpcf7\" value=\"4053\" \/>\n<input type=\"hidden\" name=\"_wpcf7_version\" value=\"6.0.1\" \/>\n<input type=\"hidden\" name=\"_wpcf7_locale\" value=\"it_IT\" \/>\n<input type=\"hidden\" name=\"_wpcf7_unit_tag\" value=\"wpcf7-f4053-o1\" \/>\n<input type=\"hidden\" name=\"_wpcf7_container_post\" value=\"0\" \/>\n<input type=\"hidden\" name=\"_wpcf7_posted_data_hash\" value=\"\" \/>\n<input type=\"hidden\" name=\"_wpcf7_recaptcha_response\" value=\"\" \/>\n<\/div>\n<p><span class=\"wpcf7-form-control-wrap\" data-name=\"nome\"><input size=\"40\" maxlength=\"400\" class=\"wpcf7-form-control wpcf7-text wpcf7-validates-as-required\" aria-required=\"true\" aria-invalid=\"false\" placeholder=\"Pr\u00e9nom*\" value=\"\" type=\"text\" name=\"nome\" \/><\/span>\n<\/p>\n<p><span class=\"wpcf7-form-control-wrap\" data-name=\"cognome\"><input size=\"40\" maxlength=\"400\" class=\"wpcf7-form-control wpcf7-text wpcf7-validates-as-required\" aria-required=\"true\" aria-invalid=\"false\" placeholder=\"Nom*\" value=\"\" type=\"text\" name=\"cognome\" \/><\/span>\n<\/p>\n<p><span class=\"wpcf7-form-control-wrap\" data-name=\"professione\"><input size=\"40\" maxlength=\"400\" class=\"wpcf7-form-control wpcf7-text wpcf7-validates-as-required\" aria-required=\"true\" aria-invalid=\"false\" placeholder=\"Profession*\" value=\"\" type=\"text\" name=\"professione\" \/><\/span>\n<\/p>\n<p><span class=\"wpcf7-form-control-wrap\" data-name=\"telefono\"><input size=\"40\" maxlength=\"400\" class=\"wpcf7-form-control wpcf7-tel wpcf7-validates-as-required wpcf7-text wpcf7-validates-as-tel\" aria-required=\"true\" aria-invalid=\"false\" placeholder=\"T\u00e9l\u00e9phone*\" value=\"\" type=\"tel\" name=\"telefono\" \/><\/span>\n<\/p>\n<p><span class=\"wpcf7-form-control-wrap\" data-name=\"email\"><input size=\"40\" maxlength=\"400\" class=\"wpcf7-form-control wpcf7-email wpcf7-validates-as-required wpcf7-text wpcf7-validates-as-email\" aria-required=\"true\" aria-invalid=\"false\" placeholder=\"E-mail*\" value=\"\" type=\"email\" name=\"email\" \/><\/span>\n<\/p>\n<p><span class=\"wpcf7-form-control-wrap\" data-name=\"citta\"><input size=\"40\" maxlength=\"400\" class=\"wpcf7-form-control wpcf7-text wpcf7-validates-as-required\" aria-required=\"true\" aria-invalid=\"false\" placeholder=\"Ville*\" value=\"\" type=\"text\" name=\"citta\" \/><\/span>\n<\/p>\n<p><span class=\"wpcf7-form-control-wrap\" data-name=\"stato\"><input size=\"40\" maxlength=\"400\" class=\"wpcf7-form-control wpcf7-text wpcf7-validates-as-required\" aria-required=\"true\" aria-invalid=\"false\" placeholder=\"Pays*\" value=\"\" type=\"text\" name=\"stato\" \/><\/span>\n<\/p>\n<p><span class=\"wpcf7-form-control-wrap\" data-name=\"messaggio\"><textarea cols=\"40\" rows=\"10\" maxlength=\"2000\" class=\"wpcf7-form-control wpcf7-textarea\" aria-invalid=\"false\" placeholder=\"Votre message\" name=\"messaggio\"><\/textarea><\/span>\n<\/p>\n<p><a href=\"https:\/\/www.eurodent.it\/fr\/politique-de-confidentialite\/\"    target=\"_blank\">Politique de confidentialit\u00e9<\/a>\n<\/p>\n<p><label><span class=\"wpcf7-form-control-wrap\" data-name=\"job-privacy\"><span class=\"wpcf7-form-control wpcf7-acceptance\"><span class=\"wpcf7-list-item\"><input type=\"checkbox\" name=\"job-privacy\" value=\"1\" aria-invalid=\"false\" \/><\/span><\/span><\/span> J\u2019accepte<\/label>\n<\/p>\n<p><input class=\"cs-btn cs-btn-flat cs-btn-rounded cs-btn-sm cs-btn-flat-accent wpcf7-form-control wpcf7-submit\" type=\"submit\" value=\"Envoyer\" \/>\n<\/p><input type='hidden' class='wpcf7-pum' value='{\"closepopup\":false,\"closedelay\":0,\"openpopup\":false,\"openpopup_id\":0}' \/><div class=\"wpcf7-response-output\" aria-hidden=\"true\"><\/div>\n<\/form>\n<\/div>\n\n<\/div><\/div><\/div><\/div><div class=\"col-md-9\" style=\"padding-top:20px;\"><div class=\"cs-column-inner\"><section class=\"cs-section\"><div class=\"container\"><div class=\"row\"><div class=\"col-md-12\"><div class=\"cs-column-inner\"><div class=\"cs-column-text\"><h2>Le maximum d\u2019hygi\u00e8ne avec Eurodent<\/h2>\n<\/div><img loading=\"lazy\" decoding=\"async\" width=\"1000\" height=\"400\" src=\"https:\/\/www.eurodent.it\/wp-content\/uploads\/2015\/02\/igiene1.jpg\" class=\"attachment-full size-full\" alt=\"\" srcset=\"https:\/\/www.eurodent.it\/wp-content\/uploads\/2015\/02\/igiene1.jpg 1000w, https:\/\/www.eurodent.it\/wp-content\/uploads\/2015\/02\/igiene1-300x120.jpg 300w\" sizes=\"auto, (max-width: 1000px) 100vw, 1000px\" \/><hr class=\"cs-space\" style=\"margin-top:20px\"><div class=\"cs-column-text\"><h4>Syst\u00e8me de filtration micromol\u00e9culaire<\/h4>\n<p>C\u2019est un dispositif qui st\u00e9rilise l\u2019eau de votre unit et le prot\u00e8ge des impuret\u00e9s pr\u00e9sentes dans les conduites. Il \u00e9limine totalement les charges bact\u00e9riennes provenant du service de distribution publique, bloque toutes les microparticules sup\u00e9rieures \u00e0 0,05 micron et \u00e9limine de l\u2019eau les r\u00e9sidus organiques et le chlore. Un dispositif fondamental pour la protection du patient, de l\u2019\u00e9quipe dentaire et de toute l\u2019instrumentation de l\u2019unit.<\/p>\n<\/div><div class=\"cs-toggle\" style=\"border-color:#ffffff;\"><h6 class=\"cs-toggle-title\"><i class=\"cs-in fa cs-anim-icon\"><\/i>En savoir plus<\/h6><div class=\"cs-toggle-content\"><h4 style=\"color: #c188bb;\">Filtre LGB<\/h4>\n<h5 style=\"margin-bottom: 20px;\">Syst\u00e8me de filtration micromol\u00e9culaire pour st\u00e9riliser l\u2019eau de l\u2019unit dentaire<\/h5>\n<div class=\"row\">\n<div class=\"col-md-4\"><img loading=\"lazy\" decoding=\"async\" class=\"attachment-full\" src=\"\/wp-content\/uploads\/2015\/02\/filtro-lgb.jpg\" alt=\"\" width=\"400\" height=\"300\" \/><\/div>\n<div class=\"col-md-8\">\n<div class=\"cs-column-text\">\n<h4 style=\"color: #c188bb;\">En quoi consiste le filtre LGB Swipure ?<\/h4>\n<p>C\u2019est un dispositif qui st\u00e9rilise l\u2019eau de votre unit et le prot\u00e8ge des impuret\u00e9s pr\u00e9sentes dans les conduites. Souvent les op\u00e9rateurs et les patients sont expos\u00e9s \u00e0 des risques d\u2019infections crois\u00e9es. En effet, l\u2019eau du service de distribution publique qui alimente le circuit d\u2019eau de l\u2019unit dentaire contient des micro-organismes qui avec le temps adh\u00e8rent aux parois des conduites en cr\u00e9ant un biofilm ; ainsi l\u2019eau qui sort de ces conduites est contamin\u00e9e par de hautes densit\u00e9s de micro-organismes, principalement des bact\u00e9ries gram-n\u00e9gatifs, dont les Pseudomonas aeruginosa (esp\u00e8ce legionella) et d\u2019autres bact\u00e9ries pathog\u00e8nes comme le Staphylococcus aureus.<\/p>\n<\/div>\n<\/div>\n<\/div>\n<div style=\"clear: both; height: 30px;\"><\/div>\n<h4 style=\"color: #c188bb;\">Comment agit le filtre Swipure ?<\/h4>\n<ul>\n<li>Il \u00e9limine totalement les charges bact\u00e9riennes pr\u00e9sents dans l\u2019eau du service de distribution publique qui alimente le circuit d\u2019eau de l\u2019unit dentaire. Le filtre LGB Swipure est certifi\u00e9 par l\u2019Universit\u00e9 de Parme qui a effectu\u00e9 des tests avec des suspensions bact\u00e9riennes et virales (par ex. Staphylococcus aureus, Escherichia coli et Ent\u00e9rovirus).<\/li>\n<li>Blocage total de toutes les microparticules sup\u00e9rieures \u00e0 0,05 micron pr\u00e9sentes dans l\u2019eau du service de distribution publique qui alimente le circuit d\u2019eau de l\u2019unit dentaire, en prot\u00e9geant le micromoteur, la turbine et les \u00e9lectrovannes du risque d\u2019occlusions. La filtration LGB Swipure est certifi\u00e9e NSF.<\/li>\n<li>Gr\u00e2ce au charbon actif v\u00e9g\u00e9tal pr\u00e9sent dans le filtre LGB Swipure, les r\u00e9sidus organiques et le chlore sont totalement \u00e9limin\u00e9s de l\u2019eau, en \u00e9vitant ainsi les go\u00fbts et odeurs d\u00e9sagr\u00e9ables.<\/li>\n<li>Un dispositif fondamental pour la protection du patient, de l\u2019\u00e9quipe dentaire et de toute l\u2019instrumentation de l\u2019unit.<\/li>\n<\/ul>\n<h4 style=\"color: #c188bb;\">Caract\u00e9ristiques :<\/h4>\n<ul>\n<li>&#8211; Enti\u00e8rement fabriqu\u00e9 en Italie.<\/li>\n<li>Universit\u00e9 de Parme : r\u00e9tention de tous les microrganismes.<\/li>\n<li>Certification NSF : r\u00e9tention de toutes les microparticules sup\u00e9rieures \u00e0 0,05 micron.<\/li>\n<li>Protection instantan\u00e9e, il est efficace d\u00e8s qu\u2019il est install\u00e9, ne contient pas d\u2019agents chimiques et ne lib\u00e8re rien dans l\u2019eau.<\/li>\n<\/ul>\n<\/div><\/div><\/div><\/div><\/div><\/div><\/section><div class=\"cs-divider-icon text-center custom-margin\" style=\"margin-top:0pxpx;margin-bottom:10pxpx;\"><div class=\"cs-divider-icon-inner\" style=\"color:#c188bb;border-top-color:#c188bb;\"><i class=\"cs-in fa fa-chevron-down\"><\/i><br \/>\n<\/div><\/div><div class=\"cs-column-text\"><h4>Safe Air System<\/h4>\n<p>En plus du dispositif antiretour des liquides, le SAS \u00e9met un flux d\u2019air \u00e0 la fin de l\u2019utilisation des instruments rotatifs qui \u00e9vacue les r\u00e9sidus liquides et solides des pi\u00e8ces \u00e0 main. Par ailleurs, l\u2019air de retour des instruments rotatifs est r\u00e9introduit dans l\u2019atmosph\u00e8re \u00e0 travers un filtre HEPA (High Efficiency Particulate Air) qui garantit une r\u00e9duction du niveau de contamination.<\/p>\n<\/div><div class=\"cs-divider-icon text-center custom-margin\" style=\"margin-top:10pxpx;margin-bottom:10pxpx;\"><div class=\"cs-divider-icon-inner\" style=\"color:#c188bb;border-top-color:#c188bb;\"><i class=\"cs-in fa fa-chevron-down\"><\/i><br \/>\n<\/div><\/div><div class=\"cs-column-text\"><h4>Safespray<\/h4>\n<p>Il est compos\u00e9 d\u2019un r\u00e9cipient sous pression qui permet l\u2019utilisation d\u2019eau distill\u00e9e (\u00e9ventuellement additionn\u00e9e de produits nettoyants) destin\u00e9e aux sprays de tous les instruments de la tablette du dentiste et de la seringue assistante. Safespray est un syst\u00e8me en mesure de lutter efficacement contre les risques de contamination en offrant un poste de travail s\u00fbr, avec un haut niveau de fiabilit\u00e9 hygi\u00e9nique.<\/p>\n<\/div><div class=\"cs-divider-icon text-center custom-margin\" style=\"margin-top:10pxpx;margin-bottom:10pxpx;\"><div class=\"cs-divider-icon-inner\" style=\"color:#c188bb;border-top-color:#c188bb;\"><i class=\"cs-in fa fa-chevron-down\"><\/i><br \/>\n<\/div><\/div><div class=\"cs-column-text\"><h4>S\u00e9parateur d\u2019amalgame<\/h4>\n<p>S\u00e9pare et r\u00e9cup\u00e8re l\u2019amalgame. Le syst\u00e8me bi-\u00e9tag\u00e9 permet d\u2019obtenir une puissance de s\u00e9paration tr\u00e8s \u00e9lev\u00e9e, avec un pourcentage d\u2019amalgame retenu de 98 %.<\/p>\n<\/div><div class=\"cs-divider-icon text-center custom-margin\" style=\"margin-top:10pxpx;margin-bottom:10pxpx;\"><div class=\"cs-divider-icon-inner\" style=\"color:#c188bb;border-top-color:#c188bb;\"><i class=\"cs-in fa fa-chevron-down\"><\/i><br \/>\n<\/div><\/div><div class=\"cs-column-text\"><h4>Nettoyage ais\u00e9<\/h4>\n<p>Les units dentaires Eurodent sont faciles \u00e0 nettoyer et garantissent le maximum d\u2019hygi\u00e8ne. Certains composants (poign\u00e9es, supports en silicone, porte-instruments) peuvent \u00eatre enlev\u00e9s pour faciliter le op\u00e9rations de nettoyage. Toutes les surfaces sont con\u00e7ues pour permettre un nettoyage simple et rapide.<\/p>\n<\/div><div class=\"cs-divider-icon text-center custom-margin\" style=\"margin-top:10pxpx;margin-bottom:10pxpx;\"><div class=\"cs-divider-icon-inner\" style=\"color:#c188bb;border-top-color:#c188bb;\"><i class=\"cs-in fa fa-chevron-down\"><\/i><br \/>\n<\/div><\/div><div class=\"cs-column-text\"><p><\/p>\n<\/div><\/div><\/div><\/div><\/div><\/section>\n","protected":false},"excerpt":{"rendered":"<p><span class=\"entry-read-more\"><a href=\"https:\/\/www.eurodent.it\/fr\/units-dentaires\/les-avantages\/hygiene\/\" class=\"cs-btn cs-btn-flat cs-btn-rounded cs-btn-xxs cs-btn-flat-accent\">Lire la suite<\/a><\/span><\/p>\n","protected":false},"author":1,"featured_media":0,"parent":4095,"menu_order":0,"comment_status":"closed","ping_status":"closed","template":"","meta":{"footnotes":""},"class_list":["post-4127","page","type-page","status-publish","hentry"],"yoast_head":"<!-- This site is optimized with the Yoast SEO plugin v23.9 - https:\/\/yoast.com\/wordpress\/plugins\/seo\/ -->\n<title>Hygi\u00e8ne - Eurodent - Treat Yourself! - Dental Equipment<\/title>\n<meta name=\"robots\" content=\"index, follow, max-snippet:-1, max-image-preview:large, max-video-preview:-1\" \/>\n<link rel=\"canonical\" href=\"https:\/\/www.eurodent.it\/fr\/units-dentaires\/les-avantages\/hygiene\/\" \/>\n<meta property=\"og:locale\" content=\"fr_FR\" \/>\n<meta property=\"og:type\" content=\"article\" \/>\n<meta property=\"og:title\" content=\"Hygi\u00e8ne - Eurodent - Treat Yourself! - Dental Equipment\" \/>\n<meta property=\"og:url\" content=\"https:\/\/www.eurodent.it\/fr\/units-dentaires\/les-avantages\/hygiene\/\" \/>\n<meta property=\"og:site_name\" content=\"Eurodent - Treat Yourself! - Dental Equipment\" \/>\n<meta property=\"article:modified_time\" content=\"2016-03-11T14:31:44+00:00\" \/>\n<meta property=\"og:image\" content=\"https:\/\/www.eurodent.it\/wp-content\/uploads\/2015\/02\/filtro-lgb.jpg\" \/>\n<meta name=\"twitter:card\" content=\"summary_large_image\" \/>\n<meta name=\"twitter:label1\" content=\"Dur\u00e9e de lecture estim\u00e9e\" \/>\n\t<meta name=\"twitter:data1\" content=\"5 minutes\" \/>\n<script type=\"application\/ld+json\" class=\"yoast-schema-graph\">{\"@context\":\"https:\/\/schema.org\",\"@graph\":[{\"@type\":\"WebPage\",\"@id\":\"https:\/\/www.eurodent.it\/fr\/units-dentaires\/les-avantages\/hygiene\/\",\"url\":\"https:\/\/www.eurodent.it\/fr\/units-dentaires\/les-avantages\/hygiene\/\",\"name\":\"Hygi\u00e8ne - Eurodent - Treat Yourself! - Dental Equipment\",\"isPartOf\":{\"@id\":\"https:\/\/www.eurodent.it\/es\/#website\"},\"datePublished\":\"2016-03-11T12:07:32+00:00\",\"dateModified\":\"2016-03-11T14:31:44+00:00\",\"breadcrumb\":{\"@id\":\"https:\/\/www.eurodent.it\/fr\/units-dentaires\/les-avantages\/hygiene\/#breadcrumb\"},\"inLanguage\":\"fr-FR\",\"potentialAction\":[{\"@type\":\"ReadAction\",\"target\":[\"https:\/\/www.eurodent.it\/fr\/units-dentaires\/les-avantages\/hygiene\/\"]}]},{\"@type\":\"BreadcrumbList\",\"@id\":\"https:\/\/www.eurodent.it\/fr\/units-dentaires\/les-avantages\/hygiene\/#breadcrumb\",\"itemListElement\":[{\"@type\":\"ListItem\",\"position\":1,\"name\":\"Home\",\"item\":\"https:\/\/www.eurodent.it\/fr\/\"},{\"@type\":\"ListItem\",\"position\":2,\"name\":\"Units dentaires\",\"item\":\"https:\/\/www.eurodent.it\/fr\/units-dentaires\/\"},{\"@type\":\"ListItem\",\"position\":3,\"name\":\"Les avantages\",\"item\":\"https:\/\/www.eurodent.it\/fr\/units-dentaires\/les-avantages\/\"},{\"@type\":\"ListItem\",\"position\":4,\"name\":\"Hygi\u00e8ne\"}]},{\"@type\":\"WebSite\",\"@id\":\"https:\/\/www.eurodent.it\/es\/#website\",\"url\":\"https:\/\/www.eurodent.it\/es\/\",\"name\":\"Eurodent - Treat Yourself! - Dental Equipment\",\"description\":\"\",\"publisher\":{\"@id\":\"https:\/\/www.eurodent.it\/es\/#organization\"},\"potentialAction\":[{\"@type\":\"SearchAction\",\"target\":{\"@type\":\"EntryPoint\",\"urlTemplate\":\"https:\/\/www.eurodent.it\/es\/?s={search_term_string}\"},\"query-input\":{\"@type\":\"PropertyValueSpecification\",\"valueRequired\":true,\"valueName\":\"search_term_string\"}}],\"inLanguage\":\"fr-FR\"},{\"@type\":\"Organization\",\"@id\":\"https:\/\/www.eurodent.it\/es\/#organization\",\"name\":\"Eurodent\",\"url\":\"https:\/\/www.eurodent.it\/es\/\",\"logo\":{\"@type\":\"ImageObject\",\"inLanguage\":\"fr-FR\",\"@id\":\"https:\/\/www.eurodent.it\/es\/#\/schema\/logo\/image\/\",\"url\":\"https:\/\/www.eurodent.it\/wp-content\/uploads\/2015\/02\/logo.png\",\"contentUrl\":\"https:\/\/www.eurodent.it\/wp-content\/uploads\/2015\/02\/logo.png\",\"width\":270,\"height\":60,\"caption\":\"Eurodent\"},\"image\":{\"@id\":\"https:\/\/www.eurodent.it\/es\/#\/schema\/logo\/image\/\"}}]}<\/script>\n<!-- \/ Yoast SEO plugin. -->","yoast_head_json":{"title":"Hygi\u00e8ne - Eurodent - Treat Yourself! - Dental Equipment","robots":{"index":"index","follow":"follow","max-snippet":"max-snippet:-1","max-image-preview":"max-image-preview:large","max-video-preview":"max-video-preview:-1"},"canonical":"https:\/\/www.eurodent.it\/fr\/units-dentaires\/les-avantages\/hygiene\/","og_locale":"fr_FR","og_type":"article","og_title":"Hygi\u00e8ne - Eurodent - Treat Yourself! - Dental Equipment","og_url":"https:\/\/www.eurodent.it\/fr\/units-dentaires\/les-avantages\/hygiene\/","og_site_name":"Eurodent - Treat Yourself! - Dental Equipment","article_modified_time":"2016-03-11T14:31:44+00:00","og_image":[{"url":"https:\/\/www.eurodent.it\/wp-content\/uploads\/2015\/02\/filtro-lgb.jpg"}],"twitter_card":"summary_large_image","twitter_misc":{"Dur\u00e9e de lecture estim\u00e9e":"5 minutes"},"schema":{"@context":"https:\/\/schema.org","@graph":[{"@type":"WebPage","@id":"https:\/\/www.eurodent.it\/fr\/units-dentaires\/les-avantages\/hygiene\/","url":"https:\/\/www.eurodent.it\/fr\/units-dentaires\/les-avantages\/hygiene\/","name":"Hygi\u00e8ne - Eurodent - Treat Yourself! - Dental Equipment","isPartOf":{"@id":"https:\/\/www.eurodent.it\/es\/#website"},"datePublished":"2016-03-11T12:07:32+00:00","dateModified":"2016-03-11T14:31:44+00:00","breadcrumb":{"@id":"https:\/\/www.eurodent.it\/fr\/units-dentaires\/les-avantages\/hygiene\/#breadcrumb"},"inLanguage":"fr-FR","potentialAction":[{"@type":"ReadAction","target":["https:\/\/www.eurodent.it\/fr\/units-dentaires\/les-avantages\/hygiene\/"]}]},{"@type":"BreadcrumbList","@id":"https:\/\/www.eurodent.it\/fr\/units-dentaires\/les-avantages\/hygiene\/#breadcrumb","itemListElement":[{"@type":"ListItem","position":1,"name":"Home","item":"https:\/\/www.eurodent.it\/fr\/"},{"@type":"ListItem","position":2,"name":"Units dentaires","item":"https:\/\/www.eurodent.it\/fr\/units-dentaires\/"},{"@type":"ListItem","position":3,"name":"Les avantages","item":"https:\/\/www.eurodent.it\/fr\/units-dentaires\/les-avantages\/"},{"@type":"ListItem","position":4,"name":"Hygi\u00e8ne"}]},{"@type":"WebSite","@id":"https:\/\/www.eurodent.it\/es\/#website","url":"https:\/\/www.eurodent.it\/es\/","name":"Eurodent - Treat Yourself! - Dental Equipment","description":"","publisher":{"@id":"https:\/\/www.eurodent.it\/es\/#organization"},"potentialAction":[{"@type":"SearchAction","target":{"@type":"EntryPoint","urlTemplate":"https:\/\/www.eurodent.it\/es\/?s={search_term_string}"},"query-input":{"@type":"PropertyValueSpecification","valueRequired":true,"valueName":"search_term_string"}}],"inLanguage":"fr-FR"},{"@type":"Organization","@id":"https:\/\/www.eurodent.it\/es\/#organization","name":"Eurodent","url":"https:\/\/www.eurodent.it\/es\/","logo":{"@type":"ImageObject","inLanguage":"fr-FR","@id":"https:\/\/www.eurodent.it\/es\/#\/schema\/logo\/image\/","url":"https:\/\/www.eurodent.it\/wp-content\/uploads\/2015\/02\/logo.png","contentUrl":"https:\/\/www.eurodent.it\/wp-content\/uploads\/2015\/02\/logo.png","width":270,"height":60,"caption":"Eurodent"},"image":{"@id":"https:\/\/www.eurodent.it\/es\/#\/schema\/logo\/image\/"}}]}},"_links":{"self":[{"href":"https:\/\/www.eurodent.it\/fr\/wp-json\/wp\/v2\/pages\/4127","targetHints":{"allow":["GET"]}}],"collection":[{"href":"https:\/\/www.eurodent.it\/fr\/wp-json\/wp\/v2\/pages"}],"about":[{"href":"https:\/\/www.eurodent.it\/fr\/wp-json\/wp\/v2\/types\/page"}],"author":[{"embeddable":true,"href":"https:\/\/www.eurodent.it\/fr\/wp-json\/wp\/v2\/users\/1"}],"replies":[{"embeddable":true,"href":"https:\/\/www.eurodent.it\/fr\/wp-json\/wp\/v2\/comments?post=4127"}],"version-history":[{"count":0,"href":"https:\/\/www.eurodent.it\/fr\/wp-json\/wp\/v2\/pages\/4127\/revisions"}],"up":[{"embeddable":true,"href":"https:\/\/www.eurodent.it\/fr\/wp-json\/wp\/v2\/pages\/4095"}],"wp:attachment":[{"href":"https:\/\/www.eurodent.it\/fr\/wp-json\/wp\/v2\/media?parent=4127"}],"curies":[{"name":"wp","href":"https:\/\/api.w.org\/{rel}","templated":true}]}}