{"id":4130,"date":"2016-03-11T13:07:56","date_gmt":"2016-03-11T12:07:56","guid":{"rendered":"http:\/\/www.eurodent.it\/fr\/?page_id=4130"},"modified":"2016-03-11T15:34:22","modified_gmt":"2016-03-11T14:34:22","slug":"qualite","status":"publish","type":"page","link":"https:\/\/www.eurodent.it\/fr\/units-dentaires\/les-avantages\/qualite\/","title":{"rendered":"Qualit\u00e9"},"content":{"rendered":"<section class=\"cs-section custom-padding\" style=\" padding-top: 30px; padding-bottom:30px;\"><div class=\"container\"><div class=\"row\"><div class=\"col-md-3\"><div class=\"cs-column-inner\"><aside id=\"sidebar\"><div class=\"route_widget widget_nav_menu\"><div class=\"menu-riuniti-odontoiatrici-i-plus-fr-container\"><ul id=\"menu-riuniti-odontoiatrici-i-plus-fr\" class=\"menu\"><li id=\"menu-item-15409\" class=\"menu-item menu-item-type-custom menu-item-object-custom menu-item-15409\"><a href=\"https:\/\/www.eurodent.it\/fr\/units-dentaires\/les-avantages\/#certificazioni\">Certifications<\/a><\/li>\n<li id=\"menu-item-4342\" class=\"menu-item menu-item-type-post_type menu-item-object-page menu-item-4342\"><a href=\"https:\/\/www.eurodent.it\/fr\/units-dentaires\/les-avantages\/ergonomie\/\">Ergonomie<\/a><\/li>\n<li id=\"menu-item-4343\" class=\"menu-item menu-item-type-post_type menu-item-object-page menu-item-4343\"><a href=\"https:\/\/www.eurodent.it\/fr\/units-dentaires\/les-avantages\/hygiene\/\">Hygi\u00e8ne<\/a><\/li>\n<li id=\"menu-item-4344\" class=\"menu-item menu-item-type-post_type menu-item-object-page menu-item-4344\"><a href=\"https:\/\/www.eurodent.it\/fr\/units-dentaires\/les-avantages\/qualite\/\">Qualit\u00e9<\/a><\/li>\n<li id=\"menu-item-4345\" class=\"menu-item menu-item-type-post_type menu-item-object-page menu-item-4345\"><a href=\"https:\/\/www.eurodent.it\/fr\/units-dentaires\/les-avantages\/style-personnel\/\">Style personnel<\/a><\/li>\n<\/ul><\/div><div class=\"clear\"><\/div><\/div><\/aside><aside id=\"sidebar\"><div class=\"route_widget widget_text\">\t\t\t<div class=\"textwidget\"><div class=\"cs-btn-align text-left cs-btn-block\" style=\"margin-bottom:30px;\">\n\t<a class=\"cs-btn cs-btn-flat cs-btn-square cs-btn-flat-accent cs-btn-sm cs-btn-no-bold cs-btn-block btnDownload \" href=\"#\"><i class=\"cs-in fa fa-download\"><\/i>T\u00e9l\u00e9chargements<\/a>\n<\/div>\n<ul style=\"margin-left: 40px;\" class=\"cs-icon-list\">  \n<li><i class=\"cs-in fa fa-file-pdf-o\"><\/i><a target=\"_blank\" href=\"\/wp-content\/uploads\/2018\/02\/absolute.pdf\">Catalogue Absolute<\/a><\/li>\n<li><i class=\"cs-in fa fa-file-pdf-o\"><\/i><a target=\"_blank\" href=\"\/wp-content\/uploads\/2019\/03\/catalogo-isotron.pdf\">Catalogue Isotron<\/a><\/li>\n<li><i class=\"cs-in fa fa-file-pdf-o\"><\/i><a target=\"_blank\" href=\"\/wp-content\/uploads\/2015\/02\/catalogo-isoplus.pdf\">Catalogue Isoplus<\/a><\/li>\n<li><i class=\"cs-in fa fa-file-pdf-o\"><\/i><a target=\"_blank\" href=\"https:\/\/www.eurodent.it\/wp-content\/uploads\/2021\/08\/isoflex.pdf\">Catalogue Isoflex<\/a><\/li>\n<li><i class=\"cs-in fa fa-file-pdf-o\"><\/i><a target=\"_blank\" href=\"\/wp-content\/uploads\/2021\/03\/catalogo-ISO-OS.pdf\">Catalogue ISO\/OS<\/a><\/li>\n<li><i class=\"cs-in fa fa-file-pdf-o\"><\/i><a target=\"_blank\" href=\"\/wp-content\/uploads\/2024\/11\/supreme-fra.pdf\">Catalogue Supreme<\/a><\/li>\n<li><i class=\"cs-in fa fa-file-pdf-o\"><\/i><a target=\"_blank\" href=\"https:\/\/www.eurodent.it\/\/wp-content\/uploads\/2024\/09\/catalogo-eos.pdf\">Catalogue EOS<\/a><\/li>\n<li><i class=\"cs-in fa fa-file-pdf-o\"><\/i><a target=\"_blank\" href=\"https:\/\/www.eurodent.it\/wp-content\/uploads\/2023\/03\/vision.pdf\">Catalogue Vision<\/a><\/li>\t\n<\/ul><\/div>\n\t\t<div class=\"clear\"><\/div><\/div><\/aside><hr class=\"cs-space\" style=\"margin-top:40px\"><div class=\"cs-toggle\"><h6 class=\"cs-toggle-title\"><i class=\"cs-in fa cs-anim-icon\"><\/i>DEMANDE D\u2019INFORMATIONS<\/h6><div class=\"cs-toggle-content\">\n<div class=\"wpcf7 no-js\" id=\"wpcf7-f4053-o1\" lang=\"it-IT\" dir=\"ltr\" data-wpcf7-id=\"4053\">\n<div class=\"screen-reader-response\"><p role=\"status\" aria-live=\"polite\" aria-atomic=\"true\"><\/p> <ul><\/ul><\/div>\n<form action=\"\/fr\/wp-json\/wp\/v2\/pages\/4130#wpcf7-f4053-o1\" method=\"post\" class=\"wpcf7-form init\" aria-label=\"Modulo di contatto\" novalidate=\"novalidate\" data-status=\"init\">\n<div style=\"display: none;\">\n<input type=\"hidden\" name=\"_wpcf7\" value=\"4053\" \/>\n<input type=\"hidden\" name=\"_wpcf7_version\" value=\"6.0.1\" \/>\n<input type=\"hidden\" name=\"_wpcf7_locale\" value=\"it_IT\" \/>\n<input type=\"hidden\" name=\"_wpcf7_unit_tag\" value=\"wpcf7-f4053-o1\" \/>\n<input type=\"hidden\" name=\"_wpcf7_container_post\" value=\"0\" \/>\n<input type=\"hidden\" name=\"_wpcf7_posted_data_hash\" value=\"\" \/>\n<input type=\"hidden\" name=\"_wpcf7_recaptcha_response\" value=\"\" \/>\n<\/div>\n<p><span class=\"wpcf7-form-control-wrap\" data-name=\"nome\"><input size=\"40\" maxlength=\"400\" class=\"wpcf7-form-control wpcf7-text wpcf7-validates-as-required\" aria-required=\"true\" aria-invalid=\"false\" placeholder=\"Pr\u00e9nom*\" value=\"\" type=\"text\" name=\"nome\" \/><\/span>\n<\/p>\n<p><span class=\"wpcf7-form-control-wrap\" data-name=\"cognome\"><input size=\"40\" maxlength=\"400\" class=\"wpcf7-form-control wpcf7-text wpcf7-validates-as-required\" aria-required=\"true\" aria-invalid=\"false\" placeholder=\"Nom*\" value=\"\" type=\"text\" name=\"cognome\" \/><\/span>\n<\/p>\n<p><span class=\"wpcf7-form-control-wrap\" data-name=\"professione\"><input size=\"40\" maxlength=\"400\" class=\"wpcf7-form-control wpcf7-text wpcf7-validates-as-required\" aria-required=\"true\" aria-invalid=\"false\" placeholder=\"Profession*\" value=\"\" type=\"text\" name=\"professione\" \/><\/span>\n<\/p>\n<p><span class=\"wpcf7-form-control-wrap\" data-name=\"telefono\"><input size=\"40\" maxlength=\"400\" class=\"wpcf7-form-control wpcf7-tel wpcf7-validates-as-required wpcf7-text wpcf7-validates-as-tel\" aria-required=\"true\" aria-invalid=\"false\" placeholder=\"T\u00e9l\u00e9phone*\" value=\"\" type=\"tel\" name=\"telefono\" \/><\/span>\n<\/p>\n<p><span class=\"wpcf7-form-control-wrap\" data-name=\"email\"><input size=\"40\" maxlength=\"400\" class=\"wpcf7-form-control wpcf7-email wpcf7-validates-as-required wpcf7-text wpcf7-validates-as-email\" aria-required=\"true\" aria-invalid=\"false\" placeholder=\"E-mail*\" value=\"\" type=\"email\" name=\"email\" \/><\/span>\n<\/p>\n<p><span class=\"wpcf7-form-control-wrap\" data-name=\"citta\"><input size=\"40\" maxlength=\"400\" class=\"wpcf7-form-control wpcf7-text wpcf7-validates-as-required\" aria-required=\"true\" aria-invalid=\"false\" placeholder=\"Ville*\" value=\"\" type=\"text\" name=\"citta\" \/><\/span>\n<\/p>\n<p><span class=\"wpcf7-form-control-wrap\" data-name=\"stato\"><input size=\"40\" maxlength=\"400\" class=\"wpcf7-form-control wpcf7-text wpcf7-validates-as-required\" aria-required=\"true\" aria-invalid=\"false\" placeholder=\"Pays*\" value=\"\" type=\"text\" name=\"stato\" \/><\/span>\n<\/p>\n<p><span class=\"wpcf7-form-control-wrap\" data-name=\"messaggio\"><textarea cols=\"40\" rows=\"10\" maxlength=\"2000\" class=\"wpcf7-form-control wpcf7-textarea\" aria-invalid=\"false\" placeholder=\"Votre message\" name=\"messaggio\"><\/textarea><\/span>\n<\/p>\n<p><a href=\"https:\/\/www.eurodent.it\/fr\/politique-de-confidentialite\/\"    target=\"_blank\">Politique de confidentialit\u00e9<\/a>\n<\/p>\n<p><label><span class=\"wpcf7-form-control-wrap\" data-name=\"job-privacy\"><span class=\"wpcf7-form-control wpcf7-acceptance\"><span class=\"wpcf7-list-item\"><input type=\"checkbox\" name=\"job-privacy\" value=\"1\" aria-invalid=\"false\" \/><\/span><\/span><\/span> J\u2019accepte<\/label>\n<\/p>\n<p><input class=\"cs-btn cs-btn-flat cs-btn-rounded cs-btn-sm cs-btn-flat-accent wpcf7-form-control wpcf7-submit\" type=\"submit\" value=\"Envoyer\" \/>\n<\/p><input type='hidden' class='wpcf7-pum' value='{\"closepopup\":false,\"closedelay\":0,\"openpopup\":false,\"openpopup_id\":0}' \/><div class=\"wpcf7-response-output\" aria-hidden=\"true\"><\/div>\n<\/form>\n<\/div>\n\n<\/div><\/div><\/div><\/div><div class=\"col-md-9\" style=\"padding-top:20px;\"><div class=\"cs-column-inner\"><section class=\"cs-section\"><div class=\"container\"><div class=\"row\"><div class=\"col-md-12\"><div class=\"cs-column-inner\"><div class=\"cs-column-text\"><h2>L\u2019excellence sign\u00e9e Eurodent<\/h2>\n<\/div><img loading=\"lazy\" decoding=\"async\" width=\"1000\" height=\"400\" src=\"https:\/\/www.eurodent.it\/wp-content\/uploads\/2015\/02\/qualita1.jpg\" class=\"attachment-full size-full\" alt=\"\" srcset=\"https:\/\/www.eurodent.it\/wp-content\/uploads\/2015\/02\/qualita1.jpg 1000w, https:\/\/www.eurodent.it\/wp-content\/uploads\/2015\/02\/qualita1-300x120.jpg 300w\" sizes=\"auto, (max-width: 1000px) 100vw, 1000px\" \/><hr class=\"cs-space\" style=\"margin-top:20px\"><div class=\"cs-column-text\"><h4>\u00ab Made in Italy \u00bb et \u00e7a se voit<\/h4>\n<p>Choisir la qualit\u00e9 Eurodent pour travailler avec efficacit\u00e9 et sans entraves. Chaque unit dentaire est con\u00e7u avec attention, soign\u00e9 dans les moindres d\u00e9tails, test\u00e9 suivant les crit\u00e8res de qualit\u00e9 les plus stricts. Et il est fabriqu\u00e9 \u00e0 100 % en Italie : une garantie pour vous et pour vos patients.<\/p>\n<\/div><\/div><\/div><\/div><\/div><\/section><div class=\"cs-divider-icon text-center custom-margin\" style=\"margin-top:0pxpx;margin-bottom:10pxpx;\"><div class=\"cs-divider-icon-inner\" style=\"color:#c188bb;border-top-color:#c188bb;\"><i class=\"cs-in fa fa-chevron-down\"><\/i><br \/>\n<\/div><\/div><div class=\"cs-column-text\"><h4>Longue vie \u00e0 la qualit\u00e9<\/h4>\n<p>La recherche de la qualit\u00e9 la plus haute est le crit\u00e8re qui nous guide dans chaque phase : s\u00e9lection des mat\u00e9riaux et des surfaces, composants, fabrication, contr\u00f4le. Les units dentaires et les \u00e9quipements sont con\u00e7us pour r\u00e9sister aux sollicitations les plus fortes de mani\u00e8re \u00e0 garantir la long\u00e9vit\u00e9 et la fiabilit\u00e9.<\/p>\n<\/div><div class=\"cs-divider-icon text-center custom-margin\" style=\"margin-top:10pxpx;margin-bottom:10pxpx;\"><div class=\"cs-divider-icon-inner\" style=\"color:#c188bb;border-top-color:#c188bb;\"><i class=\"cs-in fa fa-chevron-down\"><\/i><br \/>\n<\/div><\/div><div class=\"cs-column-text\"><h4>Tr\u00e8s contr\u00f4l\u00e9s et tr\u00e8s s\u00fbrs<\/h4>\n<p>Les units dentaires Eurodent sont rigoureusement contr\u00f4l\u00e9s dans toutes les phases de production. C\u2019est pourquoi ils sont s\u00fbrs \u00e0 100 % : ils vous garantissent une op\u00e9rationnalit\u00e9 maximale et r\u00e9duisent \u00e0 z\u00e9ro les arr\u00eats machine qui pourraient compromettre votre image professionnelle.<\/p>\n<\/div><div class=\"cs-divider-icon text-center custom-margin\" style=\"margin-top:10pxpx;margin-bottom:10pxpx;\"><div class=\"cs-divider-icon-inner\" style=\"color:#c188bb;border-top-color:#c188bb;\"><i class=\"cs-in fa fa-chevron-down\"><\/i><br \/>\n<\/div><\/div><div class=\"cs-column-text\"><h4>Qualit\u00e9 certifi\u00e9e<\/h4>\n<p>Tous les units dentaires Eurodent sont certifi\u00e9s CE, en garantie de leur qualit\u00e9 et de leur fiabilit\u00e9.<\/p>\n<\/div><\/div><\/div><\/div><\/div><\/section>\n","protected":false},"excerpt":{"rendered":"<p><span class=\"entry-read-more\"><a href=\"https:\/\/www.eurodent.it\/fr\/units-dentaires\/les-avantages\/qualite\/\" class=\"cs-btn cs-btn-flat cs-btn-rounded cs-btn-xxs cs-btn-flat-accent\">Lire la suite<\/a><\/span><\/p>\n","protected":false},"author":1,"featured_media":0,"parent":4095,"menu_order":0,"comment_status":"closed","ping_status":"closed","template":"","meta":{"footnotes":""},"class_list":["post-4130","page","type-page","status-publish","hentry"],"yoast_head":"<!-- This site is optimized with the Yoast SEO plugin v23.9 - https:\/\/yoast.com\/wordpress\/plugins\/seo\/ -->\n<title>Qualit\u00e9 - Eurodent - Treat Yourself! - Dental Equipment<\/title>\n<meta name=\"robots\" content=\"index, follow, max-snippet:-1, max-image-preview:large, max-video-preview:-1\" \/>\n<link rel=\"canonical\" href=\"https:\/\/www.eurodent.it\/fr\/units-dentaires\/les-avantages\/qualite\/\" \/>\n<meta property=\"og:locale\" content=\"fr_FR\" \/>\n<meta property=\"og:type\" content=\"article\" \/>\n<meta property=\"og:title\" content=\"Qualit\u00e9 - Eurodent - Treat Yourself! - Dental Equipment\" \/>\n<meta property=\"og:url\" content=\"https:\/\/www.eurodent.it\/fr\/units-dentaires\/les-avantages\/qualite\/\" \/>\n<meta property=\"og:site_name\" content=\"Eurodent - Treat Yourself! - Dental Equipment\" \/>\n<meta property=\"article:modified_time\" content=\"2016-03-11T14:34:22+00:00\" \/>\n<meta name=\"twitter:card\" content=\"summary_large_image\" \/>\n<meta name=\"twitter:label1\" content=\"Dur\u00e9e de lecture estim\u00e9e\" \/>\n\t<meta name=\"twitter:data1\" content=\"2 minutes\" \/>\n<script type=\"application\/ld+json\" class=\"yoast-schema-graph\">{\"@context\":\"https:\/\/schema.org\",\"@graph\":[{\"@type\":\"WebPage\",\"@id\":\"https:\/\/www.eurodent.it\/fr\/units-dentaires\/les-avantages\/qualite\/\",\"url\":\"https:\/\/www.eurodent.it\/fr\/units-dentaires\/les-avantages\/qualite\/\",\"name\":\"Qualit\u00e9 - Eurodent - Treat Yourself! - Dental Equipment\",\"isPartOf\":{\"@id\":\"https:\/\/www.eurodent.it\/es\/#website\"},\"datePublished\":\"2016-03-11T12:07:56+00:00\",\"dateModified\":\"2016-03-11T14:34:22+00:00\",\"breadcrumb\":{\"@id\":\"https:\/\/www.eurodent.it\/fr\/units-dentaires\/les-avantages\/qualite\/#breadcrumb\"},\"inLanguage\":\"fr-FR\",\"potentialAction\":[{\"@type\":\"ReadAction\",\"target\":[\"https:\/\/www.eurodent.it\/fr\/units-dentaires\/les-avantages\/qualite\/\"]}]},{\"@type\":\"BreadcrumbList\",\"@id\":\"https:\/\/www.eurodent.it\/fr\/units-dentaires\/les-avantages\/qualite\/#breadcrumb\",\"itemListElement\":[{\"@type\":\"ListItem\",\"position\":1,\"name\":\"Home\",\"item\":\"https:\/\/www.eurodent.it\/fr\/\"},{\"@type\":\"ListItem\",\"position\":2,\"name\":\"Units dentaires\",\"item\":\"https:\/\/www.eurodent.it\/fr\/units-dentaires\/\"},{\"@type\":\"ListItem\",\"position\":3,\"name\":\"Les avantages\",\"item\":\"https:\/\/www.eurodent.it\/fr\/units-dentaires\/les-avantages\/\"},{\"@type\":\"ListItem\",\"position\":4,\"name\":\"Qualit\u00e9\"}]},{\"@type\":\"WebSite\",\"@id\":\"https:\/\/www.eurodent.it\/es\/#website\",\"url\":\"https:\/\/www.eurodent.it\/es\/\",\"name\":\"Eurodent - Treat Yourself! - Dental Equipment\",\"description\":\"\",\"publisher\":{\"@id\":\"https:\/\/www.eurodent.it\/es\/#organization\"},\"potentialAction\":[{\"@type\":\"SearchAction\",\"target\":{\"@type\":\"EntryPoint\",\"urlTemplate\":\"https:\/\/www.eurodent.it\/es\/?s={search_term_string}\"},\"query-input\":{\"@type\":\"PropertyValueSpecification\",\"valueRequired\":true,\"valueName\":\"search_term_string\"}}],\"inLanguage\":\"fr-FR\"},{\"@type\":\"Organization\",\"@id\":\"https:\/\/www.eurodent.it\/es\/#organization\",\"name\":\"Eurodent\",\"url\":\"https:\/\/www.eurodent.it\/es\/\",\"logo\":{\"@type\":\"ImageObject\",\"inLanguage\":\"fr-FR\",\"@id\":\"https:\/\/www.eurodent.it\/es\/#\/schema\/logo\/image\/\",\"url\":\"https:\/\/www.eurodent.it\/wp-content\/uploads\/2015\/02\/logo.png\",\"contentUrl\":\"https:\/\/www.eurodent.it\/wp-content\/uploads\/2015\/02\/logo.png\",\"width\":270,\"height\":60,\"caption\":\"Eurodent\"},\"image\":{\"@id\":\"https:\/\/www.eurodent.it\/es\/#\/schema\/logo\/image\/\"}}]}<\/script>\n<!-- \/ Yoast SEO plugin. -->","yoast_head_json":{"title":"Qualit\u00e9 - Eurodent - Treat Yourself! - Dental Equipment","robots":{"index":"index","follow":"follow","max-snippet":"max-snippet:-1","max-image-preview":"max-image-preview:large","max-video-preview":"max-video-preview:-1"},"canonical":"https:\/\/www.eurodent.it\/fr\/units-dentaires\/les-avantages\/qualite\/","og_locale":"fr_FR","og_type":"article","og_title":"Qualit\u00e9 - Eurodent - Treat Yourself! - Dental Equipment","og_url":"https:\/\/www.eurodent.it\/fr\/units-dentaires\/les-avantages\/qualite\/","og_site_name":"Eurodent - Treat Yourself! - Dental Equipment","article_modified_time":"2016-03-11T14:34:22+00:00","twitter_card":"summary_large_image","twitter_misc":{"Dur\u00e9e de lecture estim\u00e9e":"2 minutes"},"schema":{"@context":"https:\/\/schema.org","@graph":[{"@type":"WebPage","@id":"https:\/\/www.eurodent.it\/fr\/units-dentaires\/les-avantages\/qualite\/","url":"https:\/\/www.eurodent.it\/fr\/units-dentaires\/les-avantages\/qualite\/","name":"Qualit\u00e9 - Eurodent - Treat Yourself! - Dental Equipment","isPartOf":{"@id":"https:\/\/www.eurodent.it\/es\/#website"},"datePublished":"2016-03-11T12:07:56+00:00","dateModified":"2016-03-11T14:34:22+00:00","breadcrumb":{"@id":"https:\/\/www.eurodent.it\/fr\/units-dentaires\/les-avantages\/qualite\/#breadcrumb"},"inLanguage":"fr-FR","potentialAction":[{"@type":"ReadAction","target":["https:\/\/www.eurodent.it\/fr\/units-dentaires\/les-avantages\/qualite\/"]}]},{"@type":"BreadcrumbList","@id":"https:\/\/www.eurodent.it\/fr\/units-dentaires\/les-avantages\/qualite\/#breadcrumb","itemListElement":[{"@type":"ListItem","position":1,"name":"Home","item":"https:\/\/www.eurodent.it\/fr\/"},{"@type":"ListItem","position":2,"name":"Units dentaires","item":"https:\/\/www.eurodent.it\/fr\/units-dentaires\/"},{"@type":"ListItem","position":3,"name":"Les avantages","item":"https:\/\/www.eurodent.it\/fr\/units-dentaires\/les-avantages\/"},{"@type":"ListItem","position":4,"name":"Qualit\u00e9"}]},{"@type":"WebSite","@id":"https:\/\/www.eurodent.it\/es\/#website","url":"https:\/\/www.eurodent.it\/es\/","name":"Eurodent - Treat Yourself! - Dental Equipment","description":"","publisher":{"@id":"https:\/\/www.eurodent.it\/es\/#organization"},"potentialAction":[{"@type":"SearchAction","target":{"@type":"EntryPoint","urlTemplate":"https:\/\/www.eurodent.it\/es\/?s={search_term_string}"},"query-input":{"@type":"PropertyValueSpecification","valueRequired":true,"valueName":"search_term_string"}}],"inLanguage":"fr-FR"},{"@type":"Organization","@id":"https:\/\/www.eurodent.it\/es\/#organization","name":"Eurodent","url":"https:\/\/www.eurodent.it\/es\/","logo":{"@type":"ImageObject","inLanguage":"fr-FR","@id":"https:\/\/www.eurodent.it\/es\/#\/schema\/logo\/image\/","url":"https:\/\/www.eurodent.it\/wp-content\/uploads\/2015\/02\/logo.png","contentUrl":"https:\/\/www.eurodent.it\/wp-content\/uploads\/2015\/02\/logo.png","width":270,"height":60,"caption":"Eurodent"},"image":{"@id":"https:\/\/www.eurodent.it\/es\/#\/schema\/logo\/image\/"}}]}},"_links":{"self":[{"href":"https:\/\/www.eurodent.it\/fr\/wp-json\/wp\/v2\/pages\/4130","targetHints":{"allow":["GET"]}}],"collection":[{"href":"https:\/\/www.eurodent.it\/fr\/wp-json\/wp\/v2\/pages"}],"about":[{"href":"https:\/\/www.eurodent.it\/fr\/wp-json\/wp\/v2\/types\/page"}],"author":[{"embeddable":true,"href":"https:\/\/www.eurodent.it\/fr\/wp-json\/wp\/v2\/users\/1"}],"replies":[{"embeddable":true,"href":"https:\/\/www.eurodent.it\/fr\/wp-json\/wp\/v2\/comments?post=4130"}],"version-history":[{"count":0,"href":"https:\/\/www.eurodent.it\/fr\/wp-json\/wp\/v2\/pages\/4130\/revisions"}],"up":[{"embeddable":true,"href":"https:\/\/www.eurodent.it\/fr\/wp-json\/wp\/v2\/pages\/4095"}],"wp:attachment":[{"href":"https:\/\/www.eurodent.it\/fr\/wp-json\/wp\/v2\/media?parent=4130"}],"curies":[{"name":"wp","href":"https:\/\/api.w.org\/{rel}","templated":true}]}}