{"id":4231,"date":"2016-03-11T14:18:54","date_gmt":"2016-03-11T13:18:54","guid":{"rendered":"http:\/\/www.eurodent.it\/fr\/?page_id=4231"},"modified":"2016-03-11T16:45:58","modified_gmt":"2016-03-11T15:45:58","slug":"micromoteurs","status":"publish","type":"page","link":"https:\/\/www.eurodent.it\/fr\/units-dentaires\/instrumentation\/micromoteurs\/","title":{"rendered":"Micromoteurs"},"content":{"rendered":"<section class=\"cs-section custom-padding\" style=\" padding-top: 30px; padding-bottom:30px;\"><div class=\"container\"><div class=\"row\"><div class=\"col-md-3\"><div class=\"cs-column-inner\"><aside id=\"sidebar\"><div class=\"route_widget widget_nav_menu\"><div class=\"menu-riuniti-odontoiatrici-strumentazione-fr-container\"><ul id=\"menu-riuniti-odontoiatrici-strumentazione-fr\" class=\"menu\"><li id=\"menu-item-4414\" class=\"menu-item menu-item-type-post_type menu-item-object-page menu-item-4414\"><a href=\"https:\/\/www.eurodent.it\/fr\/units-dentaires\/instrumentation\/micromoteurs\/\">Micromoteurs<\/a><\/li>\n<li id=\"menu-item-4412\" class=\"menu-item menu-item-type-post_type menu-item-object-page menu-item-4412\"><a href=\"https:\/\/www.eurodent.it\/fr\/units-dentaires\/instrumentation\/detartreurs-piezo\/\">D\u00e9tartreurs pi\u00e9zo<\/a><\/li>\n<li id=\"menu-item-4411\" class=\"menu-item menu-item-type-post_type menu-item-object-page menu-item-4411\"><a href=\"https:\/\/www.eurodent.it\/fr\/units-dentaires\/instrumentation\/contre-angles\/\">Contre-angles<\/a><\/li>\n<li id=\"menu-item-4415\" class=\"menu-item menu-item-type-post_type menu-item-object-page menu-item-4415\"><a href=\"https:\/\/www.eurodent.it\/fr\/units-dentaires\/instrumentation\/turbine\/\">Turbine<\/a><\/li>\n<\/ul><\/div><div class=\"clear\"><\/div><\/div><\/aside><aside id=\"sidebar\"><div class=\"route_widget widget_text\">\t\t\t<div class=\"textwidget\"><div class=\"cs-btn-align text-left cs-btn-block\" style=\"margin-bottom:30px;\">\n\t<a class=\"cs-btn cs-btn-flat cs-btn-square cs-btn-flat-accent cs-btn-sm cs-btn-no-bold cs-btn-block btnDownload \" href=\"#\"><i class=\"cs-in fa fa-download\"><\/i>T\u00e9l\u00e9chargements<\/a>\n<\/div>\n<ul style=\"margin-left: 40px;\" class=\"cs-icon-list\">  \n<li><i class=\"cs-in fa fa-file-pdf-o\"><\/i><a target=\"_blank\" href=\"\/wp-content\/uploads\/2018\/02\/absolute.pdf\">Catalogue Absolute<\/a><\/li>\n<li><i class=\"cs-in fa fa-file-pdf-o\"><\/i><a target=\"_blank\" href=\"\/wp-content\/uploads\/2019\/03\/catalogo-isotron.pdf\">Catalogue Isotron<\/a><\/li>\n<li><i class=\"cs-in fa fa-file-pdf-o\"><\/i><a target=\"_blank\" href=\"\/wp-content\/uploads\/2015\/02\/catalogo-isoplus.pdf\">Catalogue Isoplus<\/a><\/li>\n<li><i class=\"cs-in fa fa-file-pdf-o\"><\/i><a target=\"_blank\" href=\"https:\/\/www.eurodent.it\/wp-content\/uploads\/2021\/08\/isoflex.pdf\">Catalogue Isoflex<\/a><\/li>\n<li><i class=\"cs-in fa fa-file-pdf-o\"><\/i><a target=\"_blank\" href=\"\/wp-content\/uploads\/2021\/03\/catalogo-ISO-OS.pdf\">Catalogue ISO\/OS<\/a><\/li>\n<li><i class=\"cs-in fa fa-file-pdf-o\"><\/i><a target=\"_blank\" href=\"\/wp-content\/uploads\/2024\/11\/supreme-fra.pdf\">Catalogue Supreme<\/a><\/li>\n<li><i class=\"cs-in fa fa-file-pdf-o\"><\/i><a target=\"_blank\" href=\"https:\/\/www.eurodent.it\/\/wp-content\/uploads\/2024\/09\/catalogo-eos.pdf\">Catalogue EOS<\/a><\/li>\n<li><i class=\"cs-in fa fa-file-pdf-o\"><\/i><a target=\"_blank\" href=\"https:\/\/www.eurodent.it\/wp-content\/uploads\/2023\/03\/vision.pdf\">Catalogue Vision<\/a><\/li>\t\n<\/ul><\/div>\n\t\t<div class=\"clear\"><\/div><\/div><\/aside><hr class=\"cs-space\" style=\"margin-top:40px\"><div class=\"cs-toggle\"><h6 class=\"cs-toggle-title\"><i class=\"cs-in fa cs-anim-icon\"><\/i>DEMANDE D\u2019INFORMATIONS<\/h6><div class=\"cs-toggle-content\">\n<div class=\"wpcf7 no-js\" id=\"wpcf7-f4053-o1\" lang=\"it-IT\" dir=\"ltr\" data-wpcf7-id=\"4053\">\n<div class=\"screen-reader-response\"><p role=\"status\" aria-live=\"polite\" aria-atomic=\"true\"><\/p> <ul><\/ul><\/div>\n<form action=\"\/fr\/wp-json\/wp\/v2\/pages\/4231#wpcf7-f4053-o1\" method=\"post\" class=\"wpcf7-form init\" aria-label=\"Modulo di contatto\" novalidate=\"novalidate\" data-status=\"init\">\n<div style=\"display: none;\">\n<input type=\"hidden\" name=\"_wpcf7\" value=\"4053\" \/>\n<input type=\"hidden\" name=\"_wpcf7_version\" value=\"6.0.1\" \/>\n<input type=\"hidden\" name=\"_wpcf7_locale\" value=\"it_IT\" \/>\n<input type=\"hidden\" name=\"_wpcf7_unit_tag\" value=\"wpcf7-f4053-o1\" \/>\n<input type=\"hidden\" name=\"_wpcf7_container_post\" value=\"0\" \/>\n<input type=\"hidden\" name=\"_wpcf7_posted_data_hash\" value=\"\" \/>\n<input type=\"hidden\" name=\"_wpcf7_recaptcha_response\" value=\"\" \/>\n<\/div>\n<p><span class=\"wpcf7-form-control-wrap\" data-name=\"nome\"><input size=\"40\" maxlength=\"400\" class=\"wpcf7-form-control wpcf7-text wpcf7-validates-as-required\" aria-required=\"true\" aria-invalid=\"false\" placeholder=\"Pr\u00e9nom*\" value=\"\" type=\"text\" name=\"nome\" \/><\/span>\n<\/p>\n<p><span class=\"wpcf7-form-control-wrap\" data-name=\"cognome\"><input size=\"40\" maxlength=\"400\" class=\"wpcf7-form-control wpcf7-text wpcf7-validates-as-required\" aria-required=\"true\" aria-invalid=\"false\" placeholder=\"Nom*\" value=\"\" type=\"text\" name=\"cognome\" \/><\/span>\n<\/p>\n<p><span class=\"wpcf7-form-control-wrap\" data-name=\"professione\"><input size=\"40\" maxlength=\"400\" class=\"wpcf7-form-control wpcf7-text wpcf7-validates-as-required\" aria-required=\"true\" aria-invalid=\"false\" placeholder=\"Profession*\" value=\"\" type=\"text\" name=\"professione\" \/><\/span>\n<\/p>\n<p><span class=\"wpcf7-form-control-wrap\" data-name=\"telefono\"><input size=\"40\" maxlength=\"400\" class=\"wpcf7-form-control wpcf7-tel wpcf7-validates-as-required wpcf7-text wpcf7-validates-as-tel\" aria-required=\"true\" aria-invalid=\"false\" placeholder=\"T\u00e9l\u00e9phone*\" value=\"\" type=\"tel\" name=\"telefono\" \/><\/span>\n<\/p>\n<p><span class=\"wpcf7-form-control-wrap\" data-name=\"email\"><input size=\"40\" maxlength=\"400\" class=\"wpcf7-form-control wpcf7-email wpcf7-validates-as-required wpcf7-text wpcf7-validates-as-email\" aria-required=\"true\" aria-invalid=\"false\" placeholder=\"E-mail*\" value=\"\" type=\"email\" name=\"email\" \/><\/span>\n<\/p>\n<p><span class=\"wpcf7-form-control-wrap\" data-name=\"citta\"><input size=\"40\" maxlength=\"400\" class=\"wpcf7-form-control wpcf7-text wpcf7-validates-as-required\" aria-required=\"true\" aria-invalid=\"false\" placeholder=\"Ville*\" value=\"\" type=\"text\" name=\"citta\" \/><\/span>\n<\/p>\n<p><span class=\"wpcf7-form-control-wrap\" data-name=\"stato\"><input size=\"40\" maxlength=\"400\" class=\"wpcf7-form-control wpcf7-text wpcf7-validates-as-required\" aria-required=\"true\" aria-invalid=\"false\" placeholder=\"Pays*\" value=\"\" type=\"text\" name=\"stato\" \/><\/span>\n<\/p>\n<p><span class=\"wpcf7-form-control-wrap\" data-name=\"messaggio\"><textarea cols=\"40\" rows=\"10\" maxlength=\"2000\" class=\"wpcf7-form-control wpcf7-textarea\" aria-invalid=\"false\" placeholder=\"Votre message\" name=\"messaggio\"><\/textarea><\/span>\n<\/p>\n<p><a href=\"https:\/\/www.eurodent.it\/fr\/politique-de-confidentialite\/\"    target=\"_blank\">Politique de confidentialit\u00e9<\/a>\n<\/p>\n<p><label><span class=\"wpcf7-form-control-wrap\" data-name=\"job-privacy\"><span class=\"wpcf7-form-control wpcf7-acceptance\"><span class=\"wpcf7-list-item\"><input type=\"checkbox\" name=\"job-privacy\" value=\"1\" aria-invalid=\"false\" \/><\/span><\/span><\/span> J\u2019accepte<\/label>\n<\/p>\n<p><input class=\"cs-btn cs-btn-flat cs-btn-rounded cs-btn-sm cs-btn-flat-accent wpcf7-form-control wpcf7-submit\" type=\"submit\" value=\"Envoyer\" \/>\n<\/p><input type='hidden' class='wpcf7-pum' value='{\"closepopup\":false,\"closedelay\":0,\"openpopup\":false,\"openpopup_id\":0}' \/><div class=\"wpcf7-response-output\" aria-hidden=\"true\"><\/div>\n<\/form>\n<\/div>\n\n<\/div><\/div><\/div><\/div><div class=\"col-md-9\" style=\"padding-top:20px;\"><div class=\"cs-column-inner\"><section class=\"cs-section\"><div class=\"container\"><div class=\"row\"><div class=\"col-md-5\"><div class=\"cs-column-inner\"><img loading=\"lazy\" decoding=\"async\" width=\"400\" height=\"300\" src=\"https:\/\/www.eurodent.it\/wp-content\/uploads\/2015\/02\/micromotori-01.jpg\" class=\"attachment-full size-full\" alt=\"\" srcset=\"https:\/\/www.eurodent.it\/wp-content\/uploads\/2015\/02\/micromotori-01.jpg 400w, https:\/\/www.eurodent.it\/wp-content\/uploads\/2015\/02\/micromotori-01-300x225.jpg 300w\" sizes=\"auto, (max-width: 400px) 100vw, 400px\" \/><\/div><\/div><div class=\"col-md-7\"><div class=\"cs-column-inner\"><div class=\"cs-column-text\"><h4>Micromoteur MC3<\/h4>\n<p>Micromoteur \u00e0 haute performance \u00e0 lumi\u00e8res LED avec spray int\u00e9gr\u00e9. Sa rotation est exempte de vibrations et il se distingue par sa grande polyvalence. Sp\u00e9cifications techniques :<\/p>\n<ul>\n<li>Avec lumi\u00e8re et spray int\u00e9gr\u00e9.<\/li>\n<li>Lumi\u00e8re LED de couleur blanche neutre, 4500\u00a0K \u2013 38\u00a0000 Lux.<\/li>\n<li>Vitesse 60 \u2013 40\u00a0000 tr\/min.<\/li>\n<li>Accouplement type E.<\/li>\n<\/ul>\n<\/div><\/div><\/div><\/div><\/div><\/section><div class=\"cs-divider-icon text-center custom-margin\" style=\"margin-top:30pxpx;margin-bottom:30pxpx;\"><div class=\"cs-divider-icon-inner\" style=\"color:#c188bb;border-top-color:#c188bb;\"><i class=\"cs-in fa fa-chevron-down\"><\/i><br \/>\n<\/div><\/div><section class=\"cs-section\"><div class=\"container\"><div class=\"row\"><div class=\"col-md-5\"><div class=\"cs-column-inner\"><img loading=\"lazy\" decoding=\"async\" width=\"400\" height=\"300\" src=\"https:\/\/www.eurodent.it\/wp-content\/uploads\/2015\/02\/micromotori-02.jpg\" class=\"attachment-full size-full\" alt=\"\" srcset=\"https:\/\/www.eurodent.it\/wp-content\/uploads\/2015\/02\/micromotori-02.jpg 400w, https:\/\/www.eurodent.it\/wp-content\/uploads\/2015\/02\/micromotori-02-300x225.jpg 300w\" sizes=\"auto, (max-width: 400px) 100vw, 400px\" \/><\/div><\/div><div class=\"col-md-7\"><div class=\"cs-column-inner\"><div class=\"cs-column-text\"><h4>Micromoteur MCX<\/h4>\n<p>De nouvelle g\u00e9n\u00e9ration ad induction, jusqu\u2019\u00e0 30 % plus court et 23 % plus l\u00e9ger. Micromoteur \u00e0 lumi\u00e8re LED avec spray int\u00e9gr\u00e9. Extr\u00eamement \u00e9quilibr\u00e9, il garantit un contr\u00f4le plus pr\u00e9cis, en r\u00e9duisant la fatigue du bras. Sp\u00e9cifications techniques :<\/p>\n<ul>\n<li>Avec lumi\u00e8re et spray int\u00e9gr\u00e9.<\/li>\n<li>Lumi\u00e8re LED de couleur blanche neutre, 4500\u00a0K \u2013 38\u00a0000 Lux.<\/li>\n<li>Vitesse 1\u00a0000 \u2013 40\u00a0000 tr\/min.<\/li>\n<li>Accouplement type E.<\/li>\n<\/ul>\n<\/div><\/div><\/div><\/div><\/div><\/section><\/div><\/div><\/div><\/div><\/section>\n","protected":false},"excerpt":{"rendered":"<p><span class=\"entry-read-more\"><a href=\"https:\/\/www.eurodent.it\/fr\/units-dentaires\/instrumentation\/micromoteurs\/\" class=\"cs-btn cs-btn-flat cs-btn-rounded cs-btn-xxs cs-btn-flat-accent\">Lire la suite<\/a><\/span><\/p>\n","protected":false},"author":1,"featured_media":0,"parent":4112,"menu_order":0,"comment_status":"closed","ping_status":"closed","template":"","meta":{"footnotes":""},"class_list":["post-4231","page","type-page","status-publish","hentry"],"yoast_head":"<!-- This site is optimized with the Yoast SEO plugin v23.9 - https:\/\/yoast.com\/wordpress\/plugins\/seo\/ -->\n<title>Micromoteurs - Eurodent - Treat Yourself! - Dental Equipment<\/title>\n<meta name=\"robots\" content=\"index, follow, max-snippet:-1, max-image-preview:large, max-video-preview:-1\" \/>\n<link rel=\"canonical\" href=\"https:\/\/www.eurodent.it\/fr\/units-dentaires\/instrumentation\/micromoteurs\/\" \/>\n<meta property=\"og:locale\" content=\"fr_FR\" \/>\n<meta property=\"og:type\" content=\"article\" \/>\n<meta property=\"og:title\" content=\"Micromoteurs - Eurodent - Treat Yourself! - Dental Equipment\" \/>\n<meta property=\"og:url\" content=\"https:\/\/www.eurodent.it\/fr\/units-dentaires\/instrumentation\/micromoteurs\/\" \/>\n<meta property=\"og:site_name\" content=\"Eurodent - Treat Yourself! - Dental Equipment\" \/>\n<meta property=\"article:modified_time\" content=\"2016-03-11T15:45:58+00:00\" \/>\n<meta name=\"twitter:card\" content=\"summary_large_image\" \/>\n<meta name=\"twitter:label1\" content=\"Dur\u00e9e de lecture estim\u00e9e\" \/>\n\t<meta name=\"twitter:data1\" content=\"1 minute\" \/>\n<script type=\"application\/ld+json\" class=\"yoast-schema-graph\">{\"@context\":\"https:\/\/schema.org\",\"@graph\":[{\"@type\":\"WebPage\",\"@id\":\"https:\/\/www.eurodent.it\/fr\/units-dentaires\/instrumentation\/micromoteurs\/\",\"url\":\"https:\/\/www.eurodent.it\/fr\/units-dentaires\/instrumentation\/micromoteurs\/\",\"name\":\"Micromoteurs - Eurodent - Treat Yourself! - Dental Equipment\",\"isPartOf\":{\"@id\":\"https:\/\/www.eurodent.it\/es\/#website\"},\"datePublished\":\"2016-03-11T13:18:54+00:00\",\"dateModified\":\"2016-03-11T15:45:58+00:00\",\"breadcrumb\":{\"@id\":\"https:\/\/www.eurodent.it\/fr\/units-dentaires\/instrumentation\/micromoteurs\/#breadcrumb\"},\"inLanguage\":\"fr-FR\",\"potentialAction\":[{\"@type\":\"ReadAction\",\"target\":[\"https:\/\/www.eurodent.it\/fr\/units-dentaires\/instrumentation\/micromoteurs\/\"]}]},{\"@type\":\"BreadcrumbList\",\"@id\":\"https:\/\/www.eurodent.it\/fr\/units-dentaires\/instrumentation\/micromoteurs\/#breadcrumb\",\"itemListElement\":[{\"@type\":\"ListItem\",\"position\":1,\"name\":\"Home\",\"item\":\"https:\/\/www.eurodent.it\/fr\/\"},{\"@type\":\"ListItem\",\"position\":2,\"name\":\"Units dentaires\",\"item\":\"https:\/\/www.eurodent.it\/fr\/units-dentaires\/\"},{\"@type\":\"ListItem\",\"position\":3,\"name\":\"Instrumentation\",\"item\":\"https:\/\/www.eurodent.it\/fr\/units-dentaires\/instrumentation\/\"},{\"@type\":\"ListItem\",\"position\":4,\"name\":\"Micromoteurs\"}]},{\"@type\":\"WebSite\",\"@id\":\"https:\/\/www.eurodent.it\/es\/#website\",\"url\":\"https:\/\/www.eurodent.it\/es\/\",\"name\":\"Eurodent - Treat Yourself! - Dental Equipment\",\"description\":\"\",\"publisher\":{\"@id\":\"https:\/\/www.eurodent.it\/es\/#organization\"},\"potentialAction\":[{\"@type\":\"SearchAction\",\"target\":{\"@type\":\"EntryPoint\",\"urlTemplate\":\"https:\/\/www.eurodent.it\/es\/?s={search_term_string}\"},\"query-input\":{\"@type\":\"PropertyValueSpecification\",\"valueRequired\":true,\"valueName\":\"search_term_string\"}}],\"inLanguage\":\"fr-FR\"},{\"@type\":\"Organization\",\"@id\":\"https:\/\/www.eurodent.it\/es\/#organization\",\"name\":\"Eurodent\",\"url\":\"https:\/\/www.eurodent.it\/es\/\",\"logo\":{\"@type\":\"ImageObject\",\"inLanguage\":\"fr-FR\",\"@id\":\"https:\/\/www.eurodent.it\/es\/#\/schema\/logo\/image\/\",\"url\":\"https:\/\/www.eurodent.it\/wp-content\/uploads\/2015\/02\/logo.png\",\"contentUrl\":\"https:\/\/www.eurodent.it\/wp-content\/uploads\/2015\/02\/logo.png\",\"width\":270,\"height\":60,\"caption\":\"Eurodent\"},\"image\":{\"@id\":\"https:\/\/www.eurodent.it\/es\/#\/schema\/logo\/image\/\"}}]}<\/script>\n<!-- \/ Yoast SEO plugin. -->","yoast_head_json":{"title":"Micromoteurs - Eurodent - Treat Yourself! - Dental Equipment","robots":{"index":"index","follow":"follow","max-snippet":"max-snippet:-1","max-image-preview":"max-image-preview:large","max-video-preview":"max-video-preview:-1"},"canonical":"https:\/\/www.eurodent.it\/fr\/units-dentaires\/instrumentation\/micromoteurs\/","og_locale":"fr_FR","og_type":"article","og_title":"Micromoteurs - Eurodent - Treat Yourself! - Dental Equipment","og_url":"https:\/\/www.eurodent.it\/fr\/units-dentaires\/instrumentation\/micromoteurs\/","og_site_name":"Eurodent - Treat Yourself! - Dental Equipment","article_modified_time":"2016-03-11T15:45:58+00:00","twitter_card":"summary_large_image","twitter_misc":{"Dur\u00e9e de lecture estim\u00e9e":"1 minute"},"schema":{"@context":"https:\/\/schema.org","@graph":[{"@type":"WebPage","@id":"https:\/\/www.eurodent.it\/fr\/units-dentaires\/instrumentation\/micromoteurs\/","url":"https:\/\/www.eurodent.it\/fr\/units-dentaires\/instrumentation\/micromoteurs\/","name":"Micromoteurs - Eurodent - Treat Yourself! - Dental Equipment","isPartOf":{"@id":"https:\/\/www.eurodent.it\/es\/#website"},"datePublished":"2016-03-11T13:18:54+00:00","dateModified":"2016-03-11T15:45:58+00:00","breadcrumb":{"@id":"https:\/\/www.eurodent.it\/fr\/units-dentaires\/instrumentation\/micromoteurs\/#breadcrumb"},"inLanguage":"fr-FR","potentialAction":[{"@type":"ReadAction","target":["https:\/\/www.eurodent.it\/fr\/units-dentaires\/instrumentation\/micromoteurs\/"]}]},{"@type":"BreadcrumbList","@id":"https:\/\/www.eurodent.it\/fr\/units-dentaires\/instrumentation\/micromoteurs\/#breadcrumb","itemListElement":[{"@type":"ListItem","position":1,"name":"Home","item":"https:\/\/www.eurodent.it\/fr\/"},{"@type":"ListItem","position":2,"name":"Units dentaires","item":"https:\/\/www.eurodent.it\/fr\/units-dentaires\/"},{"@type":"ListItem","position":3,"name":"Instrumentation","item":"https:\/\/www.eurodent.it\/fr\/units-dentaires\/instrumentation\/"},{"@type":"ListItem","position":4,"name":"Micromoteurs"}]},{"@type":"WebSite","@id":"https:\/\/www.eurodent.it\/es\/#website","url":"https:\/\/www.eurodent.it\/es\/","name":"Eurodent - Treat Yourself! - Dental Equipment","description":"","publisher":{"@id":"https:\/\/www.eurodent.it\/es\/#organization"},"potentialAction":[{"@type":"SearchAction","target":{"@type":"EntryPoint","urlTemplate":"https:\/\/www.eurodent.it\/es\/?s={search_term_string}"},"query-input":{"@type":"PropertyValueSpecification","valueRequired":true,"valueName":"search_term_string"}}],"inLanguage":"fr-FR"},{"@type":"Organization","@id":"https:\/\/www.eurodent.it\/es\/#organization","name":"Eurodent","url":"https:\/\/www.eurodent.it\/es\/","logo":{"@type":"ImageObject","inLanguage":"fr-FR","@id":"https:\/\/www.eurodent.it\/es\/#\/schema\/logo\/image\/","url":"https:\/\/www.eurodent.it\/wp-content\/uploads\/2015\/02\/logo.png","contentUrl":"https:\/\/www.eurodent.it\/wp-content\/uploads\/2015\/02\/logo.png","width":270,"height":60,"caption":"Eurodent"},"image":{"@id":"https:\/\/www.eurodent.it\/es\/#\/schema\/logo\/image\/"}}]}},"_links":{"self":[{"href":"https:\/\/www.eurodent.it\/fr\/wp-json\/wp\/v2\/pages\/4231","targetHints":{"allow":["GET"]}}],"collection":[{"href":"https:\/\/www.eurodent.it\/fr\/wp-json\/wp\/v2\/pages"}],"about":[{"href":"https:\/\/www.eurodent.it\/fr\/wp-json\/wp\/v2\/types\/page"}],"author":[{"embeddable":true,"href":"https:\/\/www.eurodent.it\/fr\/wp-json\/wp\/v2\/users\/1"}],"replies":[{"embeddable":true,"href":"https:\/\/www.eurodent.it\/fr\/wp-json\/wp\/v2\/comments?post=4231"}],"version-history":[{"count":0,"href":"https:\/\/www.eurodent.it\/fr\/wp-json\/wp\/v2\/pages\/4231\/revisions"}],"up":[{"embeddable":true,"href":"https:\/\/www.eurodent.it\/fr\/wp-json\/wp\/v2\/pages\/4112"}],"wp:attachment":[{"href":"https:\/\/www.eurodent.it\/fr\/wp-json\/wp\/v2\/media?parent=4231"}],"curies":[{"name":"wp","href":"https:\/\/api.w.org\/{rel}","templated":true}]}}