{"id":4269,"date":"2016-03-11T14:22:53","date_gmt":"2016-03-11T13:22:53","guid":{"rendered":"http:\/\/www.eurodent.it\/fr\/?page_id=4269"},"modified":"2016-03-11T17:29:07","modified_gmt":"2016-03-11T16:29:07","slug":"assist-et-assist-plus","status":"publish","type":"page","link":"https:\/\/www.eurodent.it\/fr\/tabourets\/assist-et-assist-plus\/","title":{"rendered":"Assist et Assist Plus"},"content":{"rendered":"<section class=\"cs-section custom-padding\" style=\" padding-top: 30px; padding-bottom:30px;\"><div class=\"container\"><div class=\"row\"><div class=\"col-md-3\"><div class=\"cs-column-inner\"><aside id=\"sidebar\"><div class=\"route_widget widget_nav_menu\"><div class=\"menu-seggiolini-fr-container\"><ul id=\"menu-seggiolini-fr\" class=\"menu\"><li id=\"menu-item-4450\" class=\"menu-item menu-item-type-post_type menu-item-object-page menu-item-4450\"><a href=\"https:\/\/www.eurodent.it\/fr\/units-dentaires\/\">Units dentaires<\/a><\/li>\n<li id=\"menu-item-4445\" class=\"menu-item menu-item-type-post_type menu-item-object-page menu-item-has-children menu-item-4445\"><a href=\"https:\/\/www.eurodent.it\/fr\/tabourets\/\">Tabourets<\/a>\n<ul class=\"sub-menu\">\n\t<li id=\"menu-item-4446\" class=\"menu-item menu-item-type-post_type menu-item-object-page menu-item-4446\"><a href=\"https:\/\/www.eurodent.it\/fr\/tabourets\/4u-et-4u-s\/\">4U et 4U-S<\/a><\/li>\n\t<li id=\"menu-item-4449\" class=\"menu-item menu-item-type-post_type menu-item-object-page menu-item-4449\"><a href=\"https:\/\/www.eurodent.it\/fr\/tabourets\/syncro-t3-et-syncro-t5\/\">Syncro T3 et Syncro T5<\/a><\/li>\n\t<li id=\"menu-item-4447\" class=\"menu-item menu-item-type-post_type menu-item-object-page menu-item-4447\"><a href=\"https:\/\/www.eurodent.it\/fr\/tabourets\/assist-et-assist-plus\/\">Assist et Assist Plus<\/a><\/li>\n\t<li id=\"menu-item-4448\" class=\"menu-item menu-item-type-post_type menu-item-object-page menu-item-4448\"><a href=\"https:\/\/www.eurodent.it\/fr\/tabourets\/harley\/\">Harley<\/a><\/li>\n<\/ul>\n<\/li>\n<\/ul><\/div><div class=\"clear\"><\/div><\/div><\/aside><aside id=\"sidebar\"><div class=\"route_widget widget_text\">\t\t\t<div class=\"textwidget\"><div class=\"cs-btn-align text-left cs-btn-block\" style=\"margin-bottom:30px;\">\n\t<a class=\"cs-btn cs-btn-flat cs-btn-square cs-btn-flat-accent cs-btn-sm cs-btn-no-bold cs-btn-block btnDownload \" href=\"#\"><i class=\"cs-in fa fa-download\"><\/i>T\u00e9l\u00e9chargements<\/a>\n<\/div>\n<ul style=\"margin-left: 40px;\" class=\"cs-icon-list\">  \n<li><i class=\"cs-in fa fa-file-pdf-o\"><\/i><a target=\"_blank\" href=\"\/wp-content\/uploads\/2018\/02\/absolute.pdf\">Catalogue Absolute<\/a><\/li>\n<li><i class=\"cs-in fa fa-file-pdf-o\"><\/i><a target=\"_blank\" href=\"\/wp-content\/uploads\/2019\/03\/catalogo-isotron.pdf\">Catalogue Isotron<\/a><\/li>\n<li><i class=\"cs-in fa fa-file-pdf-o\"><\/i><a target=\"_blank\" href=\"\/wp-content\/uploads\/2015\/02\/catalogo-isoplus.pdf\">Catalogue Isoplus<\/a><\/li>\n<li><i class=\"cs-in fa fa-file-pdf-o\"><\/i><a target=\"_blank\" href=\"https:\/\/www.eurodent.it\/wp-content\/uploads\/2021\/08\/isoflex.pdf\">Catalogue Isoflex<\/a><\/li>\n<li><i class=\"cs-in fa fa-file-pdf-o\"><\/i><a target=\"_blank\" href=\"\/wp-content\/uploads\/2021\/03\/catalogo-ISO-OS.pdf\">Catalogue ISO\/OS<\/a><\/li>\n<li><i class=\"cs-in fa fa-file-pdf-o\"><\/i><a target=\"_blank\" href=\"\/wp-content\/uploads\/2024\/11\/supreme-fra.pdf\">Catalogue Supreme<\/a><\/li>\n<li><i class=\"cs-in fa fa-file-pdf-o\"><\/i><a target=\"_blank\" href=\"https:\/\/www.eurodent.it\/\/wp-content\/uploads\/2024\/09\/catalogo-eos.pdf\">Catalogue EOS<\/a><\/li>\n<li><i class=\"cs-in fa fa-file-pdf-o\"><\/i><a target=\"_blank\" href=\"https:\/\/www.eurodent.it\/wp-content\/uploads\/2023\/03\/vision.pdf\">Catalogue Vision<\/a><\/li>\t\n<\/ul><\/div>\n\t\t<div class=\"clear\"><\/div><\/div><\/aside><hr class=\"cs-space\" style=\"margin-top:40px\"><div class=\"cs-toggle\"><h6 class=\"cs-toggle-title\"><i class=\"cs-in fa cs-anim-icon\"><\/i>DEMANDE D\u2019INFORMATIONS<\/h6><div class=\"cs-toggle-content\">\n<div class=\"wpcf7 no-js\" id=\"wpcf7-f4053-o1\" lang=\"it-IT\" dir=\"ltr\" data-wpcf7-id=\"4053\">\n<div class=\"screen-reader-response\"><p role=\"status\" aria-live=\"polite\" aria-atomic=\"true\"><\/p> <ul><\/ul><\/div>\n<form action=\"\/fr\/wp-json\/wp\/v2\/pages\/4269#wpcf7-f4053-o1\" method=\"post\" class=\"wpcf7-form init\" aria-label=\"Modulo di contatto\" novalidate=\"novalidate\" data-status=\"init\">\n<div style=\"display: none;\">\n<input type=\"hidden\" name=\"_wpcf7\" value=\"4053\" \/>\n<input type=\"hidden\" name=\"_wpcf7_version\" value=\"6.0.1\" \/>\n<input type=\"hidden\" name=\"_wpcf7_locale\" value=\"it_IT\" \/>\n<input type=\"hidden\" name=\"_wpcf7_unit_tag\" value=\"wpcf7-f4053-o1\" \/>\n<input type=\"hidden\" name=\"_wpcf7_container_post\" value=\"0\" \/>\n<input type=\"hidden\" name=\"_wpcf7_posted_data_hash\" value=\"\" \/>\n<input type=\"hidden\" name=\"_wpcf7_recaptcha_response\" value=\"\" \/>\n<\/div>\n<p><span class=\"wpcf7-form-control-wrap\" data-name=\"nome\"><input size=\"40\" maxlength=\"400\" class=\"wpcf7-form-control wpcf7-text wpcf7-validates-as-required\" aria-required=\"true\" aria-invalid=\"false\" placeholder=\"Pr\u00e9nom*\" value=\"\" type=\"text\" name=\"nome\" \/><\/span>\n<\/p>\n<p><span class=\"wpcf7-form-control-wrap\" data-name=\"cognome\"><input size=\"40\" maxlength=\"400\" class=\"wpcf7-form-control wpcf7-text wpcf7-validates-as-required\" aria-required=\"true\" aria-invalid=\"false\" placeholder=\"Nom*\" value=\"\" type=\"text\" name=\"cognome\" \/><\/span>\n<\/p>\n<p><span class=\"wpcf7-form-control-wrap\" data-name=\"professione\"><input size=\"40\" maxlength=\"400\" class=\"wpcf7-form-control wpcf7-text wpcf7-validates-as-required\" aria-required=\"true\" aria-invalid=\"false\" placeholder=\"Profession*\" value=\"\" type=\"text\" name=\"professione\" \/><\/span>\n<\/p>\n<p><span class=\"wpcf7-form-control-wrap\" data-name=\"telefono\"><input size=\"40\" maxlength=\"400\" class=\"wpcf7-form-control wpcf7-tel wpcf7-validates-as-required wpcf7-text wpcf7-validates-as-tel\" aria-required=\"true\" aria-invalid=\"false\" placeholder=\"T\u00e9l\u00e9phone*\" value=\"\" type=\"tel\" name=\"telefono\" \/><\/span>\n<\/p>\n<p><span class=\"wpcf7-form-control-wrap\" data-name=\"email\"><input size=\"40\" maxlength=\"400\" class=\"wpcf7-form-control wpcf7-email wpcf7-validates-as-required wpcf7-text wpcf7-validates-as-email\" aria-required=\"true\" aria-invalid=\"false\" placeholder=\"E-mail*\" value=\"\" type=\"email\" name=\"email\" \/><\/span>\n<\/p>\n<p><span class=\"wpcf7-form-control-wrap\" data-name=\"citta\"><input size=\"40\" maxlength=\"400\" class=\"wpcf7-form-control wpcf7-text wpcf7-validates-as-required\" aria-required=\"true\" aria-invalid=\"false\" placeholder=\"Ville*\" value=\"\" type=\"text\" name=\"citta\" \/><\/span>\n<\/p>\n<p><span class=\"wpcf7-form-control-wrap\" data-name=\"stato\"><input size=\"40\" maxlength=\"400\" class=\"wpcf7-form-control wpcf7-text wpcf7-validates-as-required\" aria-required=\"true\" aria-invalid=\"false\" placeholder=\"Pays*\" value=\"\" type=\"text\" name=\"stato\" \/><\/span>\n<\/p>\n<p><span class=\"wpcf7-form-control-wrap\" data-name=\"messaggio\"><textarea cols=\"40\" rows=\"10\" maxlength=\"2000\" class=\"wpcf7-form-control wpcf7-textarea\" aria-invalid=\"false\" placeholder=\"Votre message\" name=\"messaggio\"><\/textarea><\/span>\n<\/p>\n<p><a href=\"https:\/\/www.eurodent.it\/fr\/politique-de-confidentialite\/\"    target=\"_blank\">Politique de confidentialit\u00e9<\/a>\n<\/p>\n<p><label><span class=\"wpcf7-form-control-wrap\" data-name=\"job-privacy\"><span class=\"wpcf7-form-control wpcf7-acceptance\"><span class=\"wpcf7-list-item\"><input type=\"checkbox\" name=\"job-privacy\" value=\"1\" aria-invalid=\"false\" \/><\/span><\/span><\/span> J\u2019accepte<\/label>\n<\/p>\n<p><input class=\"cs-btn cs-btn-flat cs-btn-rounded cs-btn-sm cs-btn-flat-accent wpcf7-form-control wpcf7-submit\" type=\"submit\" value=\"Envoyer\" \/>\n<\/p><input type='hidden' class='wpcf7-pum' value='{\"closepopup\":false,\"closedelay\":0,\"openpopup\":false,\"openpopup_id\":0}' \/><div class=\"wpcf7-response-output\" aria-hidden=\"true\"><\/div>\n<\/form>\n<\/div>\n\n<\/div><\/div><\/div><\/div><div class=\"col-md-9\" style=\"padding-top:20px;\"><div class=\"cs-column-inner\"><div class=\"cs-column-text\"><h2>Tabouret Assist et Assist Plus<\/h2>\n<\/div><img loading=\"lazy\" decoding=\"async\" width=\"1000\" height=\"400\" src=\"https:\/\/www.eurodent.it\/wp-content\/uploads\/2015\/04\/sgabello-assist-e-assist-plus.jpg\" class=\"attachment-full size-full\" alt=\"\" srcset=\"https:\/\/www.eurodent.it\/wp-content\/uploads\/2015\/04\/sgabello-assist-e-assist-plus.jpg 1000w, https:\/\/www.eurodent.it\/wp-content\/uploads\/2015\/04\/sgabello-assist-e-assist-plus-300x120.jpg 300w\" sizes=\"auto, (max-width: 1000px) 100vw, 1000px\" \/><hr class=\"cs-space\" style=\"margin-top:20px\"><div class=\"cs-column-text\"><h4>Un classique ind\u00e9modable<\/h4>\n<p>Voici Ecco Assist et Assist Plus, les tabourets pour dentiste et assistante qui assurent une position toujours confortable et correcte. Avec la qualit\u00e9 Eurodent, un design \u00e9l\u00e9gant, et un excellent rapport qualit\u00e9\/prix.\u2028<\/p>\n<\/div><div class=\"cs-divider-icon text-center custom-margin\" style=\"margin-top:10pxpx;margin-bottom:10pxpx;\"><div class=\"cs-divider-icon-inner\" style=\"color:#c188bb;border-top-color:#c188bb;\"><i class=\"cs-in fa fa-chevron-down\"><\/i><br \/>\n<\/div><\/div><section class=\"cs-section\"><div class=\"container\"><div class=\"row\"><div class=\"col-md-4\"><div class=\"cs-column-inner\"><img loading=\"lazy\" decoding=\"async\" width=\"450\" height=\"326\" src=\"https:\/\/www.eurodent.it\/wp-content\/uploads\/2015\/04\/sgabello-assist-e-assist-plus-01-1.jpg\" class=\"attachment-full size-full\" alt=\"\" srcset=\"https:\/\/www.eurodent.it\/wp-content\/uploads\/2015\/04\/sgabello-assist-e-assist-plus-01-1.jpg 450w, https:\/\/www.eurodent.it\/wp-content\/uploads\/2015\/04\/sgabello-assist-e-assist-plus-01-1-300x217.jpg 300w\" sizes=\"auto, (max-width: 450px) 100vw, 450px\" \/><\/div><\/div><div class=\"col-md-8\"><div class=\"cs-column-inner\"><div class=\"cs-column-text\"><h4>Bien s\u2019asseoir pour mieux travailler<\/h4>\n<p>L\u2019assise ronde et le dossier-accoudoir en demi-cercle vous permettent ainsi qu\u2019\u00e0 l\u2019assistante de vous asseoir confortablement sans compromettre la rapidit\u00e9 des gestes.<\/p>\n<ul>\n<li>R\u00e9glage de la hauteur de l\u2019assise.<\/li>\n<li>Dossier-accoudoir configurable sur 3 positions.<\/li>\n<li>Coussin anatomique sans coutures facilement nettoyable.<\/li>\n<li>Garantit un appui efficace tant pour le dos que pour le bras.<\/li>\n<\/ul>\n<p>Dans la version Plus, le dossier-accoudoir est r\u00e9glable en hauteur (up &amp; down), sans leviers ni boutons.<\/p>\n<\/div><\/div><\/div><\/div><\/div><\/section><div class=\"cs-divider-icon text-center custom-margin\" style=\"margin-top:10pxpx;margin-bottom:10pxpx;\"><div class=\"cs-divider-icon-inner\" style=\"color:#c188bb;border-top-color:#c188bb;\"><i class=\"cs-in fa fa-chevron-down\"><\/i><br \/>\n<\/div><\/div><section class=\"cs-section\"><div class=\"container\"><div class=\"row\"><div class=\"col-md-12\"><div class=\"cs-column-inner\"><div class=\"cs-column-text\"><h4>La bonne posture assise sans renoncer \u00e0 la forme et \u00e0 la couleur<\/h4>\n<p>Les tabourets Assist et Assist Plus ont un design \u00e9l\u00e9gant et moderne et offrent une grande vari\u00e9t\u00e9 de couleurs.<br \/>\nLa gamme de couleurs des tabourets reprend celle des units dentaires Eurodent.<\/p>\n<\/div><img loading=\"lazy\" decoding=\"async\" width=\"1000\" height=\"595\" src=\"https:\/\/www.eurodent.it\/wp-content\/uploads\/2016\/03\/colori-sgabelli-fr.jpg\" class=\"attachment-full size-full\" alt=\"\" srcset=\"https:\/\/www.eurodent.it\/wp-content\/uploads\/2016\/03\/colori-sgabelli-fr.jpg 1000w, https:\/\/www.eurodent.it\/wp-content\/uploads\/2016\/03\/colori-sgabelli-fr-300x179.jpg 300w, https:\/\/www.eurodent.it\/wp-content\/uploads\/2016\/03\/colori-sgabelli-fr-768x457.jpg 768w\" sizes=\"auto, (max-width: 1000px) 100vw, 1000px\" \/><\/div><\/div><\/div><\/div><\/section><div class=\"cs-divider-icon text-center custom-margin\" style=\"margin-top:10pxpx;margin-bottom:10pxpx;\"><div class=\"cs-divider-icon-inner\" style=\"color:#c188bb;border-top-color:#c188bb;\"><i class=\"cs-in fa fa-chevron-down\"><\/i><br \/>\n<\/div><\/div><section class=\"cs-section\"><div class=\"container\"><div class=\"row\"><div class=\"col-md-12\"><div class=\"cs-column-inner\"><div class=\"cs-column-text\"><h4>Les configurations<\/h4>\n<p>Assist est configurable avec commande au pied, avec ou sans anneau repose-pied, suivant vos exigences.<\/p>\n<\/div><\/div><\/div><\/div><\/div><\/section><hr class=\"cs-space\" style=\"margin-top:20px\"><section class=\"cs-section\"><div class=\"container\"><div class=\"row\"><div class=\"col-md-4\"><div class=\"cs-column-inner\"><img loading=\"lazy\" decoding=\"async\" width=\"380\" height=\"210\" src=\"https:\/\/www.eurodent.it\/wp-content\/uploads\/2015\/04\/sgabello-4U-e-4U-S-03.jpg\" class=\"attachment-full size-full\" alt=\"\" srcset=\"https:\/\/www.eurodent.it\/wp-content\/uploads\/2015\/04\/sgabello-4U-e-4U-S-03.jpg 380w, https:\/\/www.eurodent.it\/wp-content\/uploads\/2015\/04\/sgabello-4U-e-4U-S-03-300x166.jpg 300w\" sizes=\"auto, (max-width: 380px) 100vw, 380px\" \/><\/div><\/div><div class=\"col-md-4\"><div class=\"cs-column-inner\"><img loading=\"lazy\" decoding=\"async\" width=\"380\" height=\"210\" src=\"https:\/\/www.eurodent.it\/wp-content\/uploads\/2015\/04\/sgabello-4U-e-4U-S-04.jpg\" class=\"attachment-full size-full\" alt=\"\" srcset=\"https:\/\/www.eurodent.it\/wp-content\/uploads\/2015\/04\/sgabello-4U-e-4U-S-04.jpg 380w, https:\/\/www.eurodent.it\/wp-content\/uploads\/2015\/04\/sgabello-4U-e-4U-S-04-300x166.jpg 300w\" sizes=\"auto, (max-width: 380px) 100vw, 380px\" \/><\/div><\/div><div class=\"col-md-4\"><div class=\"cs-column-inner\"><img loading=\"lazy\" decoding=\"async\" width=\"380\" height=\"210\" src=\"https:\/\/www.eurodent.it\/wp-content\/uploads\/2015\/04\/sgabello-4U-e-4U-S-05.jpg\" class=\"attachment-full size-full\" alt=\"\" srcset=\"https:\/\/www.eurodent.it\/wp-content\/uploads\/2015\/04\/sgabello-4U-e-4U-S-05.jpg 380w, https:\/\/www.eurodent.it\/wp-content\/uploads\/2015\/04\/sgabello-4U-e-4U-S-05-300x166.jpg 300w\" sizes=\"auto, (max-width: 380px) 100vw, 380px\" \/><\/div><\/div><\/div><\/div><\/section><div class=\"cs-divider-icon text-center custom-margin\" style=\"margin-top:10pxpx;margin-bottom:10pxpx;\"><div class=\"cs-divider-icon-inner\" style=\"color:#c188bb;border-top-color:#c188bb;\"><i class=\"cs-in fa fa-chevron-down\"><\/i><br \/>\n<\/div><\/div><section class=\"cs-section\"><div class=\"container\"><div class=\"row\"><div class=\"col-md-12\"><div class=\"cs-column-inner\"><div class=\"cs-column-text\"><h4>La qualit\u00e9 sign\u00e9e Eurodent<\/h4>\n<p>Assist est r\u00e9alis\u00e9 avec des mat\u00e9riaux de qualit\u00e9, une fabrication soign\u00e9e, des tests complets.<br \/>\nIl apporte une garantie d\u2019hygi\u00e8ne, gr\u00e2ce aux composants assembl\u00e9s avec pr\u00e9cision qui r\u00e9duisent les interstices et aux surfaces faciles \u00e0 nettoyer.<\/p>\n<\/div><\/div><\/div><\/div><\/div><\/section><div class=\"cs-divider-icon text-center custom-margin\" style=\"margin-top:10pxpx;margin-bottom:10pxpx;\"><div class=\"cs-divider-icon-inner\" style=\"color:#c188bb;border-top-color:#c188bb;\"><i class=\"cs-in fa fa-chevron-down\"><\/i><br \/>\n<\/div><\/div><section class=\"cs-section\"><div class=\"container\"><div class=\"row\"><div class=\"col-md-12\"><div class=\"cs-column-inner\"><div class=\"cs-column-text\"><h4>Investissez en sant\u00e9<\/h4>\n<p>La sant\u00e9 n\u2019a pas de prix. Investissez dans un tabouret de qualit\u00e9 pour vous garantir une posture saine, travailler \u00e0 long terme sans cons\u00e9quences nuisibles et maintenir la rentabilit\u00e9 du cabinet.<\/p>\n<\/div><\/div><\/div><\/div><\/div><\/section><\/div><\/div><\/div><\/div><\/section>\n","protected":false},"excerpt":{"rendered":"<p><span class=\"entry-read-more\"><a href=\"https:\/\/www.eurodent.it\/fr\/tabourets\/assist-et-assist-plus\/\" class=\"cs-btn cs-btn-flat cs-btn-rounded cs-btn-xxs cs-btn-flat-accent\">Lire la suite<\/a><\/span><\/p>\n","protected":false},"author":1,"featured_media":0,"parent":4083,"menu_order":0,"comment_status":"closed","ping_status":"closed","template":"","meta":{"footnotes":""},"class_list":["post-4269","page","type-page","status-publish","hentry"],"yoast_head":"<!-- This site is optimized with the Yoast SEO plugin v23.9 - https:\/\/yoast.com\/wordpress\/plugins\/seo\/ -->\n<title>Assist et Assist Plus - Eurodent - Treat Yourself! - Dental Equipment<\/title>\n<meta name=\"robots\" content=\"index, follow, max-snippet:-1, max-image-preview:large, max-video-preview:-1\" \/>\n<link rel=\"canonical\" href=\"https:\/\/www.eurodent.it\/fr\/tabourets\/assist-et-assist-plus\/\" \/>\n<meta property=\"og:locale\" content=\"fr_FR\" \/>\n<meta property=\"og:type\" content=\"article\" \/>\n<meta property=\"og:title\" content=\"Assist et Assist Plus - Eurodent - Treat Yourself! - Dental Equipment\" \/>\n<meta property=\"og:url\" content=\"https:\/\/www.eurodent.it\/fr\/tabourets\/assist-et-assist-plus\/\" \/>\n<meta property=\"og:site_name\" content=\"Eurodent - Treat Yourself! - Dental Equipment\" \/>\n<meta property=\"article:modified_time\" content=\"2016-03-11T16:29:07+00:00\" \/>\n<meta name=\"twitter:card\" content=\"summary_large_image\" \/>\n<meta name=\"twitter:label1\" content=\"Dur\u00e9e de lecture estim\u00e9e\" \/>\n\t<meta name=\"twitter:data1\" content=\"3 minutes\" \/>\n<script type=\"application\/ld+json\" class=\"yoast-schema-graph\">{\"@context\":\"https:\/\/schema.org\",\"@graph\":[{\"@type\":\"WebPage\",\"@id\":\"https:\/\/www.eurodent.it\/fr\/tabourets\/assist-et-assist-plus\/\",\"url\":\"https:\/\/www.eurodent.it\/fr\/tabourets\/assist-et-assist-plus\/\",\"name\":\"Assist et Assist Plus - Eurodent - Treat Yourself! - Dental Equipment\",\"isPartOf\":{\"@id\":\"https:\/\/www.eurodent.it\/es\/#website\"},\"datePublished\":\"2016-03-11T13:22:53+00:00\",\"dateModified\":\"2016-03-11T16:29:07+00:00\",\"breadcrumb\":{\"@id\":\"https:\/\/www.eurodent.it\/fr\/tabourets\/assist-et-assist-plus\/#breadcrumb\"},\"inLanguage\":\"fr-FR\",\"potentialAction\":[{\"@type\":\"ReadAction\",\"target\":[\"https:\/\/www.eurodent.it\/fr\/tabourets\/assist-et-assist-plus\/\"]}]},{\"@type\":\"BreadcrumbList\",\"@id\":\"https:\/\/www.eurodent.it\/fr\/tabourets\/assist-et-assist-plus\/#breadcrumb\",\"itemListElement\":[{\"@type\":\"ListItem\",\"position\":1,\"name\":\"Home\",\"item\":\"https:\/\/www.eurodent.it\/fr\/\"},{\"@type\":\"ListItem\",\"position\":2,\"name\":\"Tabourets\",\"item\":\"https:\/\/www.eurodent.it\/fr\/tabourets\/\"},{\"@type\":\"ListItem\",\"position\":3,\"name\":\"Assist et Assist Plus\"}]},{\"@type\":\"WebSite\",\"@id\":\"https:\/\/www.eurodent.it\/es\/#website\",\"url\":\"https:\/\/www.eurodent.it\/es\/\",\"name\":\"Eurodent - Treat Yourself! - Dental Equipment\",\"description\":\"\",\"publisher\":{\"@id\":\"https:\/\/www.eurodent.it\/es\/#organization\"},\"potentialAction\":[{\"@type\":\"SearchAction\",\"target\":{\"@type\":\"EntryPoint\",\"urlTemplate\":\"https:\/\/www.eurodent.it\/es\/?s={search_term_string}\"},\"query-input\":{\"@type\":\"PropertyValueSpecification\",\"valueRequired\":true,\"valueName\":\"search_term_string\"}}],\"inLanguage\":\"fr-FR\"},{\"@type\":\"Organization\",\"@id\":\"https:\/\/www.eurodent.it\/es\/#organization\",\"name\":\"Eurodent\",\"url\":\"https:\/\/www.eurodent.it\/es\/\",\"logo\":{\"@type\":\"ImageObject\",\"inLanguage\":\"fr-FR\",\"@id\":\"https:\/\/www.eurodent.it\/es\/#\/schema\/logo\/image\/\",\"url\":\"https:\/\/www.eurodent.it\/wp-content\/uploads\/2015\/02\/logo.png\",\"contentUrl\":\"https:\/\/www.eurodent.it\/wp-content\/uploads\/2015\/02\/logo.png\",\"width\":270,\"height\":60,\"caption\":\"Eurodent\"},\"image\":{\"@id\":\"https:\/\/www.eurodent.it\/es\/#\/schema\/logo\/image\/\"}}]}<\/script>\n<!-- \/ Yoast SEO plugin. -->","yoast_head_json":{"title":"Assist et Assist Plus - Eurodent - Treat Yourself! - Dental Equipment","robots":{"index":"index","follow":"follow","max-snippet":"max-snippet:-1","max-image-preview":"max-image-preview:large","max-video-preview":"max-video-preview:-1"},"canonical":"https:\/\/www.eurodent.it\/fr\/tabourets\/assist-et-assist-plus\/","og_locale":"fr_FR","og_type":"article","og_title":"Assist et Assist Plus - Eurodent - Treat Yourself! - Dental Equipment","og_url":"https:\/\/www.eurodent.it\/fr\/tabourets\/assist-et-assist-plus\/","og_site_name":"Eurodent - Treat Yourself! - Dental Equipment","article_modified_time":"2016-03-11T16:29:07+00:00","twitter_card":"summary_large_image","twitter_misc":{"Dur\u00e9e de lecture estim\u00e9e":"3 minutes"},"schema":{"@context":"https:\/\/schema.org","@graph":[{"@type":"WebPage","@id":"https:\/\/www.eurodent.it\/fr\/tabourets\/assist-et-assist-plus\/","url":"https:\/\/www.eurodent.it\/fr\/tabourets\/assist-et-assist-plus\/","name":"Assist et Assist Plus - Eurodent - Treat Yourself! - Dental Equipment","isPartOf":{"@id":"https:\/\/www.eurodent.it\/es\/#website"},"datePublished":"2016-03-11T13:22:53+00:00","dateModified":"2016-03-11T16:29:07+00:00","breadcrumb":{"@id":"https:\/\/www.eurodent.it\/fr\/tabourets\/assist-et-assist-plus\/#breadcrumb"},"inLanguage":"fr-FR","potentialAction":[{"@type":"ReadAction","target":["https:\/\/www.eurodent.it\/fr\/tabourets\/assist-et-assist-plus\/"]}]},{"@type":"BreadcrumbList","@id":"https:\/\/www.eurodent.it\/fr\/tabourets\/assist-et-assist-plus\/#breadcrumb","itemListElement":[{"@type":"ListItem","position":1,"name":"Home","item":"https:\/\/www.eurodent.it\/fr\/"},{"@type":"ListItem","position":2,"name":"Tabourets","item":"https:\/\/www.eurodent.it\/fr\/tabourets\/"},{"@type":"ListItem","position":3,"name":"Assist et Assist Plus"}]},{"@type":"WebSite","@id":"https:\/\/www.eurodent.it\/es\/#website","url":"https:\/\/www.eurodent.it\/es\/","name":"Eurodent - Treat Yourself! - Dental Equipment","description":"","publisher":{"@id":"https:\/\/www.eurodent.it\/es\/#organization"},"potentialAction":[{"@type":"SearchAction","target":{"@type":"EntryPoint","urlTemplate":"https:\/\/www.eurodent.it\/es\/?s={search_term_string}"},"query-input":{"@type":"PropertyValueSpecification","valueRequired":true,"valueName":"search_term_string"}}],"inLanguage":"fr-FR"},{"@type":"Organization","@id":"https:\/\/www.eurodent.it\/es\/#organization","name":"Eurodent","url":"https:\/\/www.eurodent.it\/es\/","logo":{"@type":"ImageObject","inLanguage":"fr-FR","@id":"https:\/\/www.eurodent.it\/es\/#\/schema\/logo\/image\/","url":"https:\/\/www.eurodent.it\/wp-content\/uploads\/2015\/02\/logo.png","contentUrl":"https:\/\/www.eurodent.it\/wp-content\/uploads\/2015\/02\/logo.png","width":270,"height":60,"caption":"Eurodent"},"image":{"@id":"https:\/\/www.eurodent.it\/es\/#\/schema\/logo\/image\/"}}]}},"_links":{"self":[{"href":"https:\/\/www.eurodent.it\/fr\/wp-json\/wp\/v2\/pages\/4269","targetHints":{"allow":["GET"]}}],"collection":[{"href":"https:\/\/www.eurodent.it\/fr\/wp-json\/wp\/v2\/pages"}],"about":[{"href":"https:\/\/www.eurodent.it\/fr\/wp-json\/wp\/v2\/types\/page"}],"author":[{"embeddable":true,"href":"https:\/\/www.eurodent.it\/fr\/wp-json\/wp\/v2\/users\/1"}],"replies":[{"embeddable":true,"href":"https:\/\/www.eurodent.it\/fr\/wp-json\/wp\/v2\/comments?post=4269"}],"version-history":[{"count":0,"href":"https:\/\/www.eurodent.it\/fr\/wp-json\/wp\/v2\/pages\/4269\/revisions"}],"up":[{"embeddable":true,"href":"https:\/\/www.eurodent.it\/fr\/wp-json\/wp\/v2\/pages\/4083"}],"wp:attachment":[{"href":"https:\/\/www.eurodent.it\/fr\/wp-json\/wp\/v2\/media?parent=4269"}],"curies":[{"name":"wp","href":"https:\/\/api.w.org\/{rel}","templated":true}]}}